{"id":36589,"date":"2019-05-27T08:35:16","date_gmt":"2021-04-22T15:05:43","guid":{"rendered":"https:\/\/www.deltakits.net\/?post_type=product&#038;p=36589"},"modified":"2021-04-22T17:15:47","modified_gmt":"2021-04-22T15:15:47","slug":"griots-75-mm-exzenterschleifer-mit-eu-stecker","status":"publish","type":"product","link":"https:\/\/www.deltakits.net\/de\/shop\/scheinwerfer-restaurierung\/arbeitsmaterial\/exzenterschleifer\/product\/griots-75-mm-exzenterschleifer-mit-eu-stecker\/","title":{"rendered":"Griot&#8217;s 75 mm Exzenterschleifer mit EU Stecker"},"content":{"rendered":"<div class=\"wpb-content-wrapper\"><div class=\"vc_row wpb_row vc_row-fluid\"><div class=\"wpb_column vc_column_container vc_col-sm-12\"><div class=\"vc_column-inner\"><div class=\"wpb_wrapper\">\n\t<div class=\"wpb_text_column wpb_content_element azirspares_custom_6081932365830 \" >\n\t\t<div class=\"wpb_wrapper\">\n\t\t\t<h3>Griot&#8217;s 75 mm Exzenterschleifer (2. Generation)<\/h3>\n<ul>\n<li>Sechs Geschwindigkeitsstufen, mit denen Sie die richtige Geschwindigkeit f\u00fcr die jeweilige Arbeit einstellen k\u00f6nnen, f\u00fcr bessere Kontrolle und Pr\u00e4zision.<\/li>\n<li>Stahlkegelradantrieb, entwickelt f\u00fcr Leichtg\u00e4ngigkeit und Langlebigkeit.<\/li>\n<li>Ein 75 mm gro\u00dfer Schleifteller, der mit jedem 3-Zoll-Zubeh\u00f6r zum Polieren von Lack, Metall und Glas verwendet werden kann. Zum Schleifen, Polieren und zum Auftragen von Wachsen oder Versiegelungen.<\/li>\n<li>Bequemes ergonomisches Design mit Handgriff und Fingermulden f\u00fcr Komfort und Kontrolle.<\/li>\n<li>Motor-Spezifikationen: 2 Ampere\/ 240 Watt<\/li>\n<\/ul>\n<h3>Drei Vorteile von Delta Kits Scheinwerfer-Restaurationsger\u00e4ten und -Zubeh\u00f6r<\/h3>\n<p>Professionelle Scheinwerfer-Restaurierungsspezialisten wissen, dass Delta Kits der Branchenf\u00fchrer bei Qualit\u00e4tsprodukten f\u00fcr die Scheinwerfer-Restaurierung ist. Die Scheinwerfer-Restaurierungssysteme Clear Pro und Clear Pro Plus machen teure H\u00e4rteleuchten und Spr\u00fchger\u00e4te \u00fcberfl\u00fcssig. Schleifscheiben und Werkzeuge sind f\u00fcr maximale Effizienz optimiert. Die Infinity 4.1 <a href=\"https:\/\/www.deltakits.net\/de\/shop\/scheinwerfer-restaurierung\/arbeitsmaterial\/scheinwerfer-chemikalien\/\">Beschichtung<\/a> bietet UV-Schutz, schnelle Trocknungszeiten und dauerhafte Haltbarkeit. Egal ob Sie ein erfahrener Profi oder ein Unternehmer sind, kein anderes Scheinwerfer-Restaurierungssystem ist so einfach zu bedienen und liefert bessere Ergebnisse. LESEN SIE MEHR<\/p>\n<h3>Finden Sie Antworten von Scheinwerfer-Restaurations-Experten im Forum.<\/h3>\n<p><strong>Frage:<\/strong> Ich bin nur neugierig auf Ihre Erfahrungen mit dem Schleifger\u00e4t Ihrer Wahl und warum Sie es anderen vorziehen.<\/p>\n<p><strong>Antwort:<\/strong> Ja: Bei 75 mm Exzenterschleifern sowohl Griots f\u00fcr elektrische als auch Chicago Pneumatic f\u00fcr Druckluft. Zun\u00e4chst testen wir alles, was wir finden k\u00f6nnen, und haben das Gef\u00fchl, dass die Gr\u00f6\u00dfe, Haltbarkeit und Benutzerfreundlichkeit bei Griots und CP kaum zu \u00fcbertreffen ist. Wir dachten wirklich, dass Metabo gro\u00dfartig sein w\u00fcrde, da sie in Deutschland hergestellt werden und einen guten Ruf haben, aber sie verwenden Kunststoffzahnr\u00e4der anstelle von Metall und halten einfach nicht so lange durch wie die Griots. Harbor Freight stellt Druckluftwerkzeuge in 75 mm zu einem guten Preis her, aber sie haben nicht das gleiche Gef\u00fchl oder die gleiche Qualit\u00e4t wie die CP-Werkzeuge. Meine allgemeine Pr\u00e4ferenz ist ein elektrisches Werkzeug und ich benutze die Griots f\u00fcr alles au\u00dfer Nasspolieren. Wenn alle Arbeitsschritte richtig ausgef\u00fchrt werden wie empfohlen, sieht der Scheinwerfer aus wie neu.<\/p>\n\n\t\t<\/div>\n\t<\/div>\n<\/div><\/div><\/div><\/div>\n<\/div>","protected":false},"excerpt":{"rendered":"<p>Entdecken Sie die zahlreichen Vorteile eines Exzenterschleifers bei der Scheinwerfer-Restaurierung. Schneller als das Schleifen von Hand. Der leistungsstarke 240-Volt-Motor l\u00e4uft mit einer variablen Drehzahlregelung mit einem Bereich von 3.500 bis 10.000 Umdrehungen pro Minute.<\/p>\n","protected":false},"featured_media":35308,"comment_status":"open","ping_status":"closed","template":"","meta":{"_acf_changed":false},"product_brand":[],"product_cat":[404,396],"product_tag":[],"class_list":{"0":"post-36589","1":"product","2":"type-product","3":"status-publish","4":"has-post-thumbnail","6":"product_cat-exzenterschleifer","7":"product_cat-scheinwerfer-restaurierung","9":"first","10":"instock","11":"taxable","12":"shipping-taxable","13":"purchasable","14":"product-type-variable","15":"has-default-attributes"},"acf":[],"yoast_head":"<!-- This site is optimized with the Yoast SEO plugin v27.0 - https:\/\/yoast.com\/product\/yoast-seo-wordpress\/ -->\n<title>Griot&#039;s 75 mm Exzenterschleifer mit EU Stecker - Delta Kits<\/title>\n<meta name=\"description\" content=\"Griot&#039;s 75 mm Exzenterschleifer mit Sechs Geschwindigkeitsstufen, Stahlkegelradantrieb, ergonomisches Design mit Handgriff und Fingermulden.\" \/>\n<meta name=\"robots\" content=\"index, follow, max-snippet:-1, max-image-preview:large, max-video-preview:-1\" \/>\n<link rel=\"canonical\" href=\"https:\/\/www.deltakits.net\/de\/shop\/scheinwerfer-restaurierung\/arbeitsmaterial\/exzenterschleifer\/product\/griots-75-mm-exzenterschleifer-mit-eu-stecker\/\" \/>\n<meta property=\"og:locale\" content=\"de_DE\" \/>\n<meta property=\"og:type\" content=\"article\" \/>\n<meta property=\"og:title\" content=\"Griot&#039;s 75 mm Exzenterschleifer mit EU Stecker - Delta Kits\" \/>\n<meta property=\"og:description\" content=\"Griot&#039;s 75 mm Exzenterschleifer mit Sechs Geschwindigkeitsstufen, Stahlkegelradantrieb, ergonomisches Design mit Handgriff und Fingermulden.\" \/>\n<meta property=\"og:url\" content=\"https:\/\/www.deltakits.net\/de\/shop\/scheinwerfer-restaurierung\/arbeitsmaterial\/exzenterschleifer\/product\/griots-75-mm-exzenterschleifer-mit-eu-stecker\/\" \/>\n<meta property=\"og:site_name\" content=\"Delta Kits\" \/>\n<meta property=\"og:image\" content=\"https:\/\/www.deltakits.net\/wp-content\/uploads\/58010_DeltaKits-1.jpg\" \/>\n\t<meta property=\"og:image:width\" content=\"1000\" \/>\n\t<meta property=\"og:image:height\" content=\"1000\" \/>\n\t<meta property=\"og:image:type\" content=\"image\/jpeg\" \/>\n<meta name=\"twitter:card\" content=\"summary_large_image\" \/>\n<meta name=\"twitter:label1\" content=\"Gesch\u00e4tzte Lesezeit\" \/>\n\t<meta name=\"twitter:data1\" content=\"2\u00a0Minuten\" \/>\n<script type=\"application\/ld+json\" class=\"yoast-schema-graph\">{\"@context\":\"https:\/\/schema.org\",\"@graph\":[]}<\/script>\n<!-- \/ Yoast SEO plugin. -->","yoast_head_json":{"title":"Griot's 75 mm Exzenterschleifer mit EU Stecker - Delta Kits","description":"Griot's 75 mm Exzenterschleifer mit Sechs Geschwindigkeitsstufen, Stahlkegelradantrieb, ergonomisches Design mit Handgriff und Fingermulden.","robots":{"index":"index","follow":"follow","max-snippet":"max-snippet:-1","max-image-preview":"max-image-preview:large","max-video-preview":"max-video-preview:-1"},"canonical":"https:\/\/www.deltakits.net\/de\/shop\/scheinwerfer-restaurierung\/arbeitsmaterial\/exzenterschleifer\/product\/griots-75-mm-exzenterschleifer-mit-eu-stecker\/","og_locale":"de_DE","og_type":"article","og_title":"Griot's 75 mm Exzenterschleifer mit EU Stecker - Delta Kits","og_description":"Griot's 75 mm Exzenterschleifer mit Sechs Geschwindigkeitsstufen, Stahlkegelradantrieb, ergonomisches Design mit Handgriff und Fingermulden.","og_url":"https:\/\/www.deltakits.net\/de\/shop\/scheinwerfer-restaurierung\/arbeitsmaterial\/exzenterschleifer\/product\/griots-75-mm-exzenterschleifer-mit-eu-stecker\/","og_site_name":"Delta Kits","og_image":[{"width":1000,"height":1000,"url":"https:\/\/www.deltakits.net\/wp-content\/uploads\/58010_DeltaKits-1.jpg","type":"image\/jpeg"}],"twitter_card":"summary_large_image","twitter_misc":{"Gesch\u00e4tzte Lesezeit":"2\u00a0Minuten"},"schema":{"@context":"https:\/\/schema.org","@graph":[]}},"_links":{"self":[{"href":"https:\/\/www.deltakits.net\/de\/wp-json\/wp\/v2\/product\/36589","targetHints":{"allow":["GET"]}}],"collection":[{"href":"https:\/\/www.deltakits.net\/de\/wp-json\/wp\/v2\/product"}],"about":[{"href":"https:\/\/www.deltakits.net\/de\/wp-json\/wp\/v2\/types\/product"}],"replies":[{"embeddable":true,"href":"https:\/\/www.deltakits.net\/de\/wp-json\/wp\/v2\/comments?post=36589"}],"wp:featuredmedia":[{"embeddable":true,"href":"https:\/\/www.deltakits.net\/de\/wp-json\/wp\/v2\/media\/35308"}],"wp:attachment":[{"href":"https:\/\/www.deltakits.net\/de\/wp-json\/wp\/v2\/media?parent=36589"}],"wp:term":[{"taxonomy":"product_brand","embeddable":true,"href":"https:\/\/www.deltakits.net\/de\/wp-json\/wp\/v2\/product_brand?post=36589"},{"taxonomy":"product_cat","embeddable":true,"href":"https:\/\/www.deltakits.net\/de\/wp-json\/wp\/v2\/product_cat?post=36589"},{"taxonomy":"product_tag","embeddable":true,"href":"https:\/\/www.deltakits.net\/de\/wp-json\/wp\/v2\/product_tag?post=36589"}],"curies":[{"name":"wp","href":"https:\/\/api.w.org\/{rel}","templated":true}]}}