{"id":36013,"date":"2019-05-27T08:35:17","date_gmt":"2019-05-27T15:35:17","guid":{"rendered":"https:\/\/www.deltakits.net\/shop\/unkategorisiert\/product\/infinity-4-1-material-nachfuellpaket\/"},"modified":"2021-03-25T02:29:29","modified_gmt":"2021-03-25T09:29:29","slug":"infinity-4-1-material-nachfuellpaket","status":"publish","type":"product","link":"https:\/\/www.deltakits.net\/de\/shop\/scheinwerfer-restaurierung\/arbeitsmaterial\/nachfuellpakete\/product\/infinity-4-1-material-nachfuellpaket\/","title":{"rendered":"Infinity 4.1 Material Nachf\u00fcllpaket"},"content":{"rendered":"<p>Exklusive Scheinwerfer-Restaurierungs-<a href=\"https:\/\/www.deltakits.net\/de\/shop\/scheinwerfer-restaurierung\/arbeitsmaterial\/scheinwerfer-chemikalien\/\">Beschichtung<\/a> in einem kostensparenden Nachf\u00fcll-Kit. Das Kit enth\u00e4lt Schleifscheiben, Clean2Prep Spray und Infinity 4.1.<\/p>\n<p>Artikel im Nachf\u00fcllpaket:<\/p>\n<p>54110 Infinity 4.1 Scheinwerfer-Restaurationsbeschichtung mit Messzylinder*.<br \/>\n54200 Clean2Prep (eine 240-ml-Flasche)<br \/>\n56000 Schleifscheibe mit 180er K\u00f6rnung (ein 10er-Pack)<br \/>\n56020 Schleifscheibe K\u00f6rnung 320 (eine Packung mit 30 St\u00fcck)<br \/>\n56025 Schleifscheibe mit 500er K\u00f6rnung (eine Packung mit 30 St\u00fcck)<br \/>\n56034 Schleifscheibe K\u00f6rnung 800 (ein 30er-Pack)<br \/>\n56036 Schleifscheibe K\u00f6rnung 1200 (ein 30er-Pack)<br \/>\n56040 Schleifscheibe K\u00f6rnung 1500 (ein 30er-Pack)<br \/>\n56060 Schleifscheibe K\u00f6rnung 3000 (30er-Pack)<br \/>\n56100 Interface Pad (1)<br \/>\nZweifelsohne das beste Scheinwerfer-Restaurierungs-Set der Branche.<\/p>\n<p>* Die Haltbarkeit von Infinity 4.1 betr\u00e4gt unge\u00f6ffnet mindestens 1 Jahr oder ge\u00f6ffnet 6 Monate.<\/p>\n","protected":false},"excerpt":{"rendered":"<p>Exklusive Scheinwerfer-Restaurierungs-Beschichtung in einem kostensparenden Nachf\u00fcll-Kit. Das Kit enth\u00e4lt Schleifscheiben, Clean2Prep Spray und Infinity 4.1.<\/p>\n","protected":false},"featured_media":21525,"comment_status":"open","ping_status":"closed","template":"","meta":{"_acf_changed":false},"product_brand":[],"product_cat":[403,396,400],"product_tag":[],"class_list":{"0":"post-36013","1":"product","2":"type-product","3":"status-publish","4":"has-post-thumbnail","6":"product_cat-nachfuellpakete","7":"product_cat-scheinwerfer-restaurierung","8":"product_cat-arbeitsmaterial","10":"first","11":"instock","12":"taxable","13":"shipping-taxable","14":"purchasable","15":"product-type-simple"},"acf":[],"yoast_head":"<!-- This site is optimized with the Yoast SEO plugin v27.0 - https:\/\/yoast.com\/product\/yoast-seo-wordpress\/ -->\n<title>Infinita 4.1 Nachf\u00fcllpaket Delta Kits<\/title>\n<meta name=\"description\" content=\"Exklusive Scheinwerfer-Restaurierungs-Beschichtung in einem kostensparenden Nachf\u00fcll-Kit.\" \/>\n<meta name=\"robots\" content=\"index, follow, max-snippet:-1, max-image-preview:large, max-video-preview:-1\" \/>\n<link rel=\"canonical\" href=\"https:\/\/www.deltakits.net\/de\/shop\/scheinwerfer-restaurierung\/arbeitsmaterial\/nachfuellpakete\/product\/infinity-4-1-material-nachfuellpaket\/\" \/>\n<meta property=\"og:locale\" content=\"de_DE\" \/>\n<meta property=\"og:type\" content=\"article\" \/>\n<meta property=\"og:title\" content=\"Infinita 4.1 Nachf\u00fcllpaket Delta Kits\" \/>\n<meta property=\"og:description\" content=\"Exklusive Scheinwerfer-Restaurierungs-Beschichtung in einem kostensparenden Nachf\u00fcll-Kit.\" \/>\n<meta property=\"og:url\" content=\"https:\/\/www.deltakits.net\/de\/shop\/scheinwerfer-restaurierung\/arbeitsmaterial\/nachfuellpakete\/product\/infinity-4-1-material-nachfuellpaket\/\" \/>\n<meta property=\"og:site_name\" content=\"Delta Kits\" \/>\n<meta property=\"og:image\" content=\"https:\/\/www.deltakits.net\/wp-content\/uploads\/2018\/10\/slide-1.jpg\" \/>\n\t<meta property=\"og:image:width\" content=\"1920\" \/>\n\t<meta property=\"og:image:height\" content=\"677\" \/>\n\t<meta property=\"og:image:type\" content=\"image\/jpeg\" \/>\n<meta name=\"twitter:card\" content=\"summary_large_image\" \/>\n<script type=\"application\/ld+json\" class=\"yoast-schema-graph\">{\"@context\":\"https:\/\/schema.org\",\"@graph\":[]}<\/script>\n<!-- \/ Yoast SEO plugin. -->","yoast_head_json":{"title":"Infinita 4.1 Nachf\u00fcllpaket Delta Kits","description":"Exklusive Scheinwerfer-Restaurierungs-Beschichtung in einem kostensparenden Nachf\u00fcll-Kit.","robots":{"index":"index","follow":"follow","max-snippet":"max-snippet:-1","max-image-preview":"max-image-preview:large","max-video-preview":"max-video-preview:-1"},"canonical":"https:\/\/www.deltakits.net\/de\/shop\/scheinwerfer-restaurierung\/arbeitsmaterial\/nachfuellpakete\/product\/infinity-4-1-material-nachfuellpaket\/","og_locale":"de_DE","og_type":"article","og_title":"Infinita 4.1 Nachf\u00fcllpaket Delta Kits","og_description":"Exklusive Scheinwerfer-Restaurierungs-Beschichtung in einem kostensparenden Nachf\u00fcll-Kit.","og_url":"https:\/\/www.deltakits.net\/de\/shop\/scheinwerfer-restaurierung\/arbeitsmaterial\/nachfuellpakete\/product\/infinity-4-1-material-nachfuellpaket\/","og_site_name":"Delta Kits","og_image":[{"width":1920,"height":677,"url":"https:\/\/www.deltakits.net\/wp-content\/uploads\/2018\/10\/slide-1.jpg","type":"image\/jpeg"}],"twitter_card":"summary_large_image","schema":{"@context":"https:\/\/schema.org","@graph":[]}},"_links":{"self":[{"href":"https:\/\/www.deltakits.net\/de\/wp-json\/wp\/v2\/product\/36013","targetHints":{"allow":["GET"]}}],"collection":[{"href":"https:\/\/www.deltakits.net\/de\/wp-json\/wp\/v2\/product"}],"about":[{"href":"https:\/\/www.deltakits.net\/de\/wp-json\/wp\/v2\/types\/product"}],"replies":[{"embeddable":true,"href":"https:\/\/www.deltakits.net\/de\/wp-json\/wp\/v2\/comments?post=36013"}],"wp:featuredmedia":[{"embeddable":true,"href":"https:\/\/www.deltakits.net\/de\/wp-json\/wp\/v2\/media\/21525"}],"wp:attachment":[{"href":"https:\/\/www.deltakits.net\/de\/wp-json\/wp\/v2\/media?parent=36013"}],"wp:term":[{"taxonomy":"product_brand","embeddable":true,"href":"https:\/\/www.deltakits.net\/de\/wp-json\/wp\/v2\/product_brand?post=36013"},{"taxonomy":"product_cat","embeddable":true,"href":"https:\/\/www.deltakits.net\/de\/wp-json\/wp\/v2\/product_cat?post=36013"},{"taxonomy":"product_tag","embeddable":true,"href":"https:\/\/www.deltakits.net\/de\/wp-json\/wp\/v2\/product_tag?post=36013"}],"curies":[{"name":"wp","href":"https:\/\/api.w.org\/{rel}","templated":true}]}}