{"id":36010,"date":"2019-05-27T08:35:16","date_gmt":"2019-05-27T15:35:16","guid":{"rendered":"https:\/\/www.deltakits.net\/shop\/unkategorisiert\/product\/ersatz-schleifteller-75-mm-fuer-den-griots-exzenterschleifer\/"},"modified":"2021-03-25T02:35:09","modified_gmt":"2021-03-25T09:35:09","slug":"ersatz-schleifteller-75-mm-fuer-den-griots-exzenterschleifer","status":"publish","type":"product","link":"https:\/\/www.deltakits.net\/de\/shop\/scheinwerfer-restaurierung\/ersatzteile\/product\/ersatz-schleifteller-75-mm-fuer-den-griots-exzenterschleifer\/","title":{"rendered":"Ersatz-Schleifteller 75 mm f\u00fcr den Griots Exzenterschleifer"},"content":{"rendered":"<p>Ersatz-Schleifteller mit Klettsystem f\u00fcr den 75 mm Exzenterschleifer von Griot&#8217;s Professional. Der Ersatzschleifteller besteht aus geformtem Urethan, einem Material, das flexibel und dennoch unglaublich haltbar ist. Stabile Klettfl\u00e4che zur Verwendung mit 75 mm Klettschleifscheiben. Einfaches Entfernen und Auswechseln der Schleifscheiben. Bolzengr\u00f6\u00dfe: 8 mm (5\/16 Zoll)<\/p>\n","protected":false},"excerpt":{"rendered":"<p>Ersatz-Schleifteller mit Klettsystem f\u00fcr den 75 mm Exzenterschleifer von Griot&#8217;s Professional.<\/p>\n","protected":false},"featured_media":35310,"comment_status":"open","ping_status":"closed","template":"","meta":{"_acf_changed":false},"product_brand":[],"product_cat":[399],"product_tag":[],"class_list":{"0":"post-36010","1":"product","2":"type-product","3":"status-publish","4":"has-post-thumbnail","6":"product_cat-ersatzteile","8":"first","9":"instock","10":"taxable","11":"shipping-taxable","12":"purchasable","13":"product-type-simple"},"acf":[],"yoast_head":"<!-- This site is optimized with the Yoast SEO plugin v27.0 - https:\/\/yoast.com\/product\/yoast-seo-wordpress\/ -->\n<title>Ersatz-Schleifteller mit Klettsystem f\u00fcr den 75 mm Exzenterschleifer<\/title>\n<meta name=\"description\" content=\"Ersatz-Schleifteller mit Klettsystem f\u00fcr den 75 mm Exzenterschleifer von Griot&#039;s Professional.\" \/>\n<meta name=\"robots\" content=\"index, follow, max-snippet:-1, max-image-preview:large, max-video-preview:-1\" \/>\n<link rel=\"canonical\" href=\"https:\/\/www.deltakits.net\/de\/shop\/scheinwerfer-restaurierung\/ersatzteile\/product\/ersatz-schleifteller-75-mm-fuer-den-griots-exzenterschleifer\/\" \/>\n<meta property=\"og:locale\" content=\"de_DE\" \/>\n<meta property=\"og:type\" content=\"article\" \/>\n<meta property=\"og:title\" content=\"Ersatz-Schleifteller mit Klettsystem f\u00fcr den 75 mm Exzenterschleifer\" \/>\n<meta property=\"og:description\" content=\"Ersatz-Schleifteller mit Klettsystem f\u00fcr den 75 mm Exzenterschleifer von Griot&#039;s Professional.\" \/>\n<meta property=\"og:url\" content=\"https:\/\/www.deltakits.net\/de\/shop\/scheinwerfer-restaurierung\/ersatzteile\/product\/ersatz-schleifteller-75-mm-fuer-den-griots-exzenterschleifer\/\" \/>\n<meta property=\"og:site_name\" content=\"Delta Kits\" \/>\n<meta property=\"og:image\" content=\"https:\/\/www.deltakits.net\/wp-content\/uploads\/58030_3_inche_Replacement_Backing_Plate_Delta_Kits3-1.jpg\" \/>\n\t<meta property=\"og:image:width\" content=\"1000\" \/>\n\t<meta property=\"og:image:height\" content=\"1000\" \/>\n\t<meta property=\"og:image:type\" content=\"image\/jpeg\" \/>\n<meta name=\"twitter:card\" content=\"summary_large_image\" \/>\n<script type=\"application\/ld+json\" class=\"yoast-schema-graph\">{\"@context\":\"https:\/\/schema.org\",\"@graph\":[]}<\/script>\n<!-- \/ Yoast SEO plugin. -->","yoast_head_json":{"title":"Ersatz-Schleifteller mit Klettsystem f\u00fcr den 75 mm Exzenterschleifer","description":"Ersatz-Schleifteller mit Klettsystem f\u00fcr den 75 mm Exzenterschleifer von Griot's Professional.","robots":{"index":"index","follow":"follow","max-snippet":"max-snippet:-1","max-image-preview":"max-image-preview:large","max-video-preview":"max-video-preview:-1"},"canonical":"https:\/\/www.deltakits.net\/de\/shop\/scheinwerfer-restaurierung\/ersatzteile\/product\/ersatz-schleifteller-75-mm-fuer-den-griots-exzenterschleifer\/","og_locale":"de_DE","og_type":"article","og_title":"Ersatz-Schleifteller mit Klettsystem f\u00fcr den 75 mm Exzenterschleifer","og_description":"Ersatz-Schleifteller mit Klettsystem f\u00fcr den 75 mm Exzenterschleifer von Griot's Professional.","og_url":"https:\/\/www.deltakits.net\/de\/shop\/scheinwerfer-restaurierung\/ersatzteile\/product\/ersatz-schleifteller-75-mm-fuer-den-griots-exzenterschleifer\/","og_site_name":"Delta Kits","og_image":[{"width":1000,"height":1000,"url":"https:\/\/www.deltakits.net\/wp-content\/uploads\/58030_3_inche_Replacement_Backing_Plate_Delta_Kits3-1.jpg","type":"image\/jpeg"}],"twitter_card":"summary_large_image","schema":{"@context":"https:\/\/schema.org","@graph":[]}},"_links":{"self":[{"href":"https:\/\/www.deltakits.net\/de\/wp-json\/wp\/v2\/product\/36010","targetHints":{"allow":["GET"]}}],"collection":[{"href":"https:\/\/www.deltakits.net\/de\/wp-json\/wp\/v2\/product"}],"about":[{"href":"https:\/\/www.deltakits.net\/de\/wp-json\/wp\/v2\/types\/product"}],"replies":[{"embeddable":true,"href":"https:\/\/www.deltakits.net\/de\/wp-json\/wp\/v2\/comments?post=36010"}],"wp:featuredmedia":[{"embeddable":true,"href":"https:\/\/www.deltakits.net\/de\/wp-json\/wp\/v2\/media\/35310"}],"wp:attachment":[{"href":"https:\/\/www.deltakits.net\/de\/wp-json\/wp\/v2\/media?parent=36010"}],"wp:term":[{"taxonomy":"product_brand","embeddable":true,"href":"https:\/\/www.deltakits.net\/de\/wp-json\/wp\/v2\/product_brand?post=36010"},{"taxonomy":"product_cat","embeddable":true,"href":"https:\/\/www.deltakits.net\/de\/wp-json\/wp\/v2\/product_cat?post=36010"},{"taxonomy":"product_tag","embeddable":true,"href":"https:\/\/www.deltakits.net\/de\/wp-json\/wp\/v2\/product_tag?post=36010"}],"curies":[{"name":"wp","href":"https:\/\/api.w.org\/{rel}","templated":true}]}}