{"id":36005,"date":"2019-05-27T08:35:15","date_gmt":"2019-05-27T15:35:15","guid":{"rendered":"https:\/\/www.deltakits.net\/shop\/unkategorisiert\/product\/ersatz-motorbuersten-fuer-den-griots-exzenterschleifer\/"},"modified":"2023-01-06T10:00:43","modified_gmt":"2023-01-06T09:00:43","slug":"ersatz-motorbuersten-fuer-den-griots-exzenterschleifer","status":"publish","type":"product","link":"https:\/\/www.deltakits.net\/de\/shop\/scheinwerfer-restaurierung\/arbeitsmaterial\/exzenterschleifer\/product\/ersatz-motorbuersten-fuer-den-griots-exzenterschleifer\/","title":{"rendered":"Ersatz-Motorb\u00fcrsten f\u00fcr den Griots Exzenterschleifer"},"content":{"rendered":"<p>Ein Paar Ersatz-Motorb\u00fcrsten f\u00fcr den Griot&#8217;s Professional 75 mm Exzenterschleifer, erh\u00e4ltlich in 120 Volt oder 240 Volt.<\/p>\n<p>Schritt-f\u00fcr-Schritt-Anleitungsvideo, das erkl\u00e4rt, wie man die Griot&#8217;s Sander Motorb\u00fcrsten an einem 75 mm Exzenterschleifer auswechselt. Verwenden Sie den 75 mm Exzenterschleifer in den Delta Kits Scheinwerfer-Restaurationssystemen, um Oxidation von Scheinwerfern zu entfernen. Verwenden Sie bei der Restaurierung von Scheinwerfern einen professionellen Exzenterschleifer, um ein gleichm\u00e4\u00dfiges Schleifbild zu erzielen. Vermeiden Sie auf der Scheinwerferlinse Verbrennungsspuren, die mit herk\u00f6mmlichen Schleifern oft problematisch sind. Im Gegensatz zu Metabos oder anderen Exzenterschleifern mit Kunststoffgetriebe sorgen die Metallzahnr\u00e4der im Inneren von Griots Exzenterschleifern f\u00fcr eine dauerhafte und langlebige Leistung des Exzenterschleifers.<\/p>\n","protected":false},"excerpt":{"rendered":"<p>Ein Paar Ersatz-Motorb\u00fcrsten f\u00fcr den Griot&#8217;s Professional 75 mm Exzenterschleifer,<\/p>\n","protected":false},"featured_media":35306,"comment_status":"open","ping_status":"closed","template":"","meta":{"_acf_changed":false},"product_brand":[],"product_cat":[399,404,396],"product_tag":[],"class_list":{"0":"post-36005","1":"product","2":"type-product","3":"status-publish","4":"has-post-thumbnail","6":"product_cat-ersatzteile","7":"product_cat-exzenterschleifer","8":"product_cat-scheinwerfer-restaurierung","10":"first","11":"instock","12":"taxable","13":"shipping-taxable","14":"purchasable","15":"product-type-simple"},"acf":[],"yoast_head":"<!-- This site is optimized with the Yoast SEO plugin v27.0 - https:\/\/yoast.com\/product\/yoast-seo-wordpress\/ -->\n<title>Ersatz-Motorb\u00fcrsten f\u00fcr den Griot&#039;s Professional 75 mm Exzenterschleifer,<\/title>\n<meta name=\"description\" content=\"Ein Paar Ersatz-Motorb\u00fcrsten f\u00fcr den Griot&#039;s Professional 75 mm Exzenterschleifer,\" \/>\n<meta name=\"robots\" content=\"index, follow, max-snippet:-1, max-image-preview:large, max-video-preview:-1\" \/>\n<link rel=\"canonical\" href=\"https:\/\/www.deltakits.net\/de\/shop\/scheinwerfer-restaurierung\/arbeitsmaterial\/exzenterschleifer\/product\/ersatz-motorbuersten-fuer-den-griots-exzenterschleifer\/\" \/>\n<meta property=\"og:locale\" content=\"de_DE\" \/>\n<meta property=\"og:type\" content=\"article\" \/>\n<meta property=\"og:title\" content=\"Ersatz-Motorb\u00fcrsten f\u00fcr den Griot&#039;s Professional 75 mm Exzenterschleifer,\" \/>\n<meta property=\"og:description\" content=\"Ein Paar Ersatz-Motorb\u00fcrsten f\u00fcr den Griot&#039;s Professional 75 mm Exzenterschleifer,\" \/>\n<meta property=\"og:url\" content=\"https:\/\/www.deltakits.net\/de\/shop\/scheinwerfer-restaurierung\/arbeitsmaterial\/exzenterschleifer\/product\/ersatz-motorbuersten-fuer-den-griots-exzenterschleifer\/\" \/>\n<meta property=\"og:site_name\" content=\"Delta Kits\" \/>\n<meta property=\"og:image\" content=\"https:\/\/www.deltakits.net\/wp-content\/uploads\/58000_DeltaKits-1.jpg\" \/>\n\t<meta property=\"og:image:width\" content=\"1000\" \/>\n\t<meta property=\"og:image:height\" content=\"1000\" \/>\n\t<meta property=\"og:image:type\" content=\"image\/jpeg\" \/>\n<meta name=\"twitter:card\" content=\"summary_large_image\" \/>\n<meta name=\"twitter:label1\" content=\"Gesch\u00e4tzte Lesezeit\" \/>\n\t<meta name=\"twitter:data1\" content=\"1\u00a0Minute\" \/>\n<script type=\"application\/ld+json\" class=\"yoast-schema-graph\">{\"@context\":\"https:\/\/schema.org\",\"@graph\":[]}<\/script>\n<!-- \/ Yoast SEO plugin. -->","yoast_head_json":{"title":"Ersatz-Motorb\u00fcrsten f\u00fcr den Griot's Professional 75 mm Exzenterschleifer,","description":"Ein Paar Ersatz-Motorb\u00fcrsten f\u00fcr den Griot's Professional 75 mm Exzenterschleifer,","robots":{"index":"index","follow":"follow","max-snippet":"max-snippet:-1","max-image-preview":"max-image-preview:large","max-video-preview":"max-video-preview:-1"},"canonical":"https:\/\/www.deltakits.net\/de\/shop\/scheinwerfer-restaurierung\/arbeitsmaterial\/exzenterschleifer\/product\/ersatz-motorbuersten-fuer-den-griots-exzenterschleifer\/","og_locale":"de_DE","og_type":"article","og_title":"Ersatz-Motorb\u00fcrsten f\u00fcr den Griot's Professional 75 mm Exzenterschleifer,","og_description":"Ein Paar Ersatz-Motorb\u00fcrsten f\u00fcr den Griot's Professional 75 mm Exzenterschleifer,","og_url":"https:\/\/www.deltakits.net\/de\/shop\/scheinwerfer-restaurierung\/arbeitsmaterial\/exzenterschleifer\/product\/ersatz-motorbuersten-fuer-den-griots-exzenterschleifer\/","og_site_name":"Delta Kits","og_image":[{"width":1000,"height":1000,"url":"https:\/\/www.deltakits.net\/wp-content\/uploads\/58000_DeltaKits-1.jpg","type":"image\/jpeg"}],"twitter_card":"summary_large_image","twitter_misc":{"Gesch\u00e4tzte Lesezeit":"1\u00a0Minute"},"schema":{"@context":"https:\/\/schema.org","@graph":[]}},"_links":{"self":[{"href":"https:\/\/www.deltakits.net\/de\/wp-json\/wp\/v2\/product\/36005","targetHints":{"allow":["GET"]}}],"collection":[{"href":"https:\/\/www.deltakits.net\/de\/wp-json\/wp\/v2\/product"}],"about":[{"href":"https:\/\/www.deltakits.net\/de\/wp-json\/wp\/v2\/types\/product"}],"replies":[{"embeddable":true,"href":"https:\/\/www.deltakits.net\/de\/wp-json\/wp\/v2\/comments?post=36005"}],"wp:featuredmedia":[{"embeddable":true,"href":"https:\/\/www.deltakits.net\/de\/wp-json\/wp\/v2\/media\/35306"}],"wp:attachment":[{"href":"https:\/\/www.deltakits.net\/de\/wp-json\/wp\/v2\/media?parent=36005"}],"wp:term":[{"taxonomy":"product_brand","embeddable":true,"href":"https:\/\/www.deltakits.net\/de\/wp-json\/wp\/v2\/product_brand?post=36005"},{"taxonomy":"product_cat","embeddable":true,"href":"https:\/\/www.deltakits.net\/de\/wp-json\/wp\/v2\/product_cat?post=36005"},{"taxonomy":"product_tag","embeddable":true,"href":"https:\/\/www.deltakits.net\/de\/wp-json\/wp\/v2\/product_tag?post=36005"}],"curies":[{"name":"wp","href":"https:\/\/api.w.org\/{rel}","templated":true}]}}