{"id":35997,"date":"2021-04-27T08:35:13","date_gmt":"2019-05-27T15:35:13","guid":{"rendered":"https:\/\/www.deltakits.net\/shop\/unkategorisiert\/product\/scheinwerfer-restaurierung-schleifscheiben-75-mm\/"},"modified":"2021-05-07T07:38:09","modified_gmt":"2021-05-07T05:38:09","slug":"scheinwerfer-restaurierung-schleifscheiben-75-mm","status":"publish","type":"product","link":"https:\/\/www.deltakits.net\/de\/shop\/scheinwerfer-restaurierung\/arbeitsmaterial\/schleif-und-polierscheiben\/product\/scheinwerfer-restaurierung-schleifscheiben-75-mm\/","title":{"rendered":"Scheinwerfer Restaurierung Schleifscheiben 75 mm"},"content":{"rendered":"<div class=\"wpb-content-wrapper\"><div class=\"vc_row wpb_row vc_row-fluid\"><div class=\"wpb_column vc_column_container vc_col-sm-12\"><div class=\"vc_column-inner\"><div class=\"wpb_wrapper\">\n\t<div class=\"wpb_text_column wpb_content_element azirspares_custom_6094d24137201 \" >\n\t\t<div class=\"wpb_wrapper\">\n\t\t\t<p>Die Schleifscheiben 75 mm werden zum Schleifen bei der Scheinwerfer-Restaurierung verwendet.  Sobald der erste Schleifvorgang mit der 180er-K\u00f6rnung abgeschlossen ist, setzen Sie den regul\u00e4ren Schleifvorgang mit den:<\/p>\n<ul>\n<li><a href=\"\/de\/shop\/scheinwerfer-restaurierung\/arbeitsmaterial\/schleif-und-polierscheiben\/product\/scheinwerfer-restaurierung-schleifscheiben-75-mm\/?attribute_pa_sanding-discs-grits=180-schleifscheibe-koernung-ein-pkg-50\" data-mce-tmp=\"1\">180 Schleifscheibe<\/a><\/li>\n<li><a title=\"320 Schleifscheibe\" href=\"\/de\/shop\/scheinwerfer-restaurierung\/arbeitsmaterial\/schleif-und-polierscheiben\/product\/scheinwerfer-restaurierung-schleifscheiben-75-mm\/?attribute_pa_sanding-discs-grits=320-schleifscheibe-koernung-ein-pkg-50\">Schleifscheibe 320<\/a><\/li>\n<li><a title=\"500 Schleifscheibe\" href=\"\/de\/shop\/scheinwerfer-restaurierung\/arbeitsmaterial\/schleif-und-polierscheiben\/product\/scheinwerfer-restaurierung-schleifscheiben-75-mm\/?attribute_pa_sanding-discs-grits=500-schleifscheibe-koernung-ein-pkg-50\">Schleifscheibe 500<\/a><\/li>\n<li><a title=\"800 Schleifscheibe\" href=\"\/de\/shop\/scheinwerfer-restaurierung\/arbeitsmaterial\/schleif-und-polierscheiben\/product\/scheinwerfer-restaurierung-schleifscheiben-75-mm\/?attribute_pa_sanding-discs-grits=800-schleifscheibe-koernung-ein-pkg-50\">Schleifscheibe 800<\/a><\/li>\n<li><a title=\"1200 Schleifscheibe\" href=\"\/de\/shop\/scheinwerfer-restaurierung\/arbeitsmaterial\/schleif-und-polierscheiben\/product\/scheinwerfer-restaurierung-schleifscheiben-75-mm\/?attribute_pa_sanding-discs-grits=1200-schleifscheibe-koernung-ein-pkg-50\">Schleifscheibe 1200<\/a><\/li>\n<li><a title=\"1500 Schleifscheibe\" href=\"\/de\/shop\/scheinwerfer-restaurierung\/arbeitsmaterial\/schleif-und-polierscheiben\/product\/scheinwerfer-restaurierung-schleifscheiben-75-mm\/?attribute_pa_sanding-discs-grits=1500-schleifscheibe-koernung-ein-pkg-50\">Schleifscheibe 1500<\/a><\/li>\n<\/ul>\n<p>Folgen mit der <a href=\"\/de\/shop\/scheinwerfer-restaurierung\/arbeitsmaterial\/schleif-und-polierscheiben\/product\/75-mm-polierscheibe-fuer-scheinwerfer-restaurierung\/\">75 mm Polierscheibe f\u00fcr Scheinwerfer Restaurierung.<\/a><\/p>\n<p>Schleifpapier ist nicht gleich Schleifpapier!<br \/>\nDie Verwendung der richtigen Schleifscheiben ist von entscheidender Bedeutung, um sicherzustellen, dass jede Ihrer Scheinwerfer-Restaurierungen mit optimaler Qualit\u00e4t abgeschlossen wird. Einige Schleifmaterialien auf dem Markt kosten mehr als andere, aber das bedeutet nicht, dass sie besser arbeiten. Au\u00dferdem gibt es eine \u00fcberw\u00e4ltigende Anzahl von K\u00f6rnungen, aus denen Sie w\u00e4hlen k\u00f6nnen. Delta Kits nimmt Ihnen die Arbeit ab, indem wir verschiedene Schleifmaterialien ausgiebig recherchieren und testen, um sicherzustellen, dass Sie mit Ihrem Scheinwerfer-Restaurierungssystem eine optimale Qualit\u00e4t zum bestm\u00f6glichen Preis erzielen. Hier sind ein paar Dinge, auf die wir beim Testen verschiedener Schleifscheiben gesto\u00dfen sind:<\/p>\n<p>F: Wodurch unterscheidet sich eine Marke von einer anderen?<\/p>\n<p>A: Delta Kits testet st\u00e4ndig eine Vielzahl von Schleifscheiben, bevor wir die ausw\u00e4hlen, die wir in unseren Systemen anbieten. Beim Vergleich zeigt sich, dass sich einige Marken viel schneller mit Ablagerungen zusetzen als andere. Am wichtigsten ist, dass einige eine bessere Standzeit aufweisen als andere Marken, so wie die, die Delta Kits seinen Kunden anbietet.<\/p>\n<p>F: Woher wei\u00df ich, welche Korngr\u00f6\u00dfe der Schleifscheibe ich verwenden muss?<\/p>\n<p>A: Die Schulungen, Anleitungen und Materialien von Delta Kits machen den Prozess der Scheinwerfer-Restaurierung einfach. Die Korngr\u00f6\u00dfe des Schleifpapiers ist nicht der einzige Faktor, der bei der Entscheidung, welches Schleifpapier zu verwenden ist, zu ber\u00fccksichtigen ist. Die Langlebigkeit des Schleifpapiers und der Preis, den Sie daf\u00fcr bezahlen, geben dem Schleifpapier seinen Wert.<\/p>\n\n\t\t<\/div>\n\t<\/div>\n<\/div><\/div><\/div><\/div>\n<\/div>","protected":false},"excerpt":{"rendered":"<p>Die Schleifscheiben 75 mm werden zum Schleifen bei der Scheinwerfer-Restaurierung verwendet.<\/p>\n","protected":false},"featured_media":35292,"comment_status":"open","ping_status":"closed","template":"","meta":{"_acf_changed":false},"product_brand":[],"product_cat":[396,405,400],"product_tag":[],"class_list":{"0":"post-35997","1":"product","2":"type-product","3":"status-publish","4":"has-post-thumbnail","6":"product_cat-scheinwerfer-restaurierung","7":"product_cat-schleif-und-polierscheiben","8":"product_cat-arbeitsmaterial","10":"first","11":"instock","12":"taxable","13":"shipping-taxable","14":"purchasable","15":"product-type-variable","16":"has-default-attributes"},"acf":[],"yoast_head":"<!-- This site is optimized with the Yoast SEO plugin v27.0 - https:\/\/yoast.com\/product\/yoast-seo-wordpress\/ -->\n<title>75 mm Schleifscheiben , verschiedene K\u00f6rnungen<\/title>\n<meta name=\"description\" content=\"Die Schleifscheiben 75 mm in K\u00f6rnung 180, 320, 500, 800, 1200, 1500 und 3000 werden zum Schleifen bei der Scheinwerfer-Restaurierung verwendet.\" \/>\n<meta name=\"robots\" content=\"index, follow, max-snippet:-1, max-image-preview:large, max-video-preview:-1\" \/>\n<link rel=\"canonical\" href=\"https:\/\/www.deltakits.net\/de\/shop\/scheinwerfer-restaurierung\/arbeitsmaterial\/schleif-und-polierscheiben\/product\/scheinwerfer-restaurierung-schleifscheiben-75-mm\/\" \/>\n<meta property=\"og:locale\" content=\"de_DE\" \/>\n<meta property=\"og:type\" content=\"article\" \/>\n<meta property=\"og:title\" content=\"75 mm Schleifscheiben , verschiedene K\u00f6rnungen\" \/>\n<meta property=\"og:description\" content=\"Die Schleifscheiben 75 mm in K\u00f6rnung 180, 320, 500, 800, 1200, 1500 und 3000 werden zum Schleifen bei der Scheinwerfer-Restaurierung verwendet.\" \/>\n<meta property=\"og:url\" content=\"https:\/\/www.deltakits.net\/de\/shop\/scheinwerfer-restaurierung\/arbeitsmaterial\/schleif-und-polierscheiben\/product\/scheinwerfer-restaurierung-schleifscheiben-75-mm\/\" \/>\n<meta property=\"og:site_name\" content=\"Delta Kits\" \/>\n<meta property=\"og:image\" content=\"https:\/\/www.deltakits.net\/wp-content\/uploads\/56525_DeltaKits-1.jpg\" \/>\n\t<meta property=\"og:image:width\" content=\"1000\" \/>\n\t<meta property=\"og:image:height\" content=\"1000\" \/>\n\t<meta property=\"og:image:type\" content=\"image\/jpeg\" \/>\n<meta name=\"twitter:card\" content=\"summary_large_image\" \/>\n<meta name=\"twitter:label1\" content=\"Gesch\u00e4tzte Lesezeit\" \/>\n\t<meta name=\"twitter:data1\" content=\"2\u00a0Minuten\" \/>\n<script type=\"application\/ld+json\" class=\"yoast-schema-graph\">{\"@context\":\"https:\/\/schema.org\",\"@graph\":[]}<\/script>\n<!-- \/ Yoast SEO plugin. -->","yoast_head_json":{"title":"75 mm Schleifscheiben , verschiedene K\u00f6rnungen","description":"Die Schleifscheiben 75 mm in K\u00f6rnung 180, 320, 500, 800, 1200, 1500 und 3000 werden zum Schleifen bei der Scheinwerfer-Restaurierung verwendet.","robots":{"index":"index","follow":"follow","max-snippet":"max-snippet:-1","max-image-preview":"max-image-preview:large","max-video-preview":"max-video-preview:-1"},"canonical":"https:\/\/www.deltakits.net\/de\/shop\/scheinwerfer-restaurierung\/arbeitsmaterial\/schleif-und-polierscheiben\/product\/scheinwerfer-restaurierung-schleifscheiben-75-mm\/","og_locale":"de_DE","og_type":"article","og_title":"75 mm Schleifscheiben , verschiedene K\u00f6rnungen","og_description":"Die Schleifscheiben 75 mm in K\u00f6rnung 180, 320, 500, 800, 1200, 1500 und 3000 werden zum Schleifen bei der Scheinwerfer-Restaurierung verwendet.","og_url":"https:\/\/www.deltakits.net\/de\/shop\/scheinwerfer-restaurierung\/arbeitsmaterial\/schleif-und-polierscheiben\/product\/scheinwerfer-restaurierung-schleifscheiben-75-mm\/","og_site_name":"Delta Kits","og_image":[{"width":1000,"height":1000,"url":"https:\/\/www.deltakits.net\/wp-content\/uploads\/56525_DeltaKits-1.jpg","type":"image\/jpeg"}],"twitter_card":"summary_large_image","twitter_misc":{"Gesch\u00e4tzte Lesezeit":"2\u00a0Minuten"},"schema":{"@context":"https:\/\/schema.org","@graph":[]}},"_links":{"self":[{"href":"https:\/\/www.deltakits.net\/de\/wp-json\/wp\/v2\/product\/35997","targetHints":{"allow":["GET"]}}],"collection":[{"href":"https:\/\/www.deltakits.net\/de\/wp-json\/wp\/v2\/product"}],"about":[{"href":"https:\/\/www.deltakits.net\/de\/wp-json\/wp\/v2\/types\/product"}],"replies":[{"embeddable":true,"href":"https:\/\/www.deltakits.net\/de\/wp-json\/wp\/v2\/comments?post=35997"}],"wp:featuredmedia":[{"embeddable":true,"href":"https:\/\/www.deltakits.net\/de\/wp-json\/wp\/v2\/media\/35292"}],"wp:attachment":[{"href":"https:\/\/www.deltakits.net\/de\/wp-json\/wp\/v2\/media?parent=35997"}],"wp:term":[{"taxonomy":"product_brand","embeddable":true,"href":"https:\/\/www.deltakits.net\/de\/wp-json\/wp\/v2\/product_brand?post=35997"},{"taxonomy":"product_cat","embeddable":true,"href":"https:\/\/www.deltakits.net\/de\/wp-json\/wp\/v2\/product_cat?post=35997"},{"taxonomy":"product_tag","embeddable":true,"href":"https:\/\/www.deltakits.net\/de\/wp-json\/wp\/v2\/product_tag?post=35997"}],"curies":[{"name":"wp","href":"https:\/\/api.w.org\/{rel}","templated":true}]}}