{"id":35995,"date":"2019-05-27T08:35:14","date_gmt":"2019-05-27T15:35:14","guid":{"rendered":"https:\/\/www.deltakits.net\/shop\/unkategorisiert\/product\/75-mm-polierscheibe-fuer-scheinwerfer-restaurierung\/"},"modified":"2023-01-06T10:00:43","modified_gmt":"2023-01-06T09:00:43","slug":"75-mm-polierscheibe-fuer-scheinwerfer-restaurierung","status":"publish","type":"product","link":"https:\/\/www.deltakits.net\/de\/shop\/scheinwerfer-restaurierung\/arbeitsmaterial\/schleif-und-polierscheiben\/product\/75-mm-polierscheibe-fuer-scheinwerfer-restaurierung\/","title":{"rendered":"75 mm Polierscheibe f\u00fcr Scheinwerfer Restaurierung"},"content":{"rendered":"<p>75 mm 3000er-Polierschleifscheiben zur Wiederherstellung von tr\u00fcben Scheinwerfern.<\/p>\n<p>Diese 75 mm gro\u00dfen Polierpads der K\u00f6rnung 3000 sind ultrafeine Schleifscheiben mit Schaumstoffr\u00fccken und bieten ein extrem gleichm\u00e4\u00dfiges Schleifbild. Sie schaffen eine ideale Oberfl\u00e4che zum Polieren. Der hochflexible, schaumstoff-gepolsterte Klettr\u00fccken passt sich an Formen, Kanten und konturierte Oberfl\u00e4chen an und verhindert ein \u00dcberschleifen. Wird am besten mit einer Maschine oder einem Exzenterschleifer vor dem Polieren verwendet und sorgt f\u00fcr einen glatten Untergrund bis hin zu einem Hochglanzfinish auf dem Lack. Hochgradig wasserfest, nass oder trocken einsetzbar. Die industrielle Qualit\u00e4t mit hoher Schnittgeschwindigkeit und ausgezeichneter Langlebigkeit.<\/p>\n","protected":false},"excerpt":{"rendered":"<p>Ultrafeine, schaumstoffunterlegte 75 mm Polierscheiben der K\u00f6rnung 3000 bieten ein extrem gleichm\u00e4\u00dfiges Schleifbild. Erzeugt eine ideale Oberfl\u00e4che f\u00fcr den letzten Polierschritt bei der Scheinwerfer Restaurierung. Hochflexibel, mit Schaumstoffr\u00fccken und Klettverschluss, passt sich an Formen, Kanten und konturierte Oberfl\u00e4chen an und verhindert ein \u00dcberschleifen. Gepolsterte Polier-\/Schleifscheibe mit 75 mm Durchmesser.<\/p>\n","protected":false},"featured_media":35294,"comment_status":"open","ping_status":"closed","template":"","meta":{"_acf_changed":false},"product_brand":[],"product_cat":[396,405,400],"product_tag":[],"class_list":{"0":"post-35995","1":"product","2":"type-product","3":"status-publish","4":"has-post-thumbnail","6":"product_cat-scheinwerfer-restaurierung","7":"product_cat-schleif-und-polierscheiben","8":"product_cat-arbeitsmaterial","10":"first","11":"instock","12":"taxable","13":"shipping-taxable","14":"purchasable","15":"product-type-simple"},"acf":[],"yoast_head":"<!-- This site is optimized with the Yoast SEO plugin v27.0 - https:\/\/yoast.com\/product\/yoast-seo-wordpress\/ -->\n<title>75 mm Polierscheibe mit Klettr\u00fccken<\/title>\n<meta name=\"description\" content=\"Polierscheibe ultrafein, Korn 3000, 75 mm, mit Schaumstoffr\u00fccken und Klettfl\u00e4che\" \/>\n<meta name=\"robots\" content=\"index, follow, max-snippet:-1, max-image-preview:large, max-video-preview:-1\" \/>\n<link rel=\"canonical\" href=\"https:\/\/www.deltakits.net\/de\/shop\/scheinwerfer-restaurierung\/arbeitsmaterial\/schleif-und-polierscheiben\/product\/75-mm-polierscheibe-fuer-scheinwerfer-restaurierung\/\" \/>\n<meta property=\"og:locale\" content=\"de_DE\" \/>\n<meta property=\"og:type\" content=\"article\" \/>\n<meta property=\"og:title\" content=\"75 mm Polierscheibe mit Klettr\u00fccken\" \/>\n<meta property=\"og:description\" content=\"Polierscheibe ultrafein, Korn 3000, 75 mm, mit Schaumstoffr\u00fccken und Klettfl\u00e4che\" \/>\n<meta property=\"og:url\" content=\"https:\/\/www.deltakits.net\/de\/shop\/scheinwerfer-restaurierung\/arbeitsmaterial\/schleif-und-polierscheiben\/product\/75-mm-polierscheibe-fuer-scheinwerfer-restaurierung\/\" \/>\n<meta property=\"og:site_name\" content=\"Delta Kits\" \/>\n<meta property=\"og:image\" content=\"https:\/\/www.deltakits.net\/wp-content\/uploads\/56060_DeltaKits-2.jpg\" \/>\n\t<meta property=\"og:image:width\" content=\"1000\" \/>\n\t<meta property=\"og:image:height\" content=\"1000\" \/>\n\t<meta property=\"og:image:type\" content=\"image\/jpeg\" \/>\n<meta name=\"twitter:card\" content=\"summary_large_image\" \/>\n<meta name=\"twitter:label1\" content=\"Gesch\u00e4tzte Lesezeit\" \/>\n\t<meta name=\"twitter:data1\" content=\"1\u00a0Minute\" \/>\n<script type=\"application\/ld+json\" class=\"yoast-schema-graph\">{\"@context\":\"https:\/\/schema.org\",\"@graph\":[]}<\/script>\n<!-- \/ Yoast SEO plugin. -->","yoast_head_json":{"title":"75 mm Polierscheibe mit Klettr\u00fccken","description":"Polierscheibe ultrafein, Korn 3000, 75 mm, mit Schaumstoffr\u00fccken und Klettfl\u00e4che","robots":{"index":"index","follow":"follow","max-snippet":"max-snippet:-1","max-image-preview":"max-image-preview:large","max-video-preview":"max-video-preview:-1"},"canonical":"https:\/\/www.deltakits.net\/de\/shop\/scheinwerfer-restaurierung\/arbeitsmaterial\/schleif-und-polierscheiben\/product\/75-mm-polierscheibe-fuer-scheinwerfer-restaurierung\/","og_locale":"de_DE","og_type":"article","og_title":"75 mm Polierscheibe mit Klettr\u00fccken","og_description":"Polierscheibe ultrafein, Korn 3000, 75 mm, mit Schaumstoffr\u00fccken und Klettfl\u00e4che","og_url":"https:\/\/www.deltakits.net\/de\/shop\/scheinwerfer-restaurierung\/arbeitsmaterial\/schleif-und-polierscheiben\/product\/75-mm-polierscheibe-fuer-scheinwerfer-restaurierung\/","og_site_name":"Delta Kits","og_image":[{"width":1000,"height":1000,"url":"https:\/\/www.deltakits.net\/wp-content\/uploads\/56060_DeltaKits-2.jpg","type":"image\/jpeg"}],"twitter_card":"summary_large_image","twitter_misc":{"Gesch\u00e4tzte Lesezeit":"1\u00a0Minute"},"schema":{"@context":"https:\/\/schema.org","@graph":[]}},"_links":{"self":[{"href":"https:\/\/www.deltakits.net\/de\/wp-json\/wp\/v2\/product\/35995","targetHints":{"allow":["GET"]}}],"collection":[{"href":"https:\/\/www.deltakits.net\/de\/wp-json\/wp\/v2\/product"}],"about":[{"href":"https:\/\/www.deltakits.net\/de\/wp-json\/wp\/v2\/types\/product"}],"replies":[{"embeddable":true,"href":"https:\/\/www.deltakits.net\/de\/wp-json\/wp\/v2\/comments?post=35995"}],"wp:featuredmedia":[{"embeddable":true,"href":"https:\/\/www.deltakits.net\/de\/wp-json\/wp\/v2\/media\/35294"}],"wp:attachment":[{"href":"https:\/\/www.deltakits.net\/de\/wp-json\/wp\/v2\/media?parent=35995"}],"wp:term":[{"taxonomy":"product_brand","embeddable":true,"href":"https:\/\/www.deltakits.net\/de\/wp-json\/wp\/v2\/product_brand?post=35995"},{"taxonomy":"product_cat","embeddable":true,"href":"https:\/\/www.deltakits.net\/de\/wp-json\/wp\/v2\/product_cat?post=35995"},{"taxonomy":"product_tag","embeddable":true,"href":"https:\/\/www.deltakits.net\/de\/wp-json\/wp\/v2\/product_tag?post=35995"}],"curies":[{"name":"wp","href":"https:\/\/api.w.org\/{rel}","templated":true}]}}