{"id":35994,"date":"2019-05-27T08:35:15","date_gmt":"2019-05-27T15:35:15","guid":{"rendered":"https:\/\/www.deltakits.net\/shop\/unkategorisiert\/product\/schaumstoff-polier-pad-75-mm\/"},"modified":"2021-03-26T00:40:00","modified_gmt":"2021-03-26T07:40:00","slug":"schaumstoff-polier-pad-75-mm","status":"publish","type":"product","link":"https:\/\/www.deltakits.net\/de\/shop\/scheinwerfer-restaurierung\/arbeitsmaterial\/weiteres-zubehoer\/product\/schaumstoff-polier-pad-75-mm\/","title":{"rendered":"Schaumstoff Polier-Pad 75 mm"},"content":{"rendered":"<p>75 mm orangefarbene Schaumstoff-Polierpads von Griots Garage werden an Ihrem Exzenterschleifer befestigt und zum Polieren von Scheinwerfern verwendet. Mit Klettsystem auf der R\u00fcckseite.<\/p>\n<p>Packung mit 3 St\u00fcck.<\/p>\n<p>Schnelle, effektive M\u00e4ngelbeseitigung<\/p>\n<p>Mit dem 75 mm Schaumstoff-Polierpad verpassen Sie keine Stelle mehr. Das kompakte Schaumstoff-Pad poliert in engen Bereichen und um schwer zu polierende Stellen am Fahrzeug. Der dichte orangefarbene Schaumstoff h\u00e4lt die Politur auf dem Schaumstoff, um Abfall zu vermeiden. Mit dem Griot&#8217;s 75 mm Orange Foam Polishing Pad und einem 75 mm Exzenterschleifer erhalten Sie schneller den gew\u00fcnschten Glanz.<\/p>\n<p>Das orangefarbene Schaumstoff-Polierpad mit 75 mm Durchmesser in Kombination mit dem Griot&#8217;s Exzenterschleifer sorgt f\u00fcr eine d\u00fcnne, gleichm\u00e4\u00dfige Polierschicht in einem Bruchteil der Zeit, die f\u00fcr eine manuelle Politur erforderlich w\u00e4re. Die Geschwindigkeit und Gleichm\u00e4\u00dfigkeit der Bewegung hilft, einige Unebenheiten erfolgreicher zu beseitigen als beim Polieren von Hand. Das kleine Pad macht es einfach, um Ecken herum zu polieren.<\/p>\n<p>75 mm orangefarbenes Schaumstoff-Polierpad Merkmale:<\/p>\n<p>Entfernt leichte bis mittlere Defekte<\/p>\n<p>Hergestellt aus einer dichten Schaumstoffkomposition mit kleineren Poren, es wird weniger Politur vom Pad absorbiert, so dass mehr Politur auf den Lack aufgetragen wird, wo sie hingeh\u00f6rt.<\/p>\n<p>Flache Oberfl\u00e4che, um einen hervorragenden Oberfl\u00e4chenkontakt mit dem Scheinwerferglas zu gew\u00e4hrleisten. Die abgeschr\u00e4gten, abgerundeten Kanten erm\u00f6glichen es Ihnen, Kanten und Rundungen anzufahren, ohne dass Sie bef\u00fcrchten m\u00fcssen, mit einer scharfen Schaumstoffkante dagegen zu sto\u00dfen.<\/p>\n<p>Passt auf jeden 75 mm Dual-Action- oder Exzenterschleifer mit einer Klettplatte.<\/p>\n<p>Waschbar und wiederverwendbar. Lassen Sie das Pad bis zu 15 Minuten in Wasser einweichen und sp\u00fclen Sie es ab. Flach mit der R\u00fcckseite nach oben trocknen. Bewahren Sie saubere Schaumstoffpads in einem Aufbewahrungsbeh\u00e4lter oder in Plastikt\u00fcten auf, um sie zwischen den Eins\u00e4tzen sauber zu halten.<\/p>\n","protected":false},"excerpt":{"rendered":"<p>Das orangefarbene Schaumstoff-Polierpad mit 75 mm Durchmesser in Kombination mit dem Griot&#8217;s Exzenterschleifer sorgt f\u00fcr eine d\u00fcnne, gleichm\u00e4\u00dfige Polierschicht in einem Bruchteil der Zeit, die f\u00fcr eine manuelle Politur erforderlich w\u00e4re.<\/p>\n","protected":false},"featured_media":35298,"comment_status":"open","ping_status":"closed","template":"","meta":{"_acf_changed":false},"product_brand":[],"product_cat":[396,405,400,402],"product_tag":[],"class_list":{"0":"post-35994","1":"product","2":"type-product","3":"status-publish","4":"has-post-thumbnail","6":"product_cat-scheinwerfer-restaurierung","7":"product_cat-schleif-und-polierscheiben","8":"product_cat-arbeitsmaterial","9":"product_cat-weiteres-zubehoer","11":"first","12":"instock","13":"taxable","14":"shipping-taxable","15":"purchasable","16":"product-type-simple"},"acf":[],"yoast_head":"<!-- This site is optimized with the Yoast SEO plugin v27.0 - https:\/\/yoast.com\/product\/yoast-seo-wordpress\/ -->\n<title>75 mm Schaumstoff Polierpad<\/title>\n<meta name=\"description\" content=\"Das orangefarbene Schaumstoff-Polierpad mit 75 mm Durchmesser\" \/>\n<meta name=\"robots\" content=\"index, follow, max-snippet:-1, max-image-preview:large, max-video-preview:-1\" \/>\n<link rel=\"canonical\" href=\"https:\/\/www.deltakits.net\/de\/shop\/scheinwerfer-restaurierung\/arbeitsmaterial\/weiteres-zubehoer\/product\/schaumstoff-polier-pad-75-mm\/\" \/>\n<meta property=\"og:locale\" content=\"de_DE\" \/>\n<meta property=\"og:type\" content=\"article\" \/>\n<meta property=\"og:title\" content=\"75 mm Schaumstoff Polierpad\" \/>\n<meta property=\"og:description\" content=\"Das orangefarbene Schaumstoff-Polierpad mit 75 mm Durchmesser\" \/>\n<meta property=\"og:url\" content=\"https:\/\/www.deltakits.net\/de\/shop\/scheinwerfer-restaurierung\/arbeitsmaterial\/weiteres-zubehoer\/product\/schaumstoff-polier-pad-75-mm\/\" \/>\n<meta property=\"og:site_name\" content=\"Delta Kits\" \/>\n<meta property=\"og:image\" content=\"https:\/\/www.deltakits.net\/wp-content\/uploads\/56110_21_4_DeltaKits-1.jpg\" \/>\n\t<meta property=\"og:image:width\" content=\"1000\" \/>\n\t<meta property=\"og:image:height\" content=\"1000\" \/>\n\t<meta property=\"og:image:type\" content=\"image\/jpeg\" \/>\n<meta name=\"twitter:card\" content=\"summary_large_image\" \/>\n<meta name=\"twitter:label1\" content=\"Gesch\u00e4tzte Lesezeit\" \/>\n\t<meta name=\"twitter:data1\" content=\"1\u00a0Minute\" \/>\n<script type=\"application\/ld+json\" class=\"yoast-schema-graph\">{\"@context\":\"https:\/\/schema.org\",\"@graph\":[]}<\/script>\n<!-- \/ Yoast SEO plugin. -->","yoast_head_json":{"title":"75 mm Schaumstoff Polierpad","description":"Das orangefarbene Schaumstoff-Polierpad mit 75 mm Durchmesser","robots":{"index":"index","follow":"follow","max-snippet":"max-snippet:-1","max-image-preview":"max-image-preview:large","max-video-preview":"max-video-preview:-1"},"canonical":"https:\/\/www.deltakits.net\/de\/shop\/scheinwerfer-restaurierung\/arbeitsmaterial\/weiteres-zubehoer\/product\/schaumstoff-polier-pad-75-mm\/","og_locale":"de_DE","og_type":"article","og_title":"75 mm Schaumstoff Polierpad","og_description":"Das orangefarbene Schaumstoff-Polierpad mit 75 mm Durchmesser","og_url":"https:\/\/www.deltakits.net\/de\/shop\/scheinwerfer-restaurierung\/arbeitsmaterial\/weiteres-zubehoer\/product\/schaumstoff-polier-pad-75-mm\/","og_site_name":"Delta Kits","og_image":[{"width":1000,"height":1000,"url":"https:\/\/www.deltakits.net\/wp-content\/uploads\/56110_21_4_DeltaKits-1.jpg","type":"image\/jpeg"}],"twitter_card":"summary_large_image","twitter_misc":{"Gesch\u00e4tzte Lesezeit":"1\u00a0Minute"},"schema":{"@context":"https:\/\/schema.org","@graph":[]}},"_links":{"self":[{"href":"https:\/\/www.deltakits.net\/de\/wp-json\/wp\/v2\/product\/35994","targetHints":{"allow":["GET"]}}],"collection":[{"href":"https:\/\/www.deltakits.net\/de\/wp-json\/wp\/v2\/product"}],"about":[{"href":"https:\/\/www.deltakits.net\/de\/wp-json\/wp\/v2\/types\/product"}],"replies":[{"embeddable":true,"href":"https:\/\/www.deltakits.net\/de\/wp-json\/wp\/v2\/comments?post=35994"}],"wp:featuredmedia":[{"embeddable":true,"href":"https:\/\/www.deltakits.net\/de\/wp-json\/wp\/v2\/media\/35298"}],"wp:attachment":[{"href":"https:\/\/www.deltakits.net\/de\/wp-json\/wp\/v2\/media?parent=35994"}],"wp:term":[{"taxonomy":"product_brand","embeddable":true,"href":"https:\/\/www.deltakits.net\/de\/wp-json\/wp\/v2\/product_brand?post=35994"},{"taxonomy":"product_cat","embeddable":true,"href":"https:\/\/www.deltakits.net\/de\/wp-json\/wp\/v2\/product_cat?post=35994"},{"taxonomy":"product_tag","embeddable":true,"href":"https:\/\/www.deltakits.net\/de\/wp-json\/wp\/v2\/product_tag?post=35994"}],"curies":[{"name":"wp","href":"https:\/\/api.w.org\/{rel}","templated":true}]}}