{"id":35993,"date":"2019-05-27T08:35:14","date_gmt":"2019-05-27T15:35:14","guid":{"rendered":"https:\/\/www.deltakits.net\/shop\/unkategorisiert\/product\/interface-pad-75-mm-ungelocht\/"},"modified":"2021-03-26T00:46:02","modified_gmt":"2021-03-26T07:46:02","slug":"interface-pad-75-mm-ungelocht","status":"publish","type":"product","link":"https:\/\/www.deltakits.net\/de\/shop\/scheinwerfer-restaurierung\/arbeitsmaterial\/weiteres-zubehoer\/product\/interface-pad-75-mm-ungelocht\/","title":{"rendered":"Interface Pad 75 mm ungelocht"},"content":{"rendered":"<p>Das Soft-Interface-Pad mit Klettfl\u00e4chen aus Schaumstoff mit einem Durchmesser von 75 mm maximiert das gleichm\u00e4\u00dfige Schleifen auf unebenen Oberfl\u00e4chen. Das strapazierf\u00e4hige, gut gestaltete Klett-Soft-Interface-Pad ist eine gro\u00dfartige Erg\u00e4nzung f\u00fcr den Werkzeugkoffer des Scheinwerfer-Restaurateurs. Das flache Klettmaterial h\u00e4lt die Schleifscheibe bis zum Abschluss des Schleifvorgangs fest in seiner Position. Ideal f\u00fcr Schleifscheiben zur Scheinwerferrestaurierung.<\/p>\n<p>Das 75 mm-Klettverschluss-Soft-Interface-Pad hat folgende Eigenschaften:<\/p>\n<ul>\n<li>Weicher, strapazierf\u00e4higer Schaumstoff folgt den Konturen des Scheinwerfers f\u00fcr ein glatteres Finish<\/li>\n<li>Reduziert die Vibrationen des Exzenterschleifers<\/li>\n<li>H\u00e4kchen auf der Vorderseite und Flausch auf der R\u00fcckseite<\/li>\n<li>Einfache Montage<\/li>\n<li>Sch\u00fctzt die St\u00fctzplatte vor Besch\u00e4digungen.<\/li>\n<li>Erh\u00f6ht die Schleifflexibilit\u00e4t bei Kurven oder empfindlichen Oberfl\u00e4chen<\/li>\n<\/ul>\n<p>Technischer Tipp: Schleiftipps f\u00fcr die Scheinwerferrestaurierung<br \/>\nDie Scheinwerferrestaurierung ist ein Service, mit dem Sie Ihren Kunden viel Geld sparen und Ihren eigenen Gewinn steigern k\u00f6nnen. Eine echte Scheinwerferrestaurierung ist ein Prozess, bei dem die Oxidationsschicht von einer Polycarbonatlinse entfernt, die Linse poliert und eine hochwertige Schutzschicht wie <a href=\"https:\/\/www.deltakits.net\/de\/shop\/scheinwerfer-restaurierung\/arbeitsmaterial\/scheinwerfer-chemikalien\/\">Infinity 4.1<\/a> aufgetragen wird. Der gr\u00f6\u00dfte Einfluss, den Sie auf die Qualit\u00e4t Ihrer Restaurierungsarbeiten haben k\u00f6nnen, wird w\u00e4hrend des Schleifprozesses gemacht, insbesondere bei den Schleifschritten mit 500er und 800er K\u00f6rnung. Im Technischen Tipp dieses Monats gehen wir auf einige Dinge ein, die Ihnen helfen werden, jedes Mal gro\u00dfartige Ergebnisse zu erzielen.<\/p>\n<p>Nachdem Sie die Oxidation mit der 320er- oder 180er-Schleifscheibe von einem Objektiv entfernt haben, besteht die Aufgabe jedes nachfolgenden Schleifschritts darin, alle Kratzer des vorherigen Schritts zu entfernen. Eine Scheibe, die sich mit Staub, Klebeband oder anderen Verunreinigungen zusetzt, hinterl\u00e4sst tiefere Riefen auf der Oberfl\u00e4che. Wenn Sie Ablagerungen auf einer Scheibe bemerken und bevor Sie zur zweiten Linse \u00fcbergehen, klopfen Sie die Scheibe gegen ein feuchtes Handtuch, um alle Ablagerungen zu entfernen. So erhalten Sie bessere Ergebnisse und eine l\u00e4ngere Lebensdauer der Scheibe.<\/p>\n","protected":false},"excerpt":{"rendered":"<p>Das Soft-Interface-Pad mit Klettfl\u00e4chen aus Schaumstoff mit einem Durchmesser von 75 mm maximiert das gleichm\u00e4\u00dfige Schleifen auf unebenen Oberfl\u00e4chen. Das strapazierf\u00e4hige, gut gestaltete Klett-Soft-Interface-Pad ist eine gro\u00dfartige Erg\u00e4nzung f\u00fcr den Werkzeugkoffer des Scheinwerfer-Restaurateurs.<\/p>\n","protected":false},"featured_media":35296,"comment_status":"open","ping_status":"closed","template":"","meta":{"_acf_changed":false},"product_brand":[],"product_cat":[396,405,400,402],"product_tag":[],"class_list":{"0":"post-35993","1":"product","2":"type-product","3":"status-publish","4":"has-post-thumbnail","6":"product_cat-scheinwerfer-restaurierung","7":"product_cat-schleif-und-polierscheiben","8":"product_cat-arbeitsmaterial","9":"product_cat-weiteres-zubehoer","11":"first","12":"instock","13":"taxable","14":"shipping-taxable","15":"purchasable","16":"product-type-simple"},"acf":[],"yoast_head":"<!-- This site is optimized with the Yoast SEO plugin v27.0 - https:\/\/yoast.com\/product\/yoast-seo-wordpress\/ -->\n<title>Das Schaumstoff-Interface-Pad mit einem Durchmesser von 75 mm wurde speziell entwickelt, um ein gleichm\u00e4\u00dfiges Schleifen auf unebenen Oberfl\u00e4chen bei der Scheinwerfer-Restaurierung zu erm\u00f6glichen.<\/title>\n<meta name=\"description\" content=\"sehr haltbares 75 mm Interface Pad, ungelocht\" \/>\n<meta name=\"robots\" content=\"index, follow, max-snippet:-1, max-image-preview:large, max-video-preview:-1\" \/>\n<link rel=\"canonical\" href=\"https:\/\/www.deltakits.net\/de\/shop\/scheinwerfer-restaurierung\/arbeitsmaterial\/weiteres-zubehoer\/product\/interface-pad-75-mm-ungelocht\/\" \/>\n<meta property=\"og:locale\" content=\"de_DE\" \/>\n<meta property=\"og:type\" content=\"article\" \/>\n<meta property=\"og:title\" content=\"Das Schaumstoff-Interface-Pad mit einem Durchmesser von 75 mm wurde speziell entwickelt, um ein gleichm\u00e4\u00dfiges Schleifen auf unebenen Oberfl\u00e4chen bei der Scheinwerfer-Restaurierung zu erm\u00f6glichen.\" \/>\n<meta property=\"og:description\" content=\"sehr haltbares 75 mm Interface Pad, ungelocht\" \/>\n<meta property=\"og:url\" content=\"https:\/\/www.deltakits.net\/de\/shop\/scheinwerfer-restaurierung\/arbeitsmaterial\/weiteres-zubehoer\/product\/interface-pad-75-mm-ungelocht\/\" \/>\n<meta property=\"og:site_name\" content=\"Delta Kits\" \/>\n<meta property=\"og:image\" content=\"https:\/\/www.deltakits.net\/wp-content\/uploads\/56100_DeltaKits-1.jpg\" \/>\n\t<meta property=\"og:image:width\" content=\"1000\" \/>\n\t<meta property=\"og:image:height\" content=\"1000\" \/>\n\t<meta property=\"og:image:type\" content=\"image\/jpeg\" \/>\n<meta name=\"twitter:card\" content=\"summary_large_image\" \/>\n<meta name=\"twitter:label1\" content=\"Gesch\u00e4tzte Lesezeit\" \/>\n\t<meta name=\"twitter:data1\" content=\"2\u00a0Minuten\" \/>\n<script type=\"application\/ld+json\" class=\"yoast-schema-graph\">{\"@context\":\"https:\/\/schema.org\",\"@graph\":[]}<\/script>\n<!-- \/ Yoast SEO plugin. -->","yoast_head_json":{"title":"Das Schaumstoff-Interface-Pad mit einem Durchmesser von 75 mm wurde speziell entwickelt, um ein gleichm\u00e4\u00dfiges Schleifen auf unebenen Oberfl\u00e4chen bei der Scheinwerfer-Restaurierung zu erm\u00f6glichen.","description":"sehr haltbares 75 mm Interface Pad, ungelocht","robots":{"index":"index","follow":"follow","max-snippet":"max-snippet:-1","max-image-preview":"max-image-preview:large","max-video-preview":"max-video-preview:-1"},"canonical":"https:\/\/www.deltakits.net\/de\/shop\/scheinwerfer-restaurierung\/arbeitsmaterial\/weiteres-zubehoer\/product\/interface-pad-75-mm-ungelocht\/","og_locale":"de_DE","og_type":"article","og_title":"Das Schaumstoff-Interface-Pad mit einem Durchmesser von 75 mm wurde speziell entwickelt, um ein gleichm\u00e4\u00dfiges Schleifen auf unebenen Oberfl\u00e4chen bei der Scheinwerfer-Restaurierung zu erm\u00f6glichen.","og_description":"sehr haltbares 75 mm Interface Pad, ungelocht","og_url":"https:\/\/www.deltakits.net\/de\/shop\/scheinwerfer-restaurierung\/arbeitsmaterial\/weiteres-zubehoer\/product\/interface-pad-75-mm-ungelocht\/","og_site_name":"Delta Kits","og_image":[{"width":1000,"height":1000,"url":"https:\/\/www.deltakits.net\/wp-content\/uploads\/56100_DeltaKits-1.jpg","type":"image\/jpeg"}],"twitter_card":"summary_large_image","twitter_misc":{"Gesch\u00e4tzte Lesezeit":"2\u00a0Minuten"},"schema":{"@context":"https:\/\/schema.org","@graph":[]}},"_links":{"self":[{"href":"https:\/\/www.deltakits.net\/de\/wp-json\/wp\/v2\/product\/35993","targetHints":{"allow":["GET"]}}],"collection":[{"href":"https:\/\/www.deltakits.net\/de\/wp-json\/wp\/v2\/product"}],"about":[{"href":"https:\/\/www.deltakits.net\/de\/wp-json\/wp\/v2\/types\/product"}],"replies":[{"embeddable":true,"href":"https:\/\/www.deltakits.net\/de\/wp-json\/wp\/v2\/comments?post=35993"}],"wp:featuredmedia":[{"embeddable":true,"href":"https:\/\/www.deltakits.net\/de\/wp-json\/wp\/v2\/media\/35296"}],"wp:attachment":[{"href":"https:\/\/www.deltakits.net\/de\/wp-json\/wp\/v2\/media?parent=35993"}],"wp:term":[{"taxonomy":"product_brand","embeddable":true,"href":"https:\/\/www.deltakits.net\/de\/wp-json\/wp\/v2\/product_brand?post=35993"},{"taxonomy":"product_cat","embeddable":true,"href":"https:\/\/www.deltakits.net\/de\/wp-json\/wp\/v2\/product_cat?post=35993"},{"taxonomy":"product_tag","embeddable":true,"href":"https:\/\/www.deltakits.net\/de\/wp-json\/wp\/v2\/product_tag?post=35993"}],"curies":[{"name":"wp","href":"https:\/\/api.w.org\/{rel}","templated":true}]}}