{"id":35972,"date":"2019-05-27T08:35:10","date_gmt":"2019-05-27T15:35:10","guid":{"rendered":"https:\/\/www.deltakits.net\/shop\/unkategorisiert\/product\/fuselfreie-blaue-werkstatt-vliestuecher\/"},"modified":"2021-03-26T01:47:02","modified_gmt":"2021-03-26T08:47:02","slug":"fuselfreie-blaue-werkstatt-vliestuecher","status":"publish","type":"product","link":"https:\/\/www.deltakits.net\/de\/shop\/scheinwerfer-restaurierung\/arbeitsmaterial\/weiteres-zubehoer\/product\/fuselfreie-blaue-werkstatt-vliestuecher\/","title":{"rendered":"Fusselfreie blaue Werkstatt-Vliest\u00fccher"},"content":{"rendered":"<p>Blaue Werkstatt-Vliest\u00fccher, perfekt zum Auftragen unserer UV-Lacke auf restaurierte Scheinwerfer.<\/p>\n<p>Diese Vliest\u00fccher sind von un\u00fcbertroffener Qualit\u00e4t. Absolut fusselfrei, rei\u00dffest, wasserfest, wiederverwendbar. Verwenden Sie diese T\u00fccher zum Auftragen der <a href=\"https:\/\/www.deltakits.net\/de\/shop\/scheinwerfer-restaurierung\/arbeitsmaterial\/scheinwerfer-chemikalien\/\">Beschichtung<\/a>. Zum Reinigen k\u00f6nnen andere, preiswertere T\u00fccher verwenden.<\/p>\n","protected":false},"excerpt":{"rendered":"<p>Blaue Werkstattt\u00fccher, perfekt zum Auftragen unserer UV-Lacke auf restaurierte Scheinwerfergl\u00e4ser.<\/p>\n","protected":false},"featured_media":35274,"comment_status":"open","ping_status":"closed","template":"","meta":{"_acf_changed":false},"product_brand":[],"product_cat":[396,400,402],"product_tag":[],"class_list":{"0":"post-35972","1":"product","2":"type-product","3":"status-publish","4":"has-post-thumbnail","6":"product_cat-scheinwerfer-restaurierung","7":"product_cat-arbeitsmaterial","8":"product_cat-weiteres-zubehoer","10":"first","11":"instock","12":"featured","13":"taxable","14":"shipping-taxable","15":"purchasable","16":"product-type-simple"},"acf":[],"yoast_head":"<!-- This site is optimized with the Yoast SEO plugin v27.0 - https:\/\/yoast.com\/product\/yoast-seo-wordpress\/ -->\n<title>Blaue Werkstattt\u00fccher, perfekt zum Auftragen unserer UV-Lacke auf restaurierte Scheinwerfergl\u00e4ser.<\/title>\n<meta name=\"description\" content=\"Blaue Werkstattt\u00fccher, perfekt zum Auftragen unserer UV-Lacke auf restaurierte Scheinwerfergl\u00e4ser.\" \/>\n<meta name=\"robots\" content=\"index, follow, max-snippet:-1, max-image-preview:large, max-video-preview:-1\" \/>\n<link rel=\"canonical\" href=\"https:\/\/www.deltakits.net\/de\/shop\/scheinwerfer-restaurierung\/arbeitsmaterial\/weiteres-zubehoer\/product\/fuselfreie-blaue-werkstatt-vliestuecher\/\" \/>\n<meta property=\"og:locale\" content=\"de_DE\" \/>\n<meta property=\"og:type\" content=\"article\" \/>\n<meta property=\"og:title\" content=\"Blaue Werkstattt\u00fccher, perfekt zum Auftragen unserer UV-Lacke auf restaurierte Scheinwerfergl\u00e4ser.\" \/>\n<meta property=\"og:description\" content=\"Blaue Werkstattt\u00fccher, perfekt zum Auftragen unserer UV-Lacke auf restaurierte Scheinwerfergl\u00e4ser.\" \/>\n<meta property=\"og:url\" content=\"https:\/\/www.deltakits.net\/de\/shop\/scheinwerfer-restaurierung\/arbeitsmaterial\/weiteres-zubehoer\/product\/fuselfreie-blaue-werkstatt-vliestuecher\/\" \/>\n<meta property=\"og:site_name\" content=\"Delta Kits\" \/>\n<meta property=\"og:image\" content=\"https:\/\/www.deltakits.net\/wp-content\/uploads\/54010_DeltaKits-1.jpg\" \/>\n\t<meta property=\"og:image:width\" content=\"1000\" \/>\n\t<meta property=\"og:image:height\" content=\"1000\" \/>\n\t<meta property=\"og:image:type\" content=\"image\/jpeg\" \/>\n<meta name=\"twitter:card\" content=\"summary_large_image\" \/>\n<script type=\"application\/ld+json\" class=\"yoast-schema-graph\">{\"@context\":\"https:\/\/schema.org\",\"@graph\":[]}<\/script>\n<!-- \/ Yoast SEO plugin. -->","yoast_head_json":{"title":"Blaue Werkstattt\u00fccher, perfekt zum Auftragen unserer UV-Lacke auf restaurierte Scheinwerfergl\u00e4ser.","description":"Blaue Werkstattt\u00fccher, perfekt zum Auftragen unserer UV-Lacke auf restaurierte Scheinwerfergl\u00e4ser.","robots":{"index":"index","follow":"follow","max-snippet":"max-snippet:-1","max-image-preview":"max-image-preview:large","max-video-preview":"max-video-preview:-1"},"canonical":"https:\/\/www.deltakits.net\/de\/shop\/scheinwerfer-restaurierung\/arbeitsmaterial\/weiteres-zubehoer\/product\/fuselfreie-blaue-werkstatt-vliestuecher\/","og_locale":"de_DE","og_type":"article","og_title":"Blaue Werkstattt\u00fccher, perfekt zum Auftragen unserer UV-Lacke auf restaurierte Scheinwerfergl\u00e4ser.","og_description":"Blaue Werkstattt\u00fccher, perfekt zum Auftragen unserer UV-Lacke auf restaurierte Scheinwerfergl\u00e4ser.","og_url":"https:\/\/www.deltakits.net\/de\/shop\/scheinwerfer-restaurierung\/arbeitsmaterial\/weiteres-zubehoer\/product\/fuselfreie-blaue-werkstatt-vliestuecher\/","og_site_name":"Delta Kits","og_image":[{"width":1000,"height":1000,"url":"https:\/\/www.deltakits.net\/wp-content\/uploads\/54010_DeltaKits-1.jpg","type":"image\/jpeg"}],"twitter_card":"summary_large_image","schema":{"@context":"https:\/\/schema.org","@graph":[]}},"_links":{"self":[{"href":"https:\/\/www.deltakits.net\/de\/wp-json\/wp\/v2\/product\/35972","targetHints":{"allow":["GET"]}}],"collection":[{"href":"https:\/\/www.deltakits.net\/de\/wp-json\/wp\/v2\/product"}],"about":[{"href":"https:\/\/www.deltakits.net\/de\/wp-json\/wp\/v2\/types\/product"}],"replies":[{"embeddable":true,"href":"https:\/\/www.deltakits.net\/de\/wp-json\/wp\/v2\/comments?post=35972"}],"wp:featuredmedia":[{"embeddable":true,"href":"https:\/\/www.deltakits.net\/de\/wp-json\/wp\/v2\/media\/35274"}],"wp:attachment":[{"href":"https:\/\/www.deltakits.net\/de\/wp-json\/wp\/v2\/media?parent=35972"}],"wp:term":[{"taxonomy":"product_brand","embeddable":true,"href":"https:\/\/www.deltakits.net\/de\/wp-json\/wp\/v2\/product_brand?post=35972"},{"taxonomy":"product_cat","embeddable":true,"href":"https:\/\/www.deltakits.net\/de\/wp-json\/wp\/v2\/product_cat?post=35972"},{"taxonomy":"product_tag","embeddable":true,"href":"https:\/\/www.deltakits.net\/de\/wp-json\/wp\/v2\/product_tag?post=35972"}],"curies":[{"name":"wp","href":"https:\/\/api.w.org\/{rel}","templated":true}]}}