{"id":35968,"date":"2019-05-27T08:34:48","date_gmt":"2019-05-27T15:34:48","guid":{"rendered":"https:\/\/www.deltakits.net\/shop\/unkategorisiert\/product\/werkzeugkoffer-fuer-deltakits-scheinwerfer-restaurierung-system\/"},"modified":"2021-05-06T21:01:24","modified_gmt":"2021-05-06T19:01:24","slug":"werkzeugkoffer-fuer-deltakits-scheinwerfer-restaurierung-system","status":"publish","type":"product","link":"https:\/\/www.deltakits.net\/de\/shop\/scheinwerfer-restaurierung\/arbeitsmaterial\/weiteres-zubehoer\/product\/werkzeugkoffer-fuer-deltakits-scheinwerfer-restaurierung-system\/","title":{"rendered":"Werkzeugkoffer f\u00fcr Delta Kits Scheinwerfer Restaurierung System"},"content":{"rendered":"<p>Stabiler, extra gro\u00dfer Koffer f\u00fcr Scheinwerfer-Restaurierungssystemes von Delta Kits. Komplett ausgestattet mit ma\u00dfgeschneidertem Schaumstoff\u00a0 im Innenraum, um Ihre Werkzeuge und Zubeh\u00f6r organisiert zu halten.<\/p>\n","protected":false},"excerpt":{"rendered":"<p>Stabiler, extra gro\u00dfer Koffer f\u00fcr Scheinwerfer-Restaurierungssystemes von Delta Kits. Komplett ausgestattet mit ma\u00dfgeschneidertem Schaumstoff\u00a0 im Innenraum, um Ihre Werkzeuge und Zubeh\u00f6r organisiert zu halten.<\/p>\n","protected":false},"featured_media":35210,"comment_status":"open","ping_status":"closed","template":"","meta":{"_acf_changed":false},"product_brand":[],"product_cat":[402,398],"product_tag":[],"class_list":{"0":"post-35968","1":"product","2":"type-product","3":"status-publish","4":"has-post-thumbnail","6":"product_cat-weiteres-zubehoer","7":"product_cat-nuetzliches-zubehoer","9":"first","10":"instock","11":"taxable","12":"shipping-taxable","13":"purchasable","14":"product-type-simple"},"acf":[],"yoast_head":"<!-- This site is optimized with the Yoast SEO plugin v27.0 - https:\/\/yoast.com\/product\/yoast-seo-wordpress\/ -->\n<title>Werkzeugkoffer f\u00fcr Delta Kits Scheinwerfer Restaurierung System - Delta Kits<\/title>\n<meta name=\"description\" content=\"Stabiler, extra gro\u00dfer Koffer f\u00fcr Scheinwerfer-Restaurierungssystemes von Delta Kits.\" \/>\n<meta name=\"robots\" content=\"index, follow, max-snippet:-1, max-image-preview:large, max-video-preview:-1\" \/>\n<link rel=\"canonical\" href=\"https:\/\/www.deltakits.net\/de\/shop\/scheinwerfer-restaurierung\/arbeitsmaterial\/weiteres-zubehoer\/product\/werkzeugkoffer-fuer-deltakits-scheinwerfer-restaurierung-system\/\" \/>\n<meta property=\"og:locale\" content=\"de_DE\" \/>\n<meta property=\"og:type\" content=\"article\" \/>\n<meta property=\"og:title\" content=\"Werkzeugkoffer f\u00fcr Delta Kits Scheinwerfer Restaurierung System - Delta Kits\" \/>\n<meta property=\"og:description\" content=\"Stabiler, extra gro\u00dfer Koffer f\u00fcr Scheinwerfer-Restaurierungssystemes von Delta Kits.\" \/>\n<meta property=\"og:url\" content=\"https:\/\/www.deltakits.net\/de\/shop\/scheinwerfer-restaurierung\/arbeitsmaterial\/weiteres-zubehoer\/product\/werkzeugkoffer-fuer-deltakits-scheinwerfer-restaurierung-system\/\" \/>\n<meta property=\"og:site_name\" content=\"Delta Kits\" \/>\n<meta property=\"og:image\" content=\"https:\/\/www.deltakits.net\/wp-content\/uploads\/35010_DeltaKits_HeadlightRestorationKitBox-2-1.jpg\" \/>\n\t<meta property=\"og:image:width\" content=\"1000\" \/>\n\t<meta property=\"og:image:height\" content=\"1000\" \/>\n\t<meta property=\"og:image:type\" content=\"image\/jpeg\" \/>\n<meta name=\"twitter:card\" content=\"summary_large_image\" \/>\n<script type=\"application\/ld+json\" class=\"yoast-schema-graph\">{\"@context\":\"https:\/\/schema.org\",\"@graph\":[]}<\/script>\n<!-- \/ Yoast SEO plugin. -->","yoast_head_json":{"title":"Werkzeugkoffer f\u00fcr Delta Kits Scheinwerfer Restaurierung System - Delta Kits","description":"Stabiler, extra gro\u00dfer Koffer f\u00fcr Scheinwerfer-Restaurierungssystemes von Delta Kits.","robots":{"index":"index","follow":"follow","max-snippet":"max-snippet:-1","max-image-preview":"max-image-preview:large","max-video-preview":"max-video-preview:-1"},"canonical":"https:\/\/www.deltakits.net\/de\/shop\/scheinwerfer-restaurierung\/arbeitsmaterial\/weiteres-zubehoer\/product\/werkzeugkoffer-fuer-deltakits-scheinwerfer-restaurierung-system\/","og_locale":"de_DE","og_type":"article","og_title":"Werkzeugkoffer f\u00fcr Delta Kits Scheinwerfer Restaurierung System - Delta Kits","og_description":"Stabiler, extra gro\u00dfer Koffer f\u00fcr Scheinwerfer-Restaurierungssystemes von Delta Kits.","og_url":"https:\/\/www.deltakits.net\/de\/shop\/scheinwerfer-restaurierung\/arbeitsmaterial\/weiteres-zubehoer\/product\/werkzeugkoffer-fuer-deltakits-scheinwerfer-restaurierung-system\/","og_site_name":"Delta Kits","og_image":[{"width":1000,"height":1000,"url":"https:\/\/www.deltakits.net\/wp-content\/uploads\/35010_DeltaKits_HeadlightRestorationKitBox-2-1.jpg","type":"image\/jpeg"}],"twitter_card":"summary_large_image","schema":{"@context":"https:\/\/schema.org","@graph":[]}},"_links":{"self":[{"href":"https:\/\/www.deltakits.net\/de\/wp-json\/wp\/v2\/product\/35968","targetHints":{"allow":["GET"]}}],"collection":[{"href":"https:\/\/www.deltakits.net\/de\/wp-json\/wp\/v2\/product"}],"about":[{"href":"https:\/\/www.deltakits.net\/de\/wp-json\/wp\/v2\/types\/product"}],"replies":[{"embeddable":true,"href":"https:\/\/www.deltakits.net\/de\/wp-json\/wp\/v2\/comments?post=35968"}],"wp:featuredmedia":[{"embeddable":true,"href":"https:\/\/www.deltakits.net\/de\/wp-json\/wp\/v2\/media\/35210"}],"wp:attachment":[{"href":"https:\/\/www.deltakits.net\/de\/wp-json\/wp\/v2\/media?parent=35968"}],"wp:term":[{"taxonomy":"product_brand","embeddable":true,"href":"https:\/\/www.deltakits.net\/de\/wp-json\/wp\/v2\/product_brand?post=35968"},{"taxonomy":"product_cat","embeddable":true,"href":"https:\/\/www.deltakits.net\/de\/wp-json\/wp\/v2\/product_cat?post=35968"},{"taxonomy":"product_tag","embeddable":true,"href":"https:\/\/www.deltakits.net\/de\/wp-json\/wp\/v2\/product_tag?post=35968"}],"curies":[{"name":"wp","href":"https:\/\/api.w.org\/{rel}","templated":true}]}}