{"id":35951,"date":"2019-05-27T08:34:43","date_gmt":"2019-05-27T15:34:43","guid":{"rendered":"https:\/\/www.deltakits.net\/shop\/unkategorisiert\/product\/premium-deckharz\/"},"modified":"2021-06-23T14:48:55","modified_gmt":"2021-06-23T12:48:55","slug":"premium-deckharz","status":"publish","type":"product","link":"https:\/\/www.deltakits.net\/de\/shop\/steinschlagreparatur-produkte\/harz-de\/product\/premium-deckharz\/","title":{"rendered":"Premium Deckharz"},"content":{"rendered":"<p>Premium Deckharze<\/p>\n<p>Deckharze sind nicht einfach dickere Versionen von F\u00fcllharzen, sondern die Chemie zielt auf einen bestimmten Zweck ab. Premium Deckharze bieten eine harte, glatte, ausgeh\u00e4rtete Oberfl\u00e4che f\u00fcr maximale Best\u00e4ndigkeit gegen Witterungseinfl\u00fcsse, Wischerabrieb, Chemikalien usw. Dar\u00fcber hinaus hilft die h\u00f6here Viskosit\u00e4t von Deckharzen dabei, an vertikalen Oberfl\u00e4chen zu bleiben, w\u00e4hrend die Aush\u00e4rtungslasche aufgetragen wird.<\/p>\n<p>Insgesamt sind die Formulierungen der Injektionsharze auf maximale Elastizit\u00e4t (Flex) ausgelegt. Im Grunde genommen dehnt sich das Injektionsharz aus und zieht sich zusammen, wenn sich das Glas aufgrund von Temperaturschwankungen und K\u00f6rperbiegung ausdehnt und zusammenzieht. Dies ist wichtig f\u00fcr alle Arten von Sch\u00e4den und wesentlich f\u00fcr Sternbr\u00fcche und Risse.<\/p>\n<ul>\n<li>Nennviskosit\u00e4t 1900cps<\/li>\n<li>Au\u00dfergew\u00f6hnliche Klebekraft<\/li>\n<li>Hervorragende Haltbarkeit, um Wischerverschlei\u00df, Autow\u00e4schen und st\u00e4ndige Witterungseinfl\u00fcsse zu \u00fcberstehen<\/li>\n<li>Hervorragende optische Klarheit<\/li>\n<li>Schnelle Aush\u00e4rtung<\/li>\n<li>Niedriger Acryls\u00e4uregehalt<\/li>\n<li>Empfohlen f\u00fcr Umgebungstemperaturen unter 35\u00b0 C<\/li>\n<\/ul>\n","protected":false},"excerpt":{"rendered":"<p>Premium Pit Resin ist ein mittel-hochviskoses 1900cps Deckharz, das sich besonders gut f\u00fcr die Autoglasreparatur bei k\u00fchleren Temperaturen eignet, was es zu einem ausgezeichneten ganzj\u00e4hrigen Deckharz in vielen Klimazonen macht. Premium Deckharz ist seit \u00fcber 3 Jahrzehnten ein Favorit in der Branche.<\/p>\n","protected":false},"featured_media":35188,"comment_status":"open","ping_status":"closed","template":"","meta":{"_acf_changed":false},"product_brand":[],"product_cat":[374],"product_tag":[],"class_list":{"0":"post-35951","1":"product","2":"type-product","3":"status-publish","4":"has-post-thumbnail","6":"product_cat-harz-de","8":"first","9":"instock","10":"taxable","11":"shipping-taxable","12":"purchasable","13":"product-type-variable","14":"has-default-attributes"},"acf":[],"yoast_head":"<!-- This site is optimized with the Yoast SEO plugin v27.0 - https:\/\/yoast.com\/product\/yoast-seo-wordpress\/ -->\n<title>Premium Pit Resin Medium - Dickes, haltbares Glas-Grubenf\u00fcllharz<\/title>\n<meta name=\"description\" content=\"Premium Pit Deckharz, eine dickere Version von Steinschlagreparatur F\u00fcllharz. Premium Pit Resin ist so formuliert, dass es ausgeh\u00e4rtet eine sehr harte, glatte, wetterbest\u00e4ndige Oberfl\u00e4che bietet.\" \/>\n<meta name=\"robots\" content=\"index, follow, max-snippet:-1, max-image-preview:large, max-video-preview:-1\" \/>\n<link rel=\"canonical\" href=\"https:\/\/www.deltakits.net\/de\/shop\/steinschlagreparatur-produkte\/harz-de\/product\/premium-deckharz\/\" \/>\n<meta property=\"og:locale\" content=\"de_DE\" \/>\n<meta property=\"og:type\" content=\"article\" \/>\n<meta property=\"og:title\" content=\"Premium Pit Resin Medium - Dickes, haltbares Glas-Grubenf\u00fcllharz\" \/>\n<meta property=\"og:description\" content=\"Premium Pit Deckharz, eine dickere Version von Steinschlagreparatur F\u00fcllharz. Premium Pit Resin ist so formuliert, dass es ausgeh\u00e4rtet eine sehr harte, glatte, wetterbest\u00e4ndige Oberfl\u00e4che bietet.\" \/>\n<meta property=\"og:url\" content=\"https:\/\/www.deltakits.net\/de\/shop\/steinschlagreparatur-produkte\/harz-de\/product\/premium-deckharz\/\" \/>\n<meta property=\"og:site_name\" content=\"Delta Kits\" \/>\n<meta property=\"og:image\" content=\"https:\/\/www.deltakits.net\/wp-content\/uploads\/30290_DeltaKits-1.jpg\" \/>\n\t<meta property=\"og:image:width\" content=\"1000\" \/>\n\t<meta property=\"og:image:height\" content=\"1000\" \/>\n\t<meta property=\"og:image:type\" content=\"image\/jpeg\" \/>\n<meta name=\"twitter:card\" content=\"summary_large_image\" \/>\n<meta name=\"twitter:label1\" content=\"Gesch\u00e4tzte Lesezeit\" \/>\n\t<meta name=\"twitter:data1\" content=\"1\u00a0Minute\" \/>\n<script type=\"application\/ld+json\" class=\"yoast-schema-graph\">{\"@context\":\"https:\/\/schema.org\",\"@graph\":[]}<\/script>\n<!-- \/ Yoast SEO plugin. -->","yoast_head_json":{"title":"Premium Pit Resin Medium - Dickes, haltbares Glas-Grubenf\u00fcllharz","description":"Premium Pit Deckharz, eine dickere Version von Steinschlagreparatur F\u00fcllharz. Premium Pit Resin ist so formuliert, dass es ausgeh\u00e4rtet eine sehr harte, glatte, wetterbest\u00e4ndige Oberfl\u00e4che bietet.","robots":{"index":"index","follow":"follow","max-snippet":"max-snippet:-1","max-image-preview":"max-image-preview:large","max-video-preview":"max-video-preview:-1"},"canonical":"https:\/\/www.deltakits.net\/de\/shop\/steinschlagreparatur-produkte\/harz-de\/product\/premium-deckharz\/","og_locale":"de_DE","og_type":"article","og_title":"Premium Pit Resin Medium - Dickes, haltbares Glas-Grubenf\u00fcllharz","og_description":"Premium Pit Deckharz, eine dickere Version von Steinschlagreparatur F\u00fcllharz. Premium Pit Resin ist so formuliert, dass es ausgeh\u00e4rtet eine sehr harte, glatte, wetterbest\u00e4ndige Oberfl\u00e4che bietet.","og_url":"https:\/\/www.deltakits.net\/de\/shop\/steinschlagreparatur-produkte\/harz-de\/product\/premium-deckharz\/","og_site_name":"Delta Kits","og_image":[{"width":1000,"height":1000,"url":"https:\/\/www.deltakits.net\/wp-content\/uploads\/30290_DeltaKits-1.jpg","type":"image\/jpeg"}],"twitter_card":"summary_large_image","twitter_misc":{"Gesch\u00e4tzte Lesezeit":"1\u00a0Minute"},"schema":{"@context":"https:\/\/schema.org","@graph":[]}},"_links":{"self":[{"href":"https:\/\/www.deltakits.net\/de\/wp-json\/wp\/v2\/product\/35951","targetHints":{"allow":["GET"]}}],"collection":[{"href":"https:\/\/www.deltakits.net\/de\/wp-json\/wp\/v2\/product"}],"about":[{"href":"https:\/\/www.deltakits.net\/de\/wp-json\/wp\/v2\/types\/product"}],"replies":[{"embeddable":true,"href":"https:\/\/www.deltakits.net\/de\/wp-json\/wp\/v2\/comments?post=35951"}],"wp:featuredmedia":[{"embeddable":true,"href":"https:\/\/www.deltakits.net\/de\/wp-json\/wp\/v2\/media\/35188"}],"wp:attachment":[{"href":"https:\/\/www.deltakits.net\/de\/wp-json\/wp\/v2\/media?parent=35951"}],"wp:term":[{"taxonomy":"product_brand","embeddable":true,"href":"https:\/\/www.deltakits.net\/de\/wp-json\/wp\/v2\/product_brand?post=35951"},{"taxonomy":"product_cat","embeddable":true,"href":"https:\/\/www.deltakits.net\/de\/wp-json\/wp\/v2\/product_cat?post=35951"},{"taxonomy":"product_tag","embeddable":true,"href":"https:\/\/www.deltakits.net\/de\/wp-json\/wp\/v2\/product_tag?post=35951"}],"curies":[{"name":"wp","href":"https:\/\/api.w.org\/{rel}","templated":true}]}}