{"id":35926,"date":"2019-05-27T08:34:41","date_gmt":"2019-05-27T15:34:41","guid":{"rendered":"https:\/\/www.deltakits.net\/shop\/unkategorisiert\/product\/probond-af-saeurefreies-harz\/"},"modified":"2019-05-27T08:34:41","modified_gmt":"2019-05-27T15:34:41","slug":"probond-af-saeurefreies-harz","status":"publish","type":"product","link":"https:\/\/www.deltakits.net\/de\/shop\/steinschlagreparatur-produkte\/harz-de\/product\/probond-af-saeurefreies-harz\/","title":{"rendered":"ProBond AF s\u00e4urefreies Harz"},"content":{"rendered":"<p>ProBond AF S\u00e4urefreies Harz<\/p>\n<ul>\n<li>Nennviskosit\u00e4t: 11cp<\/li>\n<li>S\u00e4urefrei*<\/li>\n<li>Ultra-niedrige Toxizit\u00e4t<\/li>\n<li>Ausgezeichnete Haftfestigkeit<br \/>\nSchnelle Aush\u00e4rtung<\/li>\n<li>Ideal f\u00fcr kleine Kuhaugen, Kombinationsbr\u00fcche und Sternbr\u00fcche<\/li>\n<li>Empfohlen f\u00fcr Umgebungstemperaturen unter 30\u00b0 C<\/li>\n<\/ul>\n<p>*Autoglasreparatur-Harze, die als &#8222;s\u00e4urefrei&#8220; angegeben werden, k\u00f6nnen Spuren von S\u00e4ure in Mengen enthalten, die unter den staatlichen Meldeanforderungen liegen<\/p>\n<p>Gemeinsame Eigenschaften aller Delta Kits Injektionsharze sind:<\/p>\n<ul>\n<li>\u00dcberragende Flexibilit\u00e4t zum Ausgleich von Ausdehnung, Kontraktion und Glasbiegung<\/li>\n<li>Hervorragende optische Klarheit<\/li>\n<li>Kompatibel mit allen Autoglasreparatursystemen<\/li>\n<li>Die 15-ml-Kunststoffflaschen enthalten sowohl eine Pipette aus Glas als auch eine Tropferspitze<\/li>\n<li>Geld-zur\u00fcck-Garantie<\/li>\n<li>Niedriger Acryls\u00e4uregehalt<\/li>\n<\/ul>\n<p>wichtige Information zu Acryls\u00e4ure Allergie<\/p>\n<p>Umgang mit der Empfindlichkeit gegen\u00fcber Autoglasreparatur-Harzen<br \/>\nAutoglasreparatur-Harze gibt es in einer Vielzahl von Farben, Viskosit\u00e4ten und Qualit\u00e4ten, aber die meisten haben eines gemeinsam: Sie enthalten Acryls\u00e4ure. Acryls\u00e4ure kann eine Empfindlichkeit gegen\u00fcber Autoglasreparatur-Harzen verursachen. Acryls\u00e4ure \u00e4tzt das Glas an, um eine maximale Haftung zu gew\u00e4hrleisten. Da das oberste Ziel der Autoglasreparatur die Wiederherstellung der strukturellen Integrit\u00e4t der Scheibe ist, ist die F\u00e4higkeit des Harzes, sich mit dem Glas zu verbinden, entscheidend.<\/p>\n<p>Obwohl Acryls\u00e4ure ein wichtiger Bestandteil der meisten hochwertigen Autoglasreparatur-Harze ist, ist es wie bei allen S\u00e4uren wichtig, die richtigen Sicherheitsma\u00dfnahmen zu beachten. Wenn Sie Harz auf Ihre Ausr\u00fcstung oder auf die Autoscheibenwischer, die Polsterung oder die Lackierung eines Kunden gelangen lassen, kann es Sch\u00e4den verursachen. Harze auf S\u00e4urebasis k\u00f6nnen bei unverantwortlichem Umgang auch Hautreizungen verursachen. In seltenen F\u00e4llen k\u00f6nnen Personen nach wiederholtem Kontakt mit der Chemikalie eine \u00dcberempfindlichkeit gegen\u00fcber Acryls\u00e4ure entwickeln. Nat\u00fcrlich kann eine \u00dcberempfindlichkeit unbehandelt zu einem brennenden Gef\u00fchl oder offenen Wunden f\u00fchren.<\/p>\n<p>Nitrilhandschuhe und Empfindlichkeit gegen\u00fcber Autoglasreparatur-Harzen<br \/>\nVor diesem Hintergrund gibt es mehrere M\u00f6glichkeiten, wie Sie sich vor den Auswirkungen der Acryls\u00e4ure im Harz sch\u00fctzen k\u00f6nnen. Erstens sollten Sie immer Nitrilhandschuhe tragen, wenn Sie eine Reparatur durchf\u00fchren oder danach aufr\u00e4umen. Nitrilhandschuhe k\u00f6nnen die \u00e4tzende Wirkung der S\u00e4ure blockieren, im Gegensatz zu Latexhandschuhen, die dies nicht k\u00f6nnen.<\/p>\n","protected":false},"excerpt":{"rendered":"<p>ProBond AF Autoglasreparatur-Harz ist ein ultra-niedrigviskoses 11cps s\u00e4urefreies Injektionsharz, das von Technikern mit besonders empfindlicher Haut bevorzugt wird. Vergleichbar mit ProBond 5010, flie\u00dft ProBond AF selbst bei kaltem Wetter leicht und \u00fcbertrifft alle anderen niedrigviskosen s\u00e4urefreien Harze.<\/p>\n","protected":false},"featured_media":35180,"comment_status":"open","ping_status":"closed","template":"","meta":{"_acf_changed":false},"product_brand":[],"product_cat":[374],"product_tag":[],"class_list":{"0":"post-35926","1":"product","2":"type-product","3":"status-publish","4":"has-post-thumbnail","6":"product_cat-harz-de","8":"first","9":"instock","10":"taxable","11":"shipping-taxable","12":"purchasable","13":"product-type-variable","14":"has-default-attributes"},"acf":[],"yoast_head":"<!-- This site is optimized with the Yoast SEO plugin v27.0 - https:\/\/yoast.com\/product\/yoast-seo-wordpress\/ -->\n<title>ProBond AF s\u00e4urefreies Harz - Delta Kits<\/title>\n<meta name=\"description\" content=\"Probond AF ist ein s\u00e4urefreies Autoglasreparaturharz mit niedriger Viskosit\u00e4t. Schnell h\u00e4rtend und kompatibel mit allen Autoglasreparatursystemen.\" \/>\n<meta name=\"robots\" content=\"index, follow, max-snippet:-1, max-image-preview:large, max-video-preview:-1\" \/>\n<link rel=\"canonical\" href=\"https:\/\/www.deltakits.net\/de\/shop\/steinschlagreparatur-produkte\/harz-de\/product\/probond-af-saeurefreies-harz\/\" \/>\n<meta property=\"og:locale\" content=\"de_DE\" \/>\n<meta property=\"og:type\" content=\"article\" \/>\n<meta property=\"og:title\" content=\"ProBond AF s\u00e4urefreies Harz - Delta Kits\" \/>\n<meta property=\"og:description\" content=\"Probond AF ist ein s\u00e4urefreies Autoglasreparaturharz mit niedriger Viskosit\u00e4t. Schnell h\u00e4rtend und kompatibel mit allen Autoglasreparatursystemen.\" \/>\n<meta property=\"og:url\" content=\"https:\/\/www.deltakits.net\/de\/shop\/steinschlagreparatur-produkte\/harz-de\/product\/probond-af-saeurefreies-harz\/\" \/>\n<meta property=\"og:site_name\" content=\"Delta Kits\" \/>\n<meta property=\"og:image\" content=\"https:\/\/www.deltakits.net\/wp-content\/uploads\/30061_DeltaKits-1.jpg\" \/>\n\t<meta property=\"og:image:width\" content=\"1000\" \/>\n\t<meta property=\"og:image:height\" content=\"1000\" \/>\n\t<meta property=\"og:image:type\" content=\"image\/jpeg\" \/>\n<meta name=\"twitter:card\" content=\"summary_large_image\" \/>\n<meta name=\"twitter:label1\" content=\"Gesch\u00e4tzte Lesezeit\" \/>\n\t<meta name=\"twitter:data1\" content=\"2\u00a0Minuten\" \/>\n<script type=\"application\/ld+json\" class=\"yoast-schema-graph\">{\"@context\":\"https:\/\/schema.org\",\"@graph\":[]}<\/script>\n<!-- \/ Yoast SEO plugin. -->","yoast_head_json":{"title":"ProBond AF s\u00e4urefreies Harz - Delta Kits","description":"Probond AF ist ein s\u00e4urefreies Autoglasreparaturharz mit niedriger Viskosit\u00e4t. Schnell h\u00e4rtend und kompatibel mit allen Autoglasreparatursystemen.","robots":{"index":"index","follow":"follow","max-snippet":"max-snippet:-1","max-image-preview":"max-image-preview:large","max-video-preview":"max-video-preview:-1"},"canonical":"https:\/\/www.deltakits.net\/de\/shop\/steinschlagreparatur-produkte\/harz-de\/product\/probond-af-saeurefreies-harz\/","og_locale":"de_DE","og_type":"article","og_title":"ProBond AF s\u00e4urefreies Harz - Delta Kits","og_description":"Probond AF ist ein s\u00e4urefreies Autoglasreparaturharz mit niedriger Viskosit\u00e4t. Schnell h\u00e4rtend und kompatibel mit allen Autoglasreparatursystemen.","og_url":"https:\/\/www.deltakits.net\/de\/shop\/steinschlagreparatur-produkte\/harz-de\/product\/probond-af-saeurefreies-harz\/","og_site_name":"Delta Kits","og_image":[{"width":1000,"height":1000,"url":"https:\/\/www.deltakits.net\/wp-content\/uploads\/30061_DeltaKits-1.jpg","type":"image\/jpeg"}],"twitter_card":"summary_large_image","twitter_misc":{"Gesch\u00e4tzte Lesezeit":"2\u00a0Minuten"},"schema":{"@context":"https:\/\/schema.org","@graph":[]}},"_links":{"self":[{"href":"https:\/\/www.deltakits.net\/de\/wp-json\/wp\/v2\/product\/35926","targetHints":{"allow":["GET"]}}],"collection":[{"href":"https:\/\/www.deltakits.net\/de\/wp-json\/wp\/v2\/product"}],"about":[{"href":"https:\/\/www.deltakits.net\/de\/wp-json\/wp\/v2\/types\/product"}],"replies":[{"embeddable":true,"href":"https:\/\/www.deltakits.net\/de\/wp-json\/wp\/v2\/comments?post=35926"}],"wp:featuredmedia":[{"embeddable":true,"href":"https:\/\/www.deltakits.net\/de\/wp-json\/wp\/v2\/media\/35180"}],"wp:attachment":[{"href":"https:\/\/www.deltakits.net\/de\/wp-json\/wp\/v2\/media?parent=35926"}],"wp:term":[{"taxonomy":"product_brand","embeddable":true,"href":"https:\/\/www.deltakits.net\/de\/wp-json\/wp\/v2\/product_brand?post=35926"},{"taxonomy":"product_cat","embeddable":true,"href":"https:\/\/www.deltakits.net\/de\/wp-json\/wp\/v2\/product_cat?post=35926"},{"taxonomy":"product_tag","embeddable":true,"href":"https:\/\/www.deltakits.net\/de\/wp-json\/wp\/v2\/product_tag?post=35926"}],"curies":[{"name":"wp","href":"https:\/\/api.w.org\/{rel}","templated":true}]}}