{"id":35922,"date":"2019-05-27T08:34:40","date_gmt":"2019-05-27T15:34:40","guid":{"rendered":"https:\/\/www.deltakits.net\/shop\/unkategorisiert\/product\/probond-5010-harz-fuer-steinschlagreparatur\/"},"modified":"2019-05-27T08:34:40","modified_gmt":"2019-05-27T15:34:40","slug":"probond-5010-harz-fuer-steinschlagreparatur","status":"publish","type":"product","link":"https:\/\/www.deltakits.net\/de\/shop\/steinschlagreparatur-produkte\/harz-de\/product\/probond-5010-harz-fuer-steinschlagreparatur\/","title":{"rendered":"ProBond 5010 Harz f\u00fcr Steinschlagreparatur"},"content":{"rendered":"<p>ProBond 5010 gilt als ein sehr niedrigviskoses <a href=\"https:\/\/www.deltakits.net\/de\/shop\/steinschlagreparatur-produkte\/harz-de\/\">Steinschlagreparaturharz<\/a><\/p>\n<ul>\n<li>Nominale Viskosit\u00e4t: 11cps<\/li>\n<li>Geringe Toxizit\u00e4t<\/li>\n<li>Au\u00dfergew\u00f6hnliche Klebekraft<\/li>\n<li>Schnell h\u00e4rtend<\/li>\n<li>Hervorragend geeignet f\u00fcr die meisten Brucharten<\/li>\n<li>Nicht empfohlen f\u00fcr Umgebungstemperaturen \u00fcber 30 \u00b0 C<\/li>\n<\/ul>\n<p>Zu den gemeinsamen Eigenschaften aller Delta Kits Injektionsharze geh\u00f6ren:<\/p>\n<ul>\n<li>Hervorragende Flexibilit\u00e4t zum Ausgleich von Ausdehnung, Kontraktion und Glasbiegung<\/li>\n<li>Hervorragende optische Klarheit<\/li>\n<li>Kompatibel mit allen Autoglasreparatursystemen<\/li>\n<li>Die 15-ml-Kunststoffflaschen enthalten sowohl eine Tropferspitze als auch einen Glaspipetten-Tropfer<\/li>\n<li>Geld-zur\u00fcck-Garantie<\/li>\n<li>Niedriger Acryls\u00e4uregehalt<\/li>\n<\/ul>\n","protected":false},"excerpt":{"rendered":"<p>ProBond 5010 Autoglasreparaturharz ist ein ausgezeichnetes ultra-niedrigviskoses 11cps-Injektionsharz, das sich hervorragend f\u00fcr die Autoglasreparatur bei kaltem Wetter eignet. ProBond 5010 ist fast wasserd\u00fcnn, um selbst in die engsten Risse zu flie\u00dfen, aber stark genug, um auch unter den h\u00e4rtesten Bedingungen zu halten.<\/p>\n","protected":false},"featured_media":35178,"comment_status":"open","ping_status":"closed","template":"","meta":{"_acf_changed":false},"product_brand":[],"product_cat":[374],"product_tag":[],"class_list":{"0":"post-35922","1":"product","2":"type-product","3":"status-publish","4":"has-post-thumbnail","6":"product_cat-harz-de","8":"first","9":"instock","10":"taxable","11":"shipping-taxable","12":"purchasable","13":"product-type-variable","14":"has-default-attributes"},"acf":[],"yoast_head":"<!-- This site is optimized with the Yoast SEO plugin v27.0 - https:\/\/yoast.com\/product\/yoast-seo-wordpress\/ -->\n<title>ProBond 5010 Harz f\u00fcr Steinschlagreparatur - Delta Kits<\/title>\n<meta name=\"description\" content=\"ProBond 5010 Autoglasreparaturharz ist ein ausgezeichnetes ultra-niedrigviskoses 11cps-Injektionsharz, das sich hervorragend f\u00fcr die Autoglasreparatur bei kaltem Wetter eignet.\" \/>\n<meta name=\"robots\" content=\"index, follow, max-snippet:-1, max-image-preview:large, max-video-preview:-1\" \/>\n<link rel=\"canonical\" href=\"https:\/\/www.deltakits.net\/de\/shop\/steinschlagreparatur-produkte\/harz-de\/product\/probond-5010-harz-fuer-steinschlagreparatur\/\" \/>\n<meta property=\"og:locale\" content=\"de_DE\" \/>\n<meta property=\"og:type\" content=\"article\" \/>\n<meta property=\"og:title\" content=\"ProBond 5010 Harz f\u00fcr Steinschlagreparatur - Delta Kits\" \/>\n<meta property=\"og:description\" content=\"ProBond 5010 Autoglasreparaturharz ist ein ausgezeichnetes ultra-niedrigviskoses 11cps-Injektionsharz, das sich hervorragend f\u00fcr die Autoglasreparatur bei kaltem Wetter eignet.\" \/>\n<meta property=\"og:url\" content=\"https:\/\/www.deltakits.net\/de\/shop\/steinschlagreparatur-produkte\/harz-de\/product\/probond-5010-harz-fuer-steinschlagreparatur\/\" \/>\n<meta property=\"og:site_name\" content=\"Delta Kits\" \/>\n<meta property=\"og:image\" content=\"https:\/\/www.deltakits.net\/wp-content\/uploads\/30031_DeltaKits-1.jpg\" \/>\n\t<meta property=\"og:image:width\" content=\"1000\" \/>\n\t<meta property=\"og:image:height\" content=\"1000\" \/>\n\t<meta property=\"og:image:type\" content=\"image\/jpeg\" \/>\n<meta name=\"twitter:card\" content=\"summary_large_image\" \/>\n<script type=\"application\/ld+json\" class=\"yoast-schema-graph\">{\"@context\":\"https:\/\/schema.org\",\"@graph\":[]}<\/script>\n<!-- \/ Yoast SEO plugin. -->","yoast_head_json":{"title":"ProBond 5010 Harz f\u00fcr Steinschlagreparatur - Delta Kits","description":"ProBond 5010 Autoglasreparaturharz ist ein ausgezeichnetes ultra-niedrigviskoses 11cps-Injektionsharz, das sich hervorragend f\u00fcr die Autoglasreparatur bei kaltem Wetter eignet.","robots":{"index":"index","follow":"follow","max-snippet":"max-snippet:-1","max-image-preview":"max-image-preview:large","max-video-preview":"max-video-preview:-1"},"canonical":"https:\/\/www.deltakits.net\/de\/shop\/steinschlagreparatur-produkte\/harz-de\/product\/probond-5010-harz-fuer-steinschlagreparatur\/","og_locale":"de_DE","og_type":"article","og_title":"ProBond 5010 Harz f\u00fcr Steinschlagreparatur - Delta Kits","og_description":"ProBond 5010 Autoglasreparaturharz ist ein ausgezeichnetes ultra-niedrigviskoses 11cps-Injektionsharz, das sich hervorragend f\u00fcr die Autoglasreparatur bei kaltem Wetter eignet.","og_url":"https:\/\/www.deltakits.net\/de\/shop\/steinschlagreparatur-produkte\/harz-de\/product\/probond-5010-harz-fuer-steinschlagreparatur\/","og_site_name":"Delta Kits","og_image":[{"width":1000,"height":1000,"url":"https:\/\/www.deltakits.net\/wp-content\/uploads\/30031_DeltaKits-1.jpg","type":"image\/jpeg"}],"twitter_card":"summary_large_image","schema":{"@context":"https:\/\/schema.org","@graph":[]}},"_links":{"self":[{"href":"https:\/\/www.deltakits.net\/de\/wp-json\/wp\/v2\/product\/35922","targetHints":{"allow":["GET"]}}],"collection":[{"href":"https:\/\/www.deltakits.net\/de\/wp-json\/wp\/v2\/product"}],"about":[{"href":"https:\/\/www.deltakits.net\/de\/wp-json\/wp\/v2\/types\/product"}],"replies":[{"embeddable":true,"href":"https:\/\/www.deltakits.net\/de\/wp-json\/wp\/v2\/comments?post=35922"}],"wp:featuredmedia":[{"embeddable":true,"href":"https:\/\/www.deltakits.net\/de\/wp-json\/wp\/v2\/media\/35178"}],"wp:attachment":[{"href":"https:\/\/www.deltakits.net\/de\/wp-json\/wp\/v2\/media?parent=35922"}],"wp:term":[{"taxonomy":"product_brand","embeddable":true,"href":"https:\/\/www.deltakits.net\/de\/wp-json\/wp\/v2\/product_brand?post=35922"},{"taxonomy":"product_cat","embeddable":true,"href":"https:\/\/www.deltakits.net\/de\/wp-json\/wp\/v2\/product_cat?post=35922"},{"taxonomy":"product_tag","embeddable":true,"href":"https:\/\/www.deltakits.net\/de\/wp-json\/wp\/v2\/product_tag?post=35922"}],"curies":[{"name":"wp","href":"https:\/\/api.w.org\/{rel}","templated":true}]}}