{"id":35907,"date":"2020-09-27T08:34:39","date_gmt":"2020-09-27T15:34:39","guid":{"rendered":"https:\/\/www.deltakits.net\/shop\/unkategorisiert\/product\/konischer-karbidbohrer-10-mm-lange-spitze\/"},"modified":"2021-04-13T01:23:18","modified_gmt":"2021-04-13T08:23:18","slug":"konischer-karbidbohrer-10-mm-lange-spitze","status":"publish","type":"product","link":"https:\/\/www.deltakits.net\/de\/shop\/steinschlagreparatur-produkte\/ersatzteile-de\/weitere-ersatzteile\/product\/konischer-karbidbohrer-10-mm-lange-spitze\/","title":{"rendered":"Konischer Karbidbohrer 1,0 mm, lange Spitze"},"content":{"rendered":"<p>Hartmetallbohrer konisch 1,0 mm, lange Spitze<\/p>\n<ul>\n<li>1,0 mm lange konische Spitze<\/li>\n<li>Lange Lebensdauer<\/li>\n<li>Haltbarkeit Bewertung: 4 (beste auf Skala 0 &#8211; 5 )<\/li>\n<li>Schaftl\u00e4nge: 20 mm<\/li>\n<li>Schaftdurchmesser: 1,0 mm<\/li>\n<li>Bohrungsgr\u00f6\u00dfe: 1,0 mm<\/li>\n<li>Passt zu Delta Kits 1,6 mm Spannzange (Teil # 14100)<\/li>\n<\/ul>\n<p>Ersetzt Teilenummer: FG170L<\/p>\n<p>Technischer Tipp: Holen Sie mehr aus Ihren Bohrern heraus, wenn Sie Glas bohren<br \/>\nBei der Autoglasreparatur werden verschiedene Bohrer verwendet. Wie w\u00e4hlt man also den richtigen Fr\u00e4ser f\u00fcr die jeweilige Aufgabe aus und holt das Maximum aus dem Fr\u00e4ser heraus?<\/p>\n<p>Der erste Feind der Lebensdauer von Bohrern ist Hitze. Da der Bohrkopf dieser Werkzeuge klein ist, braucht es nicht viel Reibung, um eine betr\u00e4chtliche W\u00e4rmemenge im Metall zu erzeugen. Wenn Sie jemals versehentlich einen Bohrer angefasst haben, nachdem Sie ihn benutzt haben, wissen Sie, was ich meine. Sie k\u00f6nnen hei\u00df werden! Das Bohren mit hoher Geschwindigkeit oder \u00fcber einen l\u00e4ngeren Zeitraum hinweg tr\u00e4gt ebenfalls zur W\u00e4rmeentwicklung bei. Je gr\u00f6\u00dfer der Bohrkopf des Bohrers ist, desto besser kann er der Hitze widerstehen, was den konischen Hartmetallbohrer zu einer guten Wahl macht.<\/p>\n<p>Ein weiterer Feind des Hartmetallfr\u00e4sers sind Ablagerungen von fr\u00fcheren Bohrungen. Glassplitter, Schmutz und sogar das Polyvinylbutyral-Laminat k\u00f6nnen sich am Bohrer festsetzen und ihn abnutzen. Um den Bohrer vor oder nach der Verwendung zu reinigen, verwenden Sie einfach ein Feuerzeug, um Verunreinigungen wegzubrennen. Wie wir gerade besprochen haben, schadet auch Hitze, also gehen Sie sparsam mit der Flamme um. Sie brauchen gerade genug, um Verunreinigungen wegzubrennen und nicht mehr.<\/p>\n","protected":false},"excerpt":{"rendered":"<p>Wolframkarbid mit Edelstahlschaft. Der 26060 konische Hartmetallfr\u00e4ser 1 mm ist ein Topseller und wird mit der 14100 1,6 mm Spannzange und der 14001 Mini Bohrmaschine f\u00fcr hervorragende Ergebnisse verwendet. Die kegekf\u00f6rmige Spitze ist empfohlen zum \u00d6ffnen von engen Besch\u00e4digungen.<\/p>\n","protected":false},"featured_media":35169,"comment_status":"open","ping_status":"closed","template":"","meta":{"_acf_changed":false},"product_brand":[],"product_cat":[418,428],"product_tag":[],"class_list":{"0":"post-35907","1":"product","2":"type-product","3":"status-publish","4":"has-post-thumbnail","6":"product_cat-karbidbohrer","7":"product_cat-weitere-ersatzteile","9":"first","10":"instock","11":"featured","12":"taxable","13":"shipping-taxable","14":"purchasable","15":"product-type-variable","16":"has-default-attributes"},"acf":[],"yoast_head":"<!-- This site is optimized with the Yoast SEO plugin v27.0 - https:\/\/yoast.com\/product\/yoast-seo-wordpress\/ -->\n<title>Konischer Karbidbohrer 1,0 mm, lange Spitze - Delta Kits<\/title>\n<meta name=\"description\" content=\"Tungsten-carbide with stainless steel shaft. tapered tip reduces skipping and chipping.\" \/>\n<meta name=\"robots\" content=\"index, follow, max-snippet:-1, max-image-preview:large, max-video-preview:-1\" \/>\n<link rel=\"canonical\" href=\"https:\/\/www.deltakits.net\/de\/shop\/steinschlagreparatur-produkte\/ersatzteile-de\/weitere-ersatzteile\/product\/konischer-karbidbohrer-10-mm-lange-spitze\/\" \/>\n<meta property=\"og:locale\" content=\"de_DE\" \/>\n<meta property=\"og:type\" content=\"article\" \/>\n<meta property=\"og:title\" content=\"Konischer Karbidbohrer 1,0 mm, lange Spitze - Delta Kits\" \/>\n<meta property=\"og:description\" content=\"Tungsten-carbide with stainless steel shaft. tapered tip reduces skipping and chipping.\" \/>\n<meta property=\"og:url\" content=\"https:\/\/www.deltakits.net\/de\/shop\/steinschlagreparatur-produkte\/ersatzteile-de\/weitere-ersatzteile\/product\/konischer-karbidbohrer-10-mm-lange-spitze\/\" \/>\n<meta property=\"og:site_name\" content=\"Delta Kits\" \/>\n<meta property=\"og:image\" content=\"https:\/\/www.deltakits.net\/wp-content\/uploads\/26060_DeltaKits-1.jpg\" \/>\n\t<meta property=\"og:image:width\" content=\"1000\" \/>\n\t<meta property=\"og:image:height\" content=\"1000\" \/>\n\t<meta property=\"og:image:type\" content=\"image\/jpeg\" \/>\n<meta name=\"twitter:card\" content=\"summary_large_image\" \/>\n<meta name=\"twitter:label1\" content=\"Gesch\u00e4tzte Lesezeit\" \/>\n\t<meta name=\"twitter:data1\" content=\"1\u00a0Minute\" \/>\n<script type=\"application\/ld+json\" class=\"yoast-schema-graph\">{\"@context\":\"https:\/\/schema.org\",\"@graph\":[]}<\/script>\n<!-- \/ Yoast SEO plugin. -->","yoast_head_json":{"title":"Konischer Karbidbohrer 1,0 mm, lange Spitze - Delta Kits","description":"Tungsten-carbide with stainless steel shaft. tapered tip reduces skipping and chipping.","robots":{"index":"index","follow":"follow","max-snippet":"max-snippet:-1","max-image-preview":"max-image-preview:large","max-video-preview":"max-video-preview:-1"},"canonical":"https:\/\/www.deltakits.net\/de\/shop\/steinschlagreparatur-produkte\/ersatzteile-de\/weitere-ersatzteile\/product\/konischer-karbidbohrer-10-mm-lange-spitze\/","og_locale":"de_DE","og_type":"article","og_title":"Konischer Karbidbohrer 1,0 mm, lange Spitze - Delta Kits","og_description":"Tungsten-carbide with stainless steel shaft. tapered tip reduces skipping and chipping.","og_url":"https:\/\/www.deltakits.net\/de\/shop\/steinschlagreparatur-produkte\/ersatzteile-de\/weitere-ersatzteile\/product\/konischer-karbidbohrer-10-mm-lange-spitze\/","og_site_name":"Delta Kits","og_image":[{"width":1000,"height":1000,"url":"https:\/\/www.deltakits.net\/wp-content\/uploads\/26060_DeltaKits-1.jpg","type":"image\/jpeg"}],"twitter_card":"summary_large_image","twitter_misc":{"Gesch\u00e4tzte Lesezeit":"1\u00a0Minute"},"schema":{"@context":"https:\/\/schema.org","@graph":[]}},"_links":{"self":[{"href":"https:\/\/www.deltakits.net\/de\/wp-json\/wp\/v2\/product\/35907","targetHints":{"allow":["GET"]}}],"collection":[{"href":"https:\/\/www.deltakits.net\/de\/wp-json\/wp\/v2\/product"}],"about":[{"href":"https:\/\/www.deltakits.net\/de\/wp-json\/wp\/v2\/types\/product"}],"replies":[{"embeddable":true,"href":"https:\/\/www.deltakits.net\/de\/wp-json\/wp\/v2\/comments?post=35907"}],"wp:featuredmedia":[{"embeddable":true,"href":"https:\/\/www.deltakits.net\/de\/wp-json\/wp\/v2\/media\/35169"}],"wp:attachment":[{"href":"https:\/\/www.deltakits.net\/de\/wp-json\/wp\/v2\/media?parent=35907"}],"wp:term":[{"taxonomy":"product_brand","embeddable":true,"href":"https:\/\/www.deltakits.net\/de\/wp-json\/wp\/v2\/product_brand?post=35907"},{"taxonomy":"product_cat","embeddable":true,"href":"https:\/\/www.deltakits.net\/de\/wp-json\/wp\/v2\/product_cat?post=35907"},{"taxonomy":"product_tag","embeddable":true,"href":"https:\/\/www.deltakits.net\/de\/wp-json\/wp\/v2\/product_tag?post=35907"}],"curies":[{"name":"wp","href":"https:\/\/api.w.org\/{rel}","templated":true}]}}