{"id":35887,"date":"2019-05-27T08:34:20","date_gmt":"2019-05-27T15:34:20","guid":{"rendered":"https:\/\/www.deltakits.net\/shop\/unkategorisiert\/product\/ceriumoxid-poliermittel\/"},"modified":"2023-01-06T10:00:41","modified_gmt":"2023-01-06T09:00:41","slug":"ceriumoxid-poliermittel","status":"publish","type":"product","link":"https:\/\/www.deltakits.net\/de\/shop\/scheinwerfer-restaurierung\/arbeitsmaterial\/weiteres-zubehoer\/product\/ceriumoxid-poliermittel\/","title":{"rendered":"Ceriumoxid-Poliermittel"},"content":{"rendered":"<p>Premium-Ceroxid-Glaspolierpulver mit Wasser mischen, um eine Paste zum Polieren feiner Kanten und Entfernen leichter Kratzer in Glas zu erzeugen. Verwenden Sie den Delta Kits 25010 Polierkopf f\u00fcr die Entfernung von Kratzern auf Autoscheiben.<\/p>\n<p>Ceroxid-Polierpaste wird am h\u00e4ufigsten zum Polieren von Glas verwendet, eignet sich aber auch hervorragend zum Polieren von Gesteinen &#8211; Achaten, Quarz, Opal, Obsidian usw. Verwenden Sie zum Auspolieren von Kratzern in Glas, indem Sie eine Aufschl\u00e4mmung von der Konsistenz von Milch herstellen. Mit dem Finger und einem weichen Tuch tauchen Sie den Schlamm ein und reiben den Kratzer aus. Bei tieferen Kratzern m\u00fcssen Sie ein superfeines Silikonkarbid-Schleifpapier oder Diamant-Handpads in verschiedenen K\u00f6rnungen verwenden, um den Kratzer herauszuarbeiten und dann mit dem Cerium zu polieren. Es erfordert eine Menge Arbeit, ist aber m\u00f6glich, dies zu erreichen. Dieses Cerium ist das rote bis dunkle Orange und ist von hoher optischer Qualit\u00e4t.<\/p>\n<p>Es ist eine ausgezeichnete Politur f\u00fcr Steine in einem Tumbler (1 oz (37,8 g) pro Pfund Stein) oder einer Vibrationsschleife (Slurry). Verwenden Sie es auf einer Schwabbelscheibe aus hartem Stoff, Leder oder Leinwand Nr. 8. Mischen Sie es mit Wasser, bis es die Konsistenz von Milch hat. Streichen Sie es auf, polieren Sie Ihre Steine und halten Sie eine Spr\u00fchflasche bereit, um die Oberfl\u00e4che feucht zu halten.<\/p>\n<p>Verwenden Sie es mit Facettiermaschinen, Schleifb\u00e4ndern, Schleiftellern, Polierk\u00f6pfen f\u00fcr Dremel-Werkzeuge. Leder- oder Filzpolierwerkzeuge werden bevorzugt, aber auch Baumwollschwabbeln funktionieren gut.<\/p>\n","protected":false},"excerpt":{"rendered":"<p>Premium-Ceroxid-Glaspolierpulver mit Wasser mischen, um eine Paste zum Polieren feiner Kanten und Entfernen leichter Kratzer in Glas zu erzeugen. Verwenden Sie den Delta Kits 25010 Polierkopf f\u00fcr die Entfernung von Kratzern auf Autoscheiben.<\/p>\n","protected":false},"featured_media":35139,"comment_status":"open","ping_status":"closed","template":"","meta":{"_acf_changed":false},"product_brand":[],"product_cat":[402],"product_tag":[],"class_list":{"0":"post-35887","1":"product","2":"type-product","3":"status-publish","4":"has-post-thumbnail","6":"product_cat-weiteres-zubehoer","8":"first","9":"instock","10":"taxable","11":"shipping-taxable","12":"purchasable","13":"product-type-variable","14":"has-default-attributes"},"acf":[],"yoast_head":"<!-- This site is optimized with the Yoast SEO plugin v27.0 - https:\/\/yoast.com\/product\/yoast-seo-wordpress\/ -->\n<title>Ceriumoxid-Poliermittel - Glas-Kratzer-Entfernung - Delta Kits<\/title>\n<meta name=\"description\" content=\"Ceriumoxid-Glaspolierpulver &amp; Schwabbelmasse, wird mit Wasser vermischt, um eine Schleifpaste zum Feinpolieren oder zur Entfernung feiner Kratzer auf Windschutzscheiben zu erzeugen.\" \/>\n<meta name=\"robots\" content=\"index, follow, max-snippet:-1, max-image-preview:large, max-video-preview:-1\" \/>\n<link rel=\"canonical\" href=\"https:\/\/www.deltakits.net\/de\/shop\/scheinwerfer-restaurierung\/arbeitsmaterial\/weiteres-zubehoer\/product\/ceriumoxid-poliermittel\/\" \/>\n<meta property=\"og:locale\" content=\"de_DE\" \/>\n<meta property=\"og:type\" content=\"article\" \/>\n<meta property=\"og:title\" content=\"Ceriumoxid-Poliermittel - Glas-Kratzer-Entfernung - Delta Kits\" \/>\n<meta property=\"og:description\" content=\"Ceriumoxid-Glaspolierpulver &amp; Schwabbelmasse, wird mit Wasser vermischt, um eine Schleifpaste zum Feinpolieren oder zur Entfernung feiner Kratzer auf Windschutzscheiben zu erzeugen.\" \/>\n<meta property=\"og:url\" content=\"https:\/\/www.deltakits.net\/de\/shop\/scheinwerfer-restaurierung\/arbeitsmaterial\/weiteres-zubehoer\/product\/ceriumoxid-poliermittel\/\" \/>\n<meta property=\"og:site_name\" content=\"Delta Kits\" \/>\n<meta property=\"og:image\" content=\"https:\/\/www.deltakits.net\/wp-content\/uploads\/25000_CeriumOxide_Powder_DeltaKits_-1.jpg\" \/>\n\t<meta property=\"og:image:width\" content=\"1000\" \/>\n\t<meta property=\"og:image:height\" content=\"1000\" \/>\n\t<meta property=\"og:image:type\" content=\"image\/jpeg\" \/>\n<meta name=\"twitter:card\" content=\"summary_large_image\" \/>\n<meta name=\"twitter:label1\" content=\"Gesch\u00e4tzte Lesezeit\" \/>\n\t<meta name=\"twitter:data1\" content=\"1\u00a0Minute\" \/>\n<script type=\"application\/ld+json\" class=\"yoast-schema-graph\">{\"@context\":\"https:\/\/schema.org\",\"@graph\":[]}<\/script>\n<!-- \/ Yoast SEO plugin. -->","yoast_head_json":{"title":"Ceriumoxid-Poliermittel - Glas-Kratzer-Entfernung - Delta Kits","description":"Ceriumoxid-Glaspolierpulver & Schwabbelmasse, wird mit Wasser vermischt, um eine Schleifpaste zum Feinpolieren oder zur Entfernung feiner Kratzer auf Windschutzscheiben zu erzeugen.","robots":{"index":"index","follow":"follow","max-snippet":"max-snippet:-1","max-image-preview":"max-image-preview:large","max-video-preview":"max-video-preview:-1"},"canonical":"https:\/\/www.deltakits.net\/de\/shop\/scheinwerfer-restaurierung\/arbeitsmaterial\/weiteres-zubehoer\/product\/ceriumoxid-poliermittel\/","og_locale":"de_DE","og_type":"article","og_title":"Ceriumoxid-Poliermittel - Glas-Kratzer-Entfernung - Delta Kits","og_description":"Ceriumoxid-Glaspolierpulver & Schwabbelmasse, wird mit Wasser vermischt, um eine Schleifpaste zum Feinpolieren oder zur Entfernung feiner Kratzer auf Windschutzscheiben zu erzeugen.","og_url":"https:\/\/www.deltakits.net\/de\/shop\/scheinwerfer-restaurierung\/arbeitsmaterial\/weiteres-zubehoer\/product\/ceriumoxid-poliermittel\/","og_site_name":"Delta Kits","og_image":[{"width":1000,"height":1000,"url":"https:\/\/www.deltakits.net\/wp-content\/uploads\/25000_CeriumOxide_Powder_DeltaKits_-1.jpg","type":"image\/jpeg"}],"twitter_card":"summary_large_image","twitter_misc":{"Gesch\u00e4tzte Lesezeit":"1\u00a0Minute"},"schema":{"@context":"https:\/\/schema.org","@graph":[]}},"_links":{"self":[{"href":"https:\/\/www.deltakits.net\/de\/wp-json\/wp\/v2\/product\/35887","targetHints":{"allow":["GET"]}}],"collection":[{"href":"https:\/\/www.deltakits.net\/de\/wp-json\/wp\/v2\/product"}],"about":[{"href":"https:\/\/www.deltakits.net\/de\/wp-json\/wp\/v2\/types\/product"}],"replies":[{"embeddable":true,"href":"https:\/\/www.deltakits.net\/de\/wp-json\/wp\/v2\/comments?post=35887"}],"wp:featuredmedia":[{"embeddable":true,"href":"https:\/\/www.deltakits.net\/de\/wp-json\/wp\/v2\/media\/35139"}],"wp:attachment":[{"href":"https:\/\/www.deltakits.net\/de\/wp-json\/wp\/v2\/media?parent=35887"}],"wp:term":[{"taxonomy":"product_brand","embeddable":true,"href":"https:\/\/www.deltakits.net\/de\/wp-json\/wp\/v2\/product_brand?post=35887"},{"taxonomy":"product_cat","embeddable":true,"href":"https:\/\/www.deltakits.net\/de\/wp-json\/wp\/v2\/product_cat?post=35887"},{"taxonomy":"product_tag","embeddable":true,"href":"https:\/\/www.deltakits.net\/de\/wp-json\/wp\/v2\/product_tag?post=35887"}],"curies":[{"name":"wp","href":"https:\/\/api.w.org\/{rel}","templated":true}]}}