{"id":35871,"date":"2019-05-27T08:33:54","date_gmt":"2019-05-27T15:33:54","guid":{"rendered":"https:\/\/www.deltakits.net\/shop\/unkategorisiert\/product\/schutzbrille-professioneller-schutz\/"},"modified":"2021-04-06T16:30:48","modified_gmt":"2021-04-06T23:30:48","slug":"schutzbrille-professioneller-schutz","status":"publish","type":"product","link":"https:\/\/www.deltakits.net\/de\/shop\/steinschlagreparatur-produkte\/ersatzteile-de\/weitere-ersatzteile\/product\/schutzbrille-professioneller-schutz\/","title":{"rendered":"Schutzbrille &#8211; Professioneller Schutz"},"content":{"rendered":"<p>Stil und Sicherheit in einer Schutzbrille. Mattschwarzes Finish, verstellbare B\u00fcgel und ein weiches, sicheres TPR-Nasenpad sorgen den ganzen Tag \u00fcber f\u00fcr Komfort und Stil. Schutzbrille f\u00fcr Autoglasreparatur-Techniker und Scheinwerfer-Restaurationsprofis.<\/p>\n<p>Merkmale der Delta Kits&#8216; Augenschutzbrille<\/p>\n<p>Einstellbare B\u00fcgell\u00e4nge<br \/>\nSchwarzes, mattes Finish<br \/>\nVollst\u00e4ndige Orbitaldichtung mit doppeltem Scheibendesign<br \/>\nWeiche, sichere TPR-Nasenauflage<br \/>\nAus den Archiven<\/p>\n<p>Sicherheitstipp &#8211; Schutzbrillen und ihre Bedeutung<br \/>\nSchutzbrillen sind unerl\u00e4sslich, da viele Verletzungen am Arbeitsplatz mit den Augen zusammenh\u00e4ngen. In Wirklichkeit sind die meisten Verletzungen leicht vermeidbar, wenn man ein paar vorbeugende Ma\u00dfnahmen trifft. Die einfache Tatsache ist, dass dies haupts\u00e4chlich auf mangelnde Ausbildung und menschliche Nachl\u00e4ssigkeit zur\u00fcckzuf\u00fchren ist.<\/p>\n<p>Die Knochenstruktur Ihres Gesichts hilft, Ihre Augen vor Verletzungen durch den Aufprall von gro\u00dfen Objekten zu sch\u00fctzen, und die Wimpern helfen, vor Verletzungen durch kleine Objekte zu sch\u00fctzen, aber die Augen sind immer noch sehr anf\u00e4llig f\u00fcr Verletzungen, wenn nicht die richtigen Vorsichtsma\u00dfnahmen getroffen werden, um Unf\u00e4lle zu vermeiden. Augenverletzungen sind eine ernste Angelegenheit. Eine Augenverletzung kann nicht nur schmerzhaft sein, sondern, wenn sie schwerwiegend genug ist, auch zum Verlust des Sehverm\u00f6gens f\u00fchren. Glassplitter k\u00f6nnen das Auge sehr sch\u00e4digen, und Glas ist sehr schwer zu lokalisieren und zu entfernen, vor allem, wenn es im Einsatz ist. Autoglasreparatur-Harz und Scheinwerfer-Restaurationschemikalien k\u00f6nnen ebenfalls Sch\u00e4den am Auge verursachen, und selbst der sorgf\u00e4ltigste Techniker kann Opfer einer defekten Flaschenspitze, einer versagenden Injektordichtung oder einer Reihe anderer unvorhergesehener Unf\u00e4lle werden.<\/p>\n<p>Statistiken zeigen, dass jedes Jahr Tausende von Verbrauchern und Angestellten Augenverletzungen erleiden, von denen viele aus arbeitsbedingten Verletzungen resultieren, wenn Arbeiter unzureichenden Augen- oder Gesichtsschutz verwenden. Solche Verletzungen k\u00f6nnen zu Erblindung, verlorener Produktionszeit und hohen medizinischen Kosten f\u00fchren.<\/p>\n","protected":false},"excerpt":{"rendered":"<p>Stil und Sicherheit in einer Schutzbrille. Mattschwarzes Finish, verstellbare B\u00fcgel und ein weiches, sicheres TPR-Nasenpad sorgen den ganzen Tag \u00fcber f\u00fcr Komfort und Stil. Schutzbrille f\u00fcr Autoglasreparatur-Techniker und Scheinwerfer-Restaurationsprofis.<\/p>\n","protected":false},"featured_media":35088,"comment_status":"open","ping_status":"closed","template":"","meta":{"_acf_changed":false},"product_brand":[],"product_cat":[428,421,402,415,450],"product_tag":[],"class_list":{"0":"post-35871","1":"product","2":"type-product","3":"status-publish","4":"has-post-thumbnail","6":"product_cat-weitere-ersatzteile","7":"product_cat-weiteres-zubehoer-de","8":"product_cat-weiteres-zubehoer","9":"product_cat-zubehoer-fuer-die-steinschlagreparatur","10":"product_cat-zubehoer","12":"first","13":"instock","14":"taxable","15":"shipping-taxable","16":"purchasable","17":"product-type-simple"},"acf":[],"yoast_head":"<!-- This site is optimized with the Yoast SEO plugin v27.0 - https:\/\/yoast.com\/product\/yoast-seo-wordpress\/ -->\n<title>Schutzbrille - Professioneller Schutz - Delta Kits<\/title>\n<meta name=\"description\" content=\"Stil und Sicherheit in einer Schutzbrille. Mattschwarzes Finish, verstellbare B\u00fcgel und ein weiches, sicheres TPR-Nasenpad sorgen den ganzen Tag \u00fcber f\u00fcr Komfort und Stil. Schutzbrille f\u00fcr Autoglasreparatur-Techniker und Scheinwerfer-Restaurationsprofis.\" \/>\n<meta name=\"robots\" content=\"index, follow, max-snippet:-1, max-image-preview:large, max-video-preview:-1\" \/>\n<link rel=\"canonical\" href=\"https:\/\/www.deltakits.net\/de\/shop\/steinschlagreparatur-produkte\/ersatzteile-de\/weitere-ersatzteile\/product\/schutzbrille-professioneller-schutz\/\" \/>\n<meta property=\"og:locale\" content=\"de_DE\" \/>\n<meta property=\"og:type\" content=\"article\" \/>\n<meta property=\"og:title\" content=\"Schutzbrille - Professioneller Schutz - Delta Kits\" \/>\n<meta property=\"og:description\" content=\"Stil und Sicherheit in einer Schutzbrille. Mattschwarzes Finish, verstellbare B\u00fcgel und ein weiches, sicheres TPR-Nasenpad sorgen den ganzen Tag \u00fcber f\u00fcr Komfort und Stil. Schutzbrille f\u00fcr Autoglasreparatur-Techniker und Scheinwerfer-Restaurationsprofis.\" \/>\n<meta property=\"og:url\" content=\"https:\/\/www.deltakits.net\/de\/shop\/steinschlagreparatur-produkte\/ersatzteile-de\/weitere-ersatzteile\/product\/schutzbrille-professioneller-schutz\/\" \/>\n<meta property=\"og:site_name\" content=\"Delta Kits\" \/>\n<meta property=\"og:image\" content=\"https:\/\/www.deltakits.net\/wp-content\/uploads\/22440_DeltaKits-1.jpg\" \/>\n\t<meta property=\"og:image:width\" content=\"1000\" \/>\n\t<meta property=\"og:image:height\" content=\"1000\" \/>\n\t<meta property=\"og:image:type\" content=\"image\/jpeg\" \/>\n<meta name=\"twitter:card\" content=\"summary_large_image\" \/>\n<meta name=\"twitter:label1\" content=\"Gesch\u00e4tzte Lesezeit\" \/>\n\t<meta name=\"twitter:data1\" content=\"1\u00a0Minute\" \/>\n<script type=\"application\/ld+json\" class=\"yoast-schema-graph\">{\"@context\":\"https:\/\/schema.org\",\"@graph\":[]}<\/script>\n<!-- \/ Yoast SEO plugin. -->","yoast_head_json":{"title":"Schutzbrille - Professioneller Schutz - Delta Kits","description":"Stil und Sicherheit in einer Schutzbrille. Mattschwarzes Finish, verstellbare B\u00fcgel und ein weiches, sicheres TPR-Nasenpad sorgen den ganzen Tag \u00fcber f\u00fcr Komfort und Stil. Schutzbrille f\u00fcr Autoglasreparatur-Techniker und Scheinwerfer-Restaurationsprofis.","robots":{"index":"index","follow":"follow","max-snippet":"max-snippet:-1","max-image-preview":"max-image-preview:large","max-video-preview":"max-video-preview:-1"},"canonical":"https:\/\/www.deltakits.net\/de\/shop\/steinschlagreparatur-produkte\/ersatzteile-de\/weitere-ersatzteile\/product\/schutzbrille-professioneller-schutz\/","og_locale":"de_DE","og_type":"article","og_title":"Schutzbrille - Professioneller Schutz - Delta Kits","og_description":"Stil und Sicherheit in einer Schutzbrille. Mattschwarzes Finish, verstellbare B\u00fcgel und ein weiches, sicheres TPR-Nasenpad sorgen den ganzen Tag \u00fcber f\u00fcr Komfort und Stil. Schutzbrille f\u00fcr Autoglasreparatur-Techniker und Scheinwerfer-Restaurationsprofis.","og_url":"https:\/\/www.deltakits.net\/de\/shop\/steinschlagreparatur-produkte\/ersatzteile-de\/weitere-ersatzteile\/product\/schutzbrille-professioneller-schutz\/","og_site_name":"Delta Kits","og_image":[{"width":1000,"height":1000,"url":"https:\/\/www.deltakits.net\/wp-content\/uploads\/22440_DeltaKits-1.jpg","type":"image\/jpeg"}],"twitter_card":"summary_large_image","twitter_misc":{"Gesch\u00e4tzte Lesezeit":"1\u00a0Minute"},"schema":{"@context":"https:\/\/schema.org","@graph":[]}},"_links":{"self":[{"href":"https:\/\/www.deltakits.net\/de\/wp-json\/wp\/v2\/product\/35871","targetHints":{"allow":["GET"]}}],"collection":[{"href":"https:\/\/www.deltakits.net\/de\/wp-json\/wp\/v2\/product"}],"about":[{"href":"https:\/\/www.deltakits.net\/de\/wp-json\/wp\/v2\/types\/product"}],"replies":[{"embeddable":true,"href":"https:\/\/www.deltakits.net\/de\/wp-json\/wp\/v2\/comments?post=35871"}],"wp:featuredmedia":[{"embeddable":true,"href":"https:\/\/www.deltakits.net\/de\/wp-json\/wp\/v2\/media\/35088"}],"wp:attachment":[{"href":"https:\/\/www.deltakits.net\/de\/wp-json\/wp\/v2\/media?parent=35871"}],"wp:term":[{"taxonomy":"product_brand","embeddable":true,"href":"https:\/\/www.deltakits.net\/de\/wp-json\/wp\/v2\/product_brand?post=35871"},{"taxonomy":"product_cat","embeddable":true,"href":"https:\/\/www.deltakits.net\/de\/wp-json\/wp\/v2\/product_cat?post=35871"},{"taxonomy":"product_tag","embeddable":true,"href":"https:\/\/www.deltakits.net\/de\/wp-json\/wp\/v2\/product_tag?post=35871"}],"curies":[{"name":"wp","href":"https:\/\/api.w.org\/{rel}","templated":true}]}}