{"id":35844,"date":"2019-05-27T08:33:26","date_gmt":"2019-05-27T15:33:26","guid":{"rendered":"https:\/\/www.deltakits.net\/shop\/unkategorisiert\/product\/sprayco-minisprueher-flasche-100-ml\/"},"modified":"2021-04-12T16:42:21","modified_gmt":"2021-04-12T23:42:21","slug":"sprayco-minisprueher-flasche-100-ml","status":"publish","type":"product","link":"https:\/\/www.deltakits.net\/de\/shop\/zubehoer\/product\/sprayco-minisprueher-flasche-100-ml\/","title":{"rendered":"Sprayco Minispr\u00fcher Flasche 100 ml"},"content":{"rendered":"<p>Die Sprayco Verriegelung Mini-Spr\u00fcher 100 ml Gr\u00f6\u00dfe passt perfekt in die Handfl\u00e4che der Hand. Die 3-Unzen-Spr\u00fchflasche f\u00fcr den pers\u00f6nlichen Gebrauch ist flugzeugtauglich, enth\u00e4lt einen D\u00fcsenverriegelungsmechanismus und passt perfekt in Werkzeugg\u00fcrtel, Werkzeugk\u00e4sten und kleine Taschen. Der Spr\u00fcher passt bequem in Ihre Hand. Der Abzug f\u00fcr feinen Nebel hat eine kurze, m\u00fchelose Dr\u00fcckbewegung. Bef\u00fcllbare 100 ml Flasche. Sparen Sie Geld, indem Sie Ihre Reinigungs- und Desinfektionsl\u00f6sungen selbst herstellen. Farbe kann variieren.<\/p>\n","protected":false},"excerpt":{"rendered":"<p>Die Sprayco Verriegelung Mini-Spr\u00fcher 100 ml Gr\u00f6\u00dfe passt perfekt in die Handfl\u00e4che der Hand. Ideal f\u00fcr das On-the-Go Pack!<\/p>\n","protected":false},"featured_media":34998,"comment_status":"open","ping_status":"closed","template":"","meta":{"_acf_changed":false},"product_brand":[],"product_cat":[450],"product_tag":[],"class_list":{"0":"post-35844","1":"product","2":"type-product","3":"status-publish","4":"has-post-thumbnail","6":"product_cat-zubehoer","8":"first","9":"instock","10":"taxable","11":"shipping-taxable","12":"purchasable","13":"product-type-variable","14":"has-default-attributes"},"acf":[],"yoast_head":"<!-- This site is optimized with the Yoast SEO plugin v27.0 - https:\/\/yoast.com\/product\/yoast-seo-wordpress\/ -->\n<title>Sprayco Minispr\u00fcher Flasche 100 ml - Delta Kits<\/title>\n<meta name=\"description\" content=\"Die Sprayco Verriegelung Mini-Spr\u00fcher 100 ml Gr\u00f6\u00dfe passt perfekt in die Handfl\u00e4che der Hand.\" \/>\n<meta name=\"robots\" content=\"index, follow, max-snippet:-1, max-image-preview:large, max-video-preview:-1\" \/>\n<link rel=\"canonical\" href=\"https:\/\/www.deltakits.net\/de\/shop\/zubehoer\/product\/sprayco-minisprueher-flasche-100-ml\/\" \/>\n<meta property=\"og:locale\" content=\"de_DE\" \/>\n<meta property=\"og:type\" content=\"article\" \/>\n<meta property=\"og:title\" content=\"Sprayco Minispr\u00fcher Flasche 100 ml - Delta Kits\" \/>\n<meta property=\"og:description\" content=\"Die Sprayco Verriegelung Mini-Spr\u00fcher 100 ml Gr\u00f6\u00dfe passt perfekt in die Handfl\u00e4che der Hand.\" \/>\n<meta property=\"og:url\" content=\"https:\/\/www.deltakits.net\/de\/shop\/zubehoer\/product\/sprayco-minisprueher-flasche-100-ml\/\" \/>\n<meta property=\"og:site_name\" content=\"Delta Kits\" \/>\n<meta property=\"og:image\" content=\"https:\/\/www.deltakits.net\/wp-content\/uploads\/21100_DeltaKits-1.jpg\" \/>\n\t<meta property=\"og:image:width\" content=\"1000\" \/>\n\t<meta property=\"og:image:height\" content=\"1000\" \/>\n\t<meta property=\"og:image:type\" content=\"image\/jpeg\" \/>\n<meta name=\"twitter:card\" content=\"summary_large_image\" \/>\n<script type=\"application\/ld+json\" class=\"yoast-schema-graph\">{\"@context\":\"https:\/\/schema.org\",\"@graph\":[]}<\/script>\n<!-- \/ Yoast SEO plugin. -->","yoast_head_json":{"title":"Sprayco Minispr\u00fcher Flasche 100 ml - Delta Kits","description":"Die Sprayco Verriegelung Mini-Spr\u00fcher 100 ml Gr\u00f6\u00dfe passt perfekt in die Handfl\u00e4che der Hand.","robots":{"index":"index","follow":"follow","max-snippet":"max-snippet:-1","max-image-preview":"max-image-preview:large","max-video-preview":"max-video-preview:-1"},"canonical":"https:\/\/www.deltakits.net\/de\/shop\/zubehoer\/product\/sprayco-minisprueher-flasche-100-ml\/","og_locale":"de_DE","og_type":"article","og_title":"Sprayco Minispr\u00fcher Flasche 100 ml - Delta Kits","og_description":"Die Sprayco Verriegelung Mini-Spr\u00fcher 100 ml Gr\u00f6\u00dfe passt perfekt in die Handfl\u00e4che der Hand.","og_url":"https:\/\/www.deltakits.net\/de\/shop\/zubehoer\/product\/sprayco-minisprueher-flasche-100-ml\/","og_site_name":"Delta Kits","og_image":[{"width":1000,"height":1000,"url":"https:\/\/www.deltakits.net\/wp-content\/uploads\/21100_DeltaKits-1.jpg","type":"image\/jpeg"}],"twitter_card":"summary_large_image","schema":{"@context":"https:\/\/schema.org","@graph":[]}},"_links":{"self":[{"href":"https:\/\/www.deltakits.net\/de\/wp-json\/wp\/v2\/product\/35844","targetHints":{"allow":["GET"]}}],"collection":[{"href":"https:\/\/www.deltakits.net\/de\/wp-json\/wp\/v2\/product"}],"about":[{"href":"https:\/\/www.deltakits.net\/de\/wp-json\/wp\/v2\/types\/product"}],"replies":[{"embeddable":true,"href":"https:\/\/www.deltakits.net\/de\/wp-json\/wp\/v2\/comments?post=35844"}],"wp:featuredmedia":[{"embeddable":true,"href":"https:\/\/www.deltakits.net\/de\/wp-json\/wp\/v2\/media\/34998"}],"wp:attachment":[{"href":"https:\/\/www.deltakits.net\/de\/wp-json\/wp\/v2\/media?parent=35844"}],"wp:term":[{"taxonomy":"product_brand","embeddable":true,"href":"https:\/\/www.deltakits.net\/de\/wp-json\/wp\/v2\/product_brand?post=35844"},{"taxonomy":"product_cat","embeddable":true,"href":"https:\/\/www.deltakits.net\/de\/wp-json\/wp\/v2\/product_cat?post=35844"},{"taxonomy":"product_tag","embeddable":true,"href":"https:\/\/www.deltakits.net\/de\/wp-json\/wp\/v2\/product_tag?post=35844"}],"curies":[{"name":"wp","href":"https:\/\/api.w.org\/{rel}","templated":true}]}}