{"id":35830,"date":"2019-05-27T08:36:36","date_gmt":"2019-05-27T15:36:36","guid":{"rendered":"https:\/\/www.deltakits.net\/shop\/unkategorisiert\/product\/elite-xl-uv-led-haertelampe\/"},"modified":"2019-05-27T08:36:36","modified_gmt":"2019-05-27T15:36:36","slug":"elite-xl-uv-led-haertelampe","status":"publish","type":"product","link":"https:\/\/www.deltakits.net\/de\/shop\/steinschlagreparatur-produkte\/system-zubehoer\/uv-haerteleuchten\/product\/elite-xl-uv-led-haertelampe\/","title":{"rendered":"Elite XL UV-LED H\u00e4rtelampe"},"content":{"rendered":"<p>Elite XL Lange UV-LED-H\u00e4rteleuchte<br \/>\nDie Elite XL Long UV LED Light ist ideal f\u00fcr die Aush\u00e4rtung langer Risse und hat den gr\u00f6\u00dften Aush\u00e4rtungsbereich in ihrer Klasse. Mit 14 UV-LED-Dioden und 6 austauschbaren, hochsicheren Saugn\u00e4pfen, einem abgesicherten 12-V-Stecker und einem 3 m langen, geflochtenen Nylonkabel wird diese 30 cm lange, schnell aush\u00e4rtende 365-nm-UV-LED-Lampe Sie sicher beeindrucken. Verstellbare mittlere Saugnapf-Schiebebefestigung f\u00fcr schwer zug\u00e4ngliche Risse.<\/p>\n<p>Mit 3 Watt Hochleistungs-UV-LED-Dioden betr\u00e4gt die Ultraviolettleistung \u00fcber 40.000 \u00b5W\/cm\u00b2 &amp; 365 nm h\u00e4rtendes Licht. Dar\u00fcber hinaus kann diese Leuchte mit drei Stromquellen betrieben werden, darunter 12 V, 120 V und 240 V, was sie perfekt f\u00fcr mobile oder Werkstattanwender macht, unabh\u00e4ngig vom Standort.<\/p>\n<p>Weitere coole Eigenschaften der Elite XL:<\/p>\n<ul>\n<li>Strapazierf\u00e4hig, leicht und langlebig<\/li>\n<li>K\u00fchlrippen zur W\u00e4rmeableitung<\/li>\n<li>Ultra-sichere, austauschbare Saugn\u00e4pfe<\/li>\n<li>Abgesicherter 12V-Stecker<\/li>\n<li>3 m Kabel<\/li>\n<li>12V, 120V, 240V f\u00e4hig*<\/li>\n<li>100% gr\u00f6\u00dfere Aush\u00e4rtefl\u00e4che als bei den anderen Modellen<\/li>\n<li>Ein\/Aus-Schalter<\/li>\n<\/ul>\n<p>Ersatzteile:<\/p>\n<p>16207 &#8211; 100V-240V-Stecker<\/p>\n<p>16206 &#8211; 12V-Stecker<\/p>\n<p>16085 &#8211; Saugn\u00e4pfe<\/p>\n<p>Die Elite-Flotte<br \/>\nDie Elite-Linie der LED-UV-Lampen ist die leistungsst\u00e4rkste Lampenserie, die Delta Kits zu bieten hat. Es stehen drei Optionen zur Verf\u00fcgung, die Elite, die Elite Plus und die Elite XL. Sowohl die Elite als auch die Elite Plus enthalten 7 Hochleistungs-UV-LED-Dioden mit einer Ausgangsleistung von \u00fcber 40.000 \u00b5W\/cm\u00b2 bei 365 nm. Der Elite kann drei Stromquellen aufnehmen, darunter 12V, 120V und 240V, und muss zum Aush\u00e4rten von Harz eine Stromquelle haben. Der Elite Plus verf\u00fcgt \u00fcber einen eigenen 12V-Lithium-Polymer-Akku, der ihn komplett mobil macht. Bei voller Ladung kann das Elite Plus \u00fcber 50 Reparaturen aush\u00e4rten. Das neueste Mitglied der Elite-Familie ist der Elite XL. Durch die Verdopplung der Anzahl der Dioden auf 14 ist das Elite XL perfekt f\u00fcr die Aush\u00e4rtung langer Risse geeignet.<\/p>\n","protected":false},"excerpt":{"rendered":"<p>Die Elite XL\u00a0 UV LED H\u00e4rteleuchte ist ideal f\u00fcr die Aush\u00e4rtung langer Risse und hat den gr\u00f6\u00dften Aush\u00e4rtungsbereich in ihrer Klasse.<\/p>\n","protected":false},"featured_media":33345,"comment_status":"open","ping_status":"closed","template":"","meta":{"_acf_changed":false},"product_brand":[],"product_cat":[423],"product_tag":[],"class_list":{"0":"post-35830","1":"product","2":"type-product","3":"status-publish","4":"has-post-thumbnail","6":"product_cat-uv-haerteleuchten","8":"first","9":"instock","10":"taxable","11":"shipping-taxable","12":"purchasable","13":"product-type-simple"},"acf":[],"yoast_head":"<!-- This site is optimized with the Yoast SEO plugin v27.0 - https:\/\/yoast.com\/product\/yoast-seo-wordpress\/ -->\n<title>Elite XL UV-LED H\u00e4rtelampe - Delta Kits<\/title>\n<meta name=\"description\" content=\"Die Elite XL Long UV LED Light ist ideal f\u00fcr die Aush\u00e4rtung langer Risse und hat den gr\u00f6\u00dften Aush\u00e4rtungsbereich in ihrer Klasse.\" \/>\n<meta name=\"robots\" content=\"index, follow, max-snippet:-1, max-image-preview:large, max-video-preview:-1\" \/>\n<link rel=\"canonical\" href=\"https:\/\/www.deltakits.net\/de\/shop\/steinschlagreparatur-produkte\/system-zubehoer\/uv-haerteleuchten\/product\/elite-xl-uv-led-haertelampe\/\" \/>\n<meta property=\"og:locale\" content=\"de_DE\" \/>\n<meta property=\"og:type\" content=\"article\" \/>\n<meta property=\"og:title\" content=\"Elite XL UV-LED H\u00e4rtelampe - Delta Kits\" \/>\n<meta property=\"og:description\" content=\"Die Elite XL Long UV LED Light ist ideal f\u00fcr die Aush\u00e4rtung langer Risse und hat den gr\u00f6\u00dften Aush\u00e4rtungsbereich in ihrer Klasse.\" \/>\n<meta property=\"og:url\" content=\"https:\/\/www.deltakits.net\/de\/shop\/steinschlagreparatur-produkte\/system-zubehoer\/uv-haerteleuchten\/product\/elite-xl-uv-led-haertelampe\/\" \/>\n<meta property=\"og:site_name\" content=\"Delta Kits\" \/>\n<meta property=\"og:image\" content=\"https:\/\/www.deltakits.net\/wp-content\/uploads\/15270_DeltaKits.jpg\" \/>\n\t<meta property=\"og:image:width\" content=\"1000\" \/>\n\t<meta property=\"og:image:height\" content=\"1000\" \/>\n\t<meta property=\"og:image:type\" content=\"image\/jpeg\" \/>\n<meta name=\"twitter:card\" content=\"summary_large_image\" \/>\n<meta name=\"twitter:label1\" content=\"Gesch\u00e4tzte Lesezeit\" \/>\n\t<meta name=\"twitter:data1\" content=\"1\u00a0Minute\" \/>\n<script type=\"application\/ld+json\" class=\"yoast-schema-graph\">{\"@context\":\"https:\/\/schema.org\",\"@graph\":[]}<\/script>\n<!-- \/ Yoast SEO plugin. -->","yoast_head_json":{"title":"Elite XL UV-LED H\u00e4rtelampe - Delta Kits","description":"Die Elite XL Long UV LED Light ist ideal f\u00fcr die Aush\u00e4rtung langer Risse und hat den gr\u00f6\u00dften Aush\u00e4rtungsbereich in ihrer Klasse.","robots":{"index":"index","follow":"follow","max-snippet":"max-snippet:-1","max-image-preview":"max-image-preview:large","max-video-preview":"max-video-preview:-1"},"canonical":"https:\/\/www.deltakits.net\/de\/shop\/steinschlagreparatur-produkte\/system-zubehoer\/uv-haerteleuchten\/product\/elite-xl-uv-led-haertelampe\/","og_locale":"de_DE","og_type":"article","og_title":"Elite XL UV-LED H\u00e4rtelampe - Delta Kits","og_description":"Die Elite XL Long UV LED Light ist ideal f\u00fcr die Aush\u00e4rtung langer Risse und hat den gr\u00f6\u00dften Aush\u00e4rtungsbereich in ihrer Klasse.","og_url":"https:\/\/www.deltakits.net\/de\/shop\/steinschlagreparatur-produkte\/system-zubehoer\/uv-haerteleuchten\/product\/elite-xl-uv-led-haertelampe\/","og_site_name":"Delta Kits","og_image":[{"width":1000,"height":1000,"url":"https:\/\/www.deltakits.net\/wp-content\/uploads\/15270_DeltaKits.jpg","type":"image\/jpeg"}],"twitter_card":"summary_large_image","twitter_misc":{"Gesch\u00e4tzte Lesezeit":"1\u00a0Minute"},"schema":{"@context":"https:\/\/schema.org","@graph":[]}},"_links":{"self":[{"href":"https:\/\/www.deltakits.net\/de\/wp-json\/wp\/v2\/product\/35830","targetHints":{"allow":["GET"]}}],"collection":[{"href":"https:\/\/www.deltakits.net\/de\/wp-json\/wp\/v2\/product"}],"about":[{"href":"https:\/\/www.deltakits.net\/de\/wp-json\/wp\/v2\/types\/product"}],"replies":[{"embeddable":true,"href":"https:\/\/www.deltakits.net\/de\/wp-json\/wp\/v2\/comments?post=35830"}],"wp:featuredmedia":[{"embeddable":true,"href":"https:\/\/www.deltakits.net\/de\/wp-json\/wp\/v2\/media\/33345"}],"wp:attachment":[{"href":"https:\/\/www.deltakits.net\/de\/wp-json\/wp\/v2\/media?parent=35830"}],"wp:term":[{"taxonomy":"product_brand","embeddable":true,"href":"https:\/\/www.deltakits.net\/de\/wp-json\/wp\/v2\/product_brand?post=35830"},{"taxonomy":"product_cat","embeddable":true,"href":"https:\/\/www.deltakits.net\/de\/wp-json\/wp\/v2\/product_cat?post=35830"},{"taxonomy":"product_tag","embeddable":true,"href":"https:\/\/www.deltakits.net\/de\/wp-json\/wp\/v2\/product_tag?post=35830"}],"curies":[{"name":"wp","href":"https:\/\/api.w.org\/{rel}","templated":true}]}}