{"id":35811,"date":"2019-05-27T08:32:56","date_gmt":"2019-05-27T15:32:56","guid":{"rendered":"https:\/\/www.deltakits.net\/shop\/unkategorisiert\/product\/deltakits-i-75-aluminium-injektorzylinder\/"},"modified":"2021-05-06T21:05:26","modified_gmt":"2021-05-06T19:05:26","slug":"deltakits-i-75-aluminium-injektorzylinder","status":"publish","type":"product","link":"https:\/\/www.deltakits.net\/de\/shop\/steinschlagreparatur-produkte\/ersatzteile-de\/injektoren-und-ersatzteile\/product\/deltakits-i-75-aluminium-injektorzylinder\/","title":{"rendered":"Delta Kits I-75 Aluminium Injektorzylinder"},"content":{"rendered":"<p>Ersatz-Zylinder f\u00fcr Delta Kits 12300 Aluminum Schraubinjektor. Enth\u00e4lt auch einen Reinigungsbeh\u00e4lter 22435 mit Kappe.<\/p>\n","protected":false},"excerpt":{"rendered":"<p>Ersatz-Zylinder f\u00fcr Delta Kits 12300 Aluminum Schraubinjektor. Enth\u00e4lt auch einen Reinigungsbeh\u00e4lter 22435 mit Kappe.<\/p>\n","protected":false},"featured_media":34903,"comment_status":"open","ping_status":"closed","template":"","meta":{"_acf_changed":false},"product_brand":[],"product_cat":[427,420],"product_tag":[],"class_list":{"0":"post-35811","1":"product","2":"type-product","3":"status-publish","4":"has-post-thumbnail","6":"product_cat-injektoren-und-ersatzteile","7":"product_cat-injektoren","9":"first","10":"instock","11":"taxable","12":"shipping-taxable","13":"purchasable","14":"product-type-simple"},"acf":[],"yoast_head":"<!-- This site is optimized with the Yoast SEO plugin v27.0 - https:\/\/yoast.com\/product\/yoast-seo-wordpress\/ -->\n<title>I-75 Aluminium Injektorzylinder<\/title>\n<meta name=\"description\" content=\"Ersatz-Zylinder f\u00fcr I-75 Aluminium Injektor\" \/>\n<meta name=\"robots\" content=\"index, follow, max-snippet:-1, max-image-preview:large, max-video-preview:-1\" \/>\n<link rel=\"canonical\" href=\"https:\/\/www.deltakits.net\/de\/shop\/steinschlagreparatur-produkte\/ersatzteile-de\/injektoren-und-ersatzteile\/product\/deltakits-i-75-aluminium-injektorzylinder\/\" \/>\n<meta property=\"og:locale\" content=\"de_DE\" \/>\n<meta property=\"og:type\" content=\"article\" \/>\n<meta property=\"og:title\" content=\"I-75 Aluminium Injektorzylinder\" \/>\n<meta property=\"og:description\" content=\"Ersatz-Zylinder f\u00fcr I-75 Aluminium Injektor\" \/>\n<meta property=\"og:url\" content=\"https:\/\/www.deltakits.net\/de\/shop\/steinschlagreparatur-produkte\/ersatzteile-de\/injektoren-und-ersatzteile\/product\/deltakits-i-75-aluminium-injektorzylinder\/\" \/>\n<meta property=\"og:site_name\" content=\"Delta Kits\" \/>\n<meta property=\"og:image\" content=\"https:\/\/www.deltakits.net\/wp-content\/uploads\/12302_a-1.jpg\" \/>\n\t<meta property=\"og:image:width\" content=\"1000\" \/>\n\t<meta property=\"og:image:height\" content=\"1000\" \/>\n\t<meta property=\"og:image:type\" content=\"image\/jpeg\" \/>\n<meta name=\"twitter:card\" content=\"summary_large_image\" \/>\n<script type=\"application\/ld+json\" class=\"yoast-schema-graph\">{\"@context\":\"https:\/\/schema.org\",\"@graph\":[]}<\/script>\n<!-- \/ Yoast SEO plugin. -->","yoast_head_json":{"title":"I-75 Aluminium Injektorzylinder","description":"Ersatz-Zylinder f\u00fcr I-75 Aluminium Injektor","robots":{"index":"index","follow":"follow","max-snippet":"max-snippet:-1","max-image-preview":"max-image-preview:large","max-video-preview":"max-video-preview:-1"},"canonical":"https:\/\/www.deltakits.net\/de\/shop\/steinschlagreparatur-produkte\/ersatzteile-de\/injektoren-und-ersatzteile\/product\/deltakits-i-75-aluminium-injektorzylinder\/","og_locale":"de_DE","og_type":"article","og_title":"I-75 Aluminium Injektorzylinder","og_description":"Ersatz-Zylinder f\u00fcr I-75 Aluminium Injektor","og_url":"https:\/\/www.deltakits.net\/de\/shop\/steinschlagreparatur-produkte\/ersatzteile-de\/injektoren-und-ersatzteile\/product\/deltakits-i-75-aluminium-injektorzylinder\/","og_site_name":"Delta Kits","og_image":[{"width":1000,"height":1000,"url":"https:\/\/www.deltakits.net\/wp-content\/uploads\/12302_a-1.jpg","type":"image\/jpeg"}],"twitter_card":"summary_large_image","schema":{"@context":"https:\/\/schema.org","@graph":[]}},"_links":{"self":[{"href":"https:\/\/www.deltakits.net\/de\/wp-json\/wp\/v2\/product\/35811","targetHints":{"allow":["GET"]}}],"collection":[{"href":"https:\/\/www.deltakits.net\/de\/wp-json\/wp\/v2\/product"}],"about":[{"href":"https:\/\/www.deltakits.net\/de\/wp-json\/wp\/v2\/types\/product"}],"replies":[{"embeddable":true,"href":"https:\/\/www.deltakits.net\/de\/wp-json\/wp\/v2\/comments?post=35811"}],"wp:featuredmedia":[{"embeddable":true,"href":"https:\/\/www.deltakits.net\/de\/wp-json\/wp\/v2\/media\/34903"}],"wp:attachment":[{"href":"https:\/\/www.deltakits.net\/de\/wp-json\/wp\/v2\/media?parent=35811"}],"wp:term":[{"taxonomy":"product_brand","embeddable":true,"href":"https:\/\/www.deltakits.net\/de\/wp-json\/wp\/v2\/product_brand?post=35811"},{"taxonomy":"product_cat","embeddable":true,"href":"https:\/\/www.deltakits.net\/de\/wp-json\/wp\/v2\/product_cat?post=35811"},{"taxonomy":"product_tag","embeddable":true,"href":"https:\/\/www.deltakits.net\/de\/wp-json\/wp\/v2\/product_tag?post=35811"}],"curies":[{"name":"wp","href":"https:\/\/api.w.org\/{rel}","templated":true}]}}