{"id":35791,"date":"2019-05-27T01:32:51","date_gmt":"2019-05-27T08:32:51","guid":{"rendered":"https:\/\/www.deltakits.net\/shop\/unkategorisiert\/product\/35791\/"},"modified":"2021-03-23T07:52:29","modified_gmt":"2021-03-23T14:52:29","slug":"35791","status":"publish","type":"product","link":"https:\/\/www.deltakits.net\/de\/shop\/steinschlagreparatur-produkte\/ersatzteile-de\/werkzeughalter-ersatzteile-de\/product\/35791\/","title":{"rendered":"Ersatz-Br\u00fcckenbasis nur f\u00fcr B-250"},"content":{"rendered":"<p>Ersatz-Br\u00fcckenbasis nur f\u00fcr B250 <a href=\"https:\/\/www.deltakits.net\/de\/shop\/steinschlagreparatur-produkte\/kits-komplettsysteme-de\/\">Arbeitsbr\u00fccke<\/a>. Aktualisieren oder ersetzen Sie die vorhandene Br\u00fcckenbasis f\u00fcr die Windschutzscheibenreparatur. Delta Kits&#8216; intuitives Br\u00fcckendesign und die Injektor-Haltevorrichtung sind der Konkurrenz einen Schritt voraus.<\/p>\n","protected":false},"excerpt":{"rendered":"<p>Ersatz-Br\u00fcckenbasis nur f\u00fcr B250 Arbeitsbr\u00fccke. Aktualisieren oder ersetzen Sie die vorhandene Br\u00fcckenbasis f\u00fcr die Windschutzscheibenreparatur. Delta Kits&#8216; intuitives Br\u00fcckendesign und die Injektor-Haltevorrichtung sind der Konkurrenz einen Schritt voraus.<\/p>\n","protected":false},"featured_media":34810,"comment_status":"open","ping_status":"closed","template":"","meta":{"_acf_changed":false},"product_brand":[],"product_cat":[426],"product_tag":[],"class_list":{"0":"post-35791","1":"product","2":"type-product","3":"status-publish","4":"has-post-thumbnail","6":"product_cat-werkzeughalter-ersatzteile-de","8":"first","9":"instock","10":"taxable","11":"shipping-taxable","12":"purchasable","13":"product-type-simple"},"acf":[],"yoast_head":"<!-- This site is optimized with the Yoast SEO plugin v27.0 - https:\/\/yoast.com\/product\/yoast-seo-wordpress\/ -->\n<title>Ersatz-Br\u00fcckenbasis nur f\u00fcr B250 Deltakits<\/title>\n<meta name=\"description\" content=\"Ersatz-Br\u00fcckenbasis nur f\u00fcr B250 Arbeitsbr\u00fccke. Aktualisieren oder ersetzen Sie die vorhandene Br\u00fcckenbasis f\u00fcr die Windschutzscheibenreparatur.\" \/>\n<meta name=\"robots\" content=\"index, follow, max-snippet:-1, max-image-preview:large, max-video-preview:-1\" \/>\n<link rel=\"canonical\" href=\"https:\/\/www.deltakits.net\/de\/shop\/steinschlagreparatur-produkte\/ersatzteile-de\/werkzeughalter-ersatzteile-de\/product\/35791\/\" \/>\n<meta property=\"og:locale\" content=\"de_DE\" \/>\n<meta property=\"og:type\" content=\"article\" \/>\n<meta property=\"og:title\" content=\"Ersatz-Br\u00fcckenbasis nur f\u00fcr B250 Deltakits\" \/>\n<meta property=\"og:description\" content=\"Ersatz-Br\u00fcckenbasis nur f\u00fcr B250 Arbeitsbr\u00fccke. Aktualisieren oder ersetzen Sie die vorhandene Br\u00fcckenbasis f\u00fcr die Windschutzscheibenreparatur.\" \/>\n<meta property=\"og:url\" content=\"https:\/\/www.deltakits.net\/de\/shop\/steinschlagreparatur-produkte\/ersatzteile-de\/werkzeughalter-ersatzteile-de\/product\/35791\/\" \/>\n<meta property=\"og:site_name\" content=\"Delta Kits\" \/>\n<meta property=\"og:image\" content=\"https:\/\/www.deltakits.net\/wp-content\/uploads\/11000_d-1.jpg\" \/>\n\t<meta property=\"og:image:width\" content=\"1000\" \/>\n\t<meta property=\"og:image:height\" content=\"1000\" \/>\n\t<meta property=\"og:image:type\" content=\"image\/jpeg\" \/>\n<meta name=\"twitter:card\" content=\"summary_large_image\" \/>\n<script type=\"application\/ld+json\" class=\"yoast-schema-graph\">{\"@context\":\"https:\/\/schema.org\",\"@graph\":[]}<\/script>\n<!-- \/ Yoast SEO plugin. -->","yoast_head_json":{"title":"Ersatz-Br\u00fcckenbasis nur f\u00fcr B250 Deltakits","description":"Ersatz-Br\u00fcckenbasis nur f\u00fcr B250 Arbeitsbr\u00fccke. Aktualisieren oder ersetzen Sie die vorhandene Br\u00fcckenbasis f\u00fcr die Windschutzscheibenreparatur.","robots":{"index":"index","follow":"follow","max-snippet":"max-snippet:-1","max-image-preview":"max-image-preview:large","max-video-preview":"max-video-preview:-1"},"canonical":"https:\/\/www.deltakits.net\/de\/shop\/steinschlagreparatur-produkte\/ersatzteile-de\/werkzeughalter-ersatzteile-de\/product\/35791\/","og_locale":"de_DE","og_type":"article","og_title":"Ersatz-Br\u00fcckenbasis nur f\u00fcr B250 Deltakits","og_description":"Ersatz-Br\u00fcckenbasis nur f\u00fcr B250 Arbeitsbr\u00fccke. Aktualisieren oder ersetzen Sie die vorhandene Br\u00fcckenbasis f\u00fcr die Windschutzscheibenreparatur.","og_url":"https:\/\/www.deltakits.net\/de\/shop\/steinschlagreparatur-produkte\/ersatzteile-de\/werkzeughalter-ersatzteile-de\/product\/35791\/","og_site_name":"Delta Kits","og_image":[{"width":1000,"height":1000,"url":"https:\/\/www.deltakits.net\/wp-content\/uploads\/11000_d-1.jpg","type":"image\/jpeg"}],"twitter_card":"summary_large_image","schema":{"@context":"https:\/\/schema.org","@graph":[]}},"_links":{"self":[{"href":"https:\/\/www.deltakits.net\/de\/wp-json\/wp\/v2\/product\/35791","targetHints":{"allow":["GET"]}}],"collection":[{"href":"https:\/\/www.deltakits.net\/de\/wp-json\/wp\/v2\/product"}],"about":[{"href":"https:\/\/www.deltakits.net\/de\/wp-json\/wp\/v2\/types\/product"}],"replies":[{"embeddable":true,"href":"https:\/\/www.deltakits.net\/de\/wp-json\/wp\/v2\/comments?post=35791"}],"wp:featuredmedia":[{"embeddable":true,"href":"https:\/\/www.deltakits.net\/de\/wp-json\/wp\/v2\/media\/34810"}],"wp:attachment":[{"href":"https:\/\/www.deltakits.net\/de\/wp-json\/wp\/v2\/media?parent=35791"}],"wp:term":[{"taxonomy":"product_brand","embeddable":true,"href":"https:\/\/www.deltakits.net\/de\/wp-json\/wp\/v2\/product_brand?post=35791"},{"taxonomy":"product_cat","embeddable":true,"href":"https:\/\/www.deltakits.net\/de\/wp-json\/wp\/v2\/product_cat?post=35791"},{"taxonomy":"product_tag","embeddable":true,"href":"https:\/\/www.deltakits.net\/de\/wp-json\/wp\/v2\/product_tag?post=35791"}],"curies":[{"name":"wp","href":"https:\/\/api.w.org\/{rel}","templated":true}]}}