{"id":35769,"date":"2019-01-08T05:32:59","date_gmt":"2019-01-08T13:32:59","guid":{"rendered":"https:\/\/www.deltakits.net\/shop\/unkategorisiert\/product\/b-150-steinschlagreparatur-werkzeughalter\/"},"modified":"2023-01-06T09:16:23","modified_gmt":"2023-01-06T08:16:23","slug":"b-150-steinschlagreparatur-werkzeughalter","status":"publish","type":"product","link":"https:\/\/www.deltakits.net\/de\/shop\/steinschlagreparatur-produkte\/system-zubehoer\/werkzeughalter\/product\/b-150-steinschlagreparatur-werkzeughalter\/","title":{"rendered":"B-150 Steinschlagreparatur Werkzeughalter"},"content":{"rendered":"<p>Die einzigartige Delta Kits B150 Windschutzscheiben-Reparaturbr\u00fccke ist die kompakteste Br\u00fccke mit den meisten Funktionen in der Branche.<\/p>\n<ul>\n<li>Einfach zu bedienen und zu reinigen<\/li>\n<li>Geringe Wartung<\/li>\n<li>Delta Kits begrenzte einj\u00e4hrige Garantie<\/li>\n<li>Langlebiger Sockel aus eloxiertem Aluminium<\/li>\n<li>Gro\u00dfes Sichtfenster f\u00fcr Schadenbeobachtung<\/li>\n<li>Vakuumsaugfu\u00df aus Edelstahl<\/li>\n<li>Optionales Upgrade des Injektors aus Edelstahl<\/li>\n<li>Kantenreparaturen &#8211; keine Adapter oder Anpassungen notwendig<br \/>\nGeschlitzte Basis f\u00fcr nahezu stufenlose Einstellung der Injektorposition<\/li>\n<li>Stabile Einstellschraube mit strapazierf\u00e4higer Gummischutzspitze<\/li>\n<li>Kompakte Zwei-Punkt-Konstruktion f\u00fcr schnelle Einstellungen und minimalen Platzbedarf<\/li>\n<li>Propriet\u00e4r geformte Enddichtung f\u00fcr \u00fcberragenden Druck und leckagefreie Abdichtung auf Glas<\/li>\n<li>Klar eloxierter Aluminium-Schraubinjektor f\u00fcr einfachen, st\u00f6rungsfreien Betrieb<\/li>\n<li>Die Sure-Lock-Saugnapfkonstruktion h\u00e4lt die Br\u00fccke w\u00e4hrend des gesamten Reparaturvorgangs sicher in Position<\/li>\n<\/ul>\n<p>Ersatzteile:<br \/>\n11108 Aluminium-Br\u00fcckenfu\u00df<\/p>\n<p>12300 Aluminium-Schraubinjektor<\/p>\n<p>13010 Flip-Hebel<\/p>\n<p>13040 Spannstift<\/p>\n<p>13150 Flip-Hebel Vakuumsaugfu\u00df \/ Basis<\/p>\n<p>13530 Flache D\u00e4mpfungsspindel<\/p>\n<p>13535 R\u00e4ndelknopf<\/p>\n<p>Technischer Tipp: Auswahl der richtigen Steinschlag-Reparaturbr\u00fccke f\u00fcr Windschutzscheiben<br \/>\nDie Br\u00fccke ist das Herzst\u00fcck eines jeden Autoglas-Reparatursets. Die Wahl der richtigen Br\u00fccke ist daher eine der wichtigsten Entscheidungen, die ein neuer Techniker trifft. Kein Wunder, dass wir so viele Anrufe erhalten, in denen wir gefragt werden, welche Br\u00fccke die &#8222;beste&#8220; ist und warum. Wir erhalten auch viele Anrufe von Technikern, die ein Br\u00fccken-Upgrade in Erw\u00e4gung ziehen und die gleichen Fragen haben.<\/p>\n<p>Um Sie bei dieser wichtigen Entscheidung zu unterst\u00fctzen, k\u00f6nnte es hilfreich sein, die h\u00e4ufigsten Fragen zu beantworten, die wir erhalten. Zun\u00e4chst sind hier ein paar wichtige Dinge, auf die Sie bei einer Br\u00fccke f\u00fcr die Scheibenreparatur achten sollten.<\/p>\n<p>Worauf Sie achten sollten:<br \/>\nSie muss einen <a href=\"https:\/\/www.deltakits.net\/de\/shop\/steinschlagreparatur-produkte\/kits-komplettsysteme-de\/\">Injektor<\/a> haben, der in der Lage ist, jede Art von Schaden schnell und effizient zu beheben. Obwohl dies offensichtlich erscheint, ist einer der h\u00e4ufigsten Gr\u00fcnde f\u00fcr eine Br\u00fcckenaufr\u00fcstung die inakzeptable Leistung eines vorherigen Kaufs.<br \/>\nWenn eine Br\u00fccke auf das Glas gesetzt wird, ist es entscheidend, dass sie dort bleibt. Auch dies scheint eine Selbstverst\u00e4ndlichkeit zu sein. Tatsache ist, dass Br\u00fccken, die mit Standard-Saugn\u00e4pfen am Glas befestigt werden, dazu neigen, abzufallen, bevor die Reparatur abgeschlossen ist. Dies beeintr\u00e4chtigt nicht nur die Qualit\u00e4t der Reparatur, sondern kann auch das Fahrzeug des Kunden besch\u00e4digen. Das Problem kann sich noch versch\u00e4rfen, wenn ein Injektor zu schwer ist.<br \/>\nEine gute Br\u00fccke ist einstellbar, so dass Sch\u00e4den an jedem Teil der Windschutzscheibe ohne Adapter repariert werden k\u00f6nnen. Eine Br\u00fccke mit einem festen oder mittig montierten Injektor hat nur sehr begrenzte M\u00f6glichkeiten, aber diese Tatsache wird bei der Auswahl des ersten Injektors oft \u00fcbersehen.<br \/>\nLanglebigkeit und einfache Reinigung sind extrem wichtig. Ein einfaches Design aus hochwertigen Materialien erfordert nur minimale Wartung und bietet gleichbleibende Leistung. Neue Techniker verfangen sich oft in dem ganzen Schnickschnack. \u00dcbersehen Sie nicht die vielen kleinen Teile, die h\u00e4ufig gewartet oder ausgetauscht werden m\u00fcssen. Schlimmer noch: Ein zu kompliziertes Design kann mitten in einer Reparatur eine Fehlfunktion verursachen.<br \/>\nGr\u00f6\u00dfe ist wichtig, aber in diesem Fall ist gr\u00f6\u00dfer nicht besser, besonders f\u00fcr mobile Techniker. Viele Techniker verwenden mehrere Br\u00fccken auf einmal, daher ist ein kompaktes Design vorzuziehen. Gro\u00dfe, sperrige Br\u00fccken beschweren Sie und bremsen Sie aus.<br \/>\nOkay, nun zur h\u00e4ufigsten Frage zu den Delta Kits Reparaturbr\u00fccken f\u00fcr Windschutzscheiben:<br \/>\nF: Was sind die Unterschiede zwischen den Delta Kits B150 und B250 Br\u00fccken?<\/p>\n<p>A: Alle oben genannten Kriterien werden von der B150 Windschutzscheiben-Reparaturbr\u00fccke und der B250 Windschutzscheiben-Reparaturbr\u00fccke erf\u00fcllt. Beide sind in der Lage, jede Art von Schaden \u00fcberall auf dem Glas zu reparieren. Besonders in Randn\u00e4he. Der Schaden f\u00fcllt sich unglaublich schnell, da die Niederdruck-Hydraulikkonstruktion die eingeschlossene Luft vollst\u00e4ndig entfernt, anstatt wie bei den ersten Modellen den Luftdruck zu nutzen. Beide Br\u00fccken lassen sich leicht in alle Richtungen verstellen, wodurch jedes Mal eine perfekte Ausrichtung auf den Einschlagpunkt erreicht wird.<\/p>\n","protected":false},"excerpt":{"rendered":"<p>B150 Windschutzscheiben-Reparaturbr\u00fccke, die funktionsreichste, kompakteste Windschutzscheiben-Reparaturbr\u00fccke auf dem Markt.<\/p>\n","protected":false},"featured_media":34733,"comment_status":"open","ping_status":"closed","template":"","meta":{"_acf_changed":false},"product_brand":[],"product_cat":[417],"product_tag":[],"class_list":{"0":"post-35769","1":"product","2":"type-product","3":"status-publish","4":"has-post-thumbnail","6":"product_cat-werkzeughalter","8":"first","9":"instock","10":"taxable","11":"shipping-taxable","12":"purchasable","13":"product-type-variable","14":"has-default-attributes"},"acf":[],"yoast_head":"<!-- This site is optimized with the Yoast SEO plugin v27.0 - https:\/\/yoast.com\/product\/yoast-seo-wordpress\/ -->\n<title>Deltakits B-150 Steinschlagreparatur Werkzeughalter f\u00fcr professionelle Anwendung<\/title>\n<meta name=\"description\" content=\"B150 Windschutzscheiben-Reparaturbr\u00fccke, die funktionsreichste, kompakteste Autoglas-Reparaturbr\u00fccke auf dem Markt.\" \/>\n<meta name=\"robots\" content=\"index, follow, max-snippet:-1, max-image-preview:large, max-video-preview:-1\" \/>\n<link rel=\"canonical\" href=\"https:\/\/www.deltakits.net\/de\/shop\/steinschlagreparatur-produkte\/system-zubehoer\/werkzeughalter\/product\/b-150-steinschlagreparatur-werkzeughalter\/\" \/>\n<meta property=\"og:locale\" content=\"de_DE\" \/>\n<meta property=\"og:type\" content=\"article\" \/>\n<meta property=\"og:title\" content=\"Deltakits B-150 Steinschlagreparatur Werkzeughalter f\u00fcr professionelle Anwendung\" \/>\n<meta property=\"og:description\" content=\"B150 Windschutzscheiben-Reparaturbr\u00fccke, die funktionsreichste, kompakteste Autoglas-Reparaturbr\u00fccke auf dem Markt.\" \/>\n<meta property=\"og:url\" content=\"https:\/\/www.deltakits.net\/de\/shop\/steinschlagreparatur-produkte\/system-zubehoer\/werkzeughalter\/product\/b-150-steinschlagreparatur-werkzeughalter\/\" \/>\n<meta property=\"og:site_name\" content=\"Delta Kits\" \/>\n<meta property=\"og:image\" content=\"https:\/\/www.deltakits.net\/wp-content\/uploads\/10440_a-2.jpg\" \/>\n\t<meta property=\"og:image:width\" content=\"1000\" \/>\n\t<meta property=\"og:image:height\" content=\"1000\" \/>\n\t<meta property=\"og:image:type\" content=\"image\/jpeg\" \/>\n<meta name=\"twitter:card\" content=\"summary_large_image\" \/>\n<meta name=\"twitter:label1\" content=\"Gesch\u00e4tzte Lesezeit\" \/>\n\t<meta name=\"twitter:data1\" content=\"3\u00a0Minuten\" \/>\n<script type=\"application\/ld+json\" class=\"yoast-schema-graph\">{\"@context\":\"https:\/\/schema.org\",\"@graph\":[]}<\/script>\n<!-- \/ Yoast SEO plugin. -->","yoast_head_json":{"title":"Deltakits B-150 Steinschlagreparatur Werkzeughalter f\u00fcr professionelle Anwendung","description":"B150 Windschutzscheiben-Reparaturbr\u00fccke, die funktionsreichste, kompakteste Autoglas-Reparaturbr\u00fccke auf dem Markt.","robots":{"index":"index","follow":"follow","max-snippet":"max-snippet:-1","max-image-preview":"max-image-preview:large","max-video-preview":"max-video-preview:-1"},"canonical":"https:\/\/www.deltakits.net\/de\/shop\/steinschlagreparatur-produkte\/system-zubehoer\/werkzeughalter\/product\/b-150-steinschlagreparatur-werkzeughalter\/","og_locale":"de_DE","og_type":"article","og_title":"Deltakits B-150 Steinschlagreparatur Werkzeughalter f\u00fcr professionelle Anwendung","og_description":"B150 Windschutzscheiben-Reparaturbr\u00fccke, die funktionsreichste, kompakteste Autoglas-Reparaturbr\u00fccke auf dem Markt.","og_url":"https:\/\/www.deltakits.net\/de\/shop\/steinschlagreparatur-produkte\/system-zubehoer\/werkzeughalter\/product\/b-150-steinschlagreparatur-werkzeughalter\/","og_site_name":"Delta Kits","og_image":[{"width":1000,"height":1000,"url":"https:\/\/www.deltakits.net\/wp-content\/uploads\/10440_a-2.jpg","type":"image\/jpeg"}],"twitter_card":"summary_large_image","twitter_misc":{"Gesch\u00e4tzte Lesezeit":"3\u00a0Minuten"},"schema":{"@context":"https:\/\/schema.org","@graph":[]}},"_links":{"self":[{"href":"https:\/\/www.deltakits.net\/de\/wp-json\/wp\/v2\/product\/35769","targetHints":{"allow":["GET"]}}],"collection":[{"href":"https:\/\/www.deltakits.net\/de\/wp-json\/wp\/v2\/product"}],"about":[{"href":"https:\/\/www.deltakits.net\/de\/wp-json\/wp\/v2\/types\/product"}],"replies":[{"embeddable":true,"href":"https:\/\/www.deltakits.net\/de\/wp-json\/wp\/v2\/comments?post=35769"}],"wp:featuredmedia":[{"embeddable":true,"href":"https:\/\/www.deltakits.net\/de\/wp-json\/wp\/v2\/media\/34733"}],"wp:attachment":[{"href":"https:\/\/www.deltakits.net\/de\/wp-json\/wp\/v2\/media?parent=35769"}],"wp:term":[{"taxonomy":"product_brand","embeddable":true,"href":"https:\/\/www.deltakits.net\/de\/wp-json\/wp\/v2\/product_brand?post=35769"},{"taxonomy":"product_cat","embeddable":true,"href":"https:\/\/www.deltakits.net\/de\/wp-json\/wp\/v2\/product_cat?post=35769"},{"taxonomy":"product_tag","embeddable":true,"href":"https:\/\/www.deltakits.net\/de\/wp-json\/wp\/v2\/product_tag?post=35769"}],"curies":[{"name":"wp","href":"https:\/\/api.w.org\/{rel}","templated":true}]}}