{"id":35760,"date":"2020-12-31T23:32:48","date_gmt":"2021-01-01T07:32:48","guid":{"rendered":"https:\/\/www.deltakits.net\/shop\/unkategorisiert\/product\/ez-450d-mobile-pro-steinschlagreparatur-system\/"},"modified":"2023-01-06T09:26:24","modified_gmt":"2023-01-06T08:26:24","slug":"ez-450d-mobile-pro-steinschlagreparatur-system","status":"publish","type":"product","link":"https:\/\/www.deltakits.net\/de\/shop\/steinschlagreparatur-produkte\/kits-komplettsysteme-de\/product\/ez-450d-mobile-pro-steinschlagreparatur-system\/","title":{"rendered":"EZ-450D Mobile Pro Windschutzscheiben Reparatur Set"},"content":{"rendered":"<p>Das 36021 EZ-450D Mobile Pro Windschutzscheiben Reparatur Set verf\u00fcgt \u00fcber die gleichen gro\u00dfartigen Funktionen wie unsere anderen mobilen Steinschlag Reparatursysteme PLUS eine ganze Menge mehr &#8211; jetzt erg\u00e4nzt um unsere beliebteste, kabellose, wiederaufladbare UV-Aush\u00e4rtungsleuchte, die Elite Plus UV-Aush\u00e4rtungsleuchte!<br \/>\nDas EZ-450D scheibenreparatur set enth\u00e4lt mehr Harz, mehr Politur und eine F\u00fclle von Zusatzausstattungen, die bei keinem anderen windschutzscheiben reparatur set in seiner Preisklasse enthalten sind. Das Beste von allem ist, dass Sie mehr Geld sparen, wenn Sie dieses hochwertige Steinschlag Reparatursystem von Delta Kits kaufen. Das EZ-450D Mobile Pro Steinschlag Reparatursystem enth\u00e4lt gen\u00fcgend Zubeh\u00f6r f\u00fcr bis zu 200 Reparaturen.<\/p>\n<p>Das EZ-450D Mobile Pro autoglas reparatur set beinhaltet:<\/p>\n<ul>\n<li>10005 B250 Br\u00fccke mit I-100 <a href=\"https:\/\/www.deltakits.net\/de\/shop\/steinschlagreparatur-produkte\/kits-komplettsysteme-de\/\">Injektor<\/a> (2 Stck)<\/li>\n<li>12210 Injektor-Enddichtungen (2 x 5 Stck)<\/li>\n<li>14001 Mini-Bohrmaschine<\/li>\n<li>15260 Elite Plus LED-UV-H\u00e4rtelampe, wiederaufladbar<\/li>\n<li>15400 LED Leuchte mit Power Bank und Ladeger\u00e4t.<\/li>\n<li>22001 Federhammer mit Bohrtiefensonde<\/li>\n<li>22130 Injektor-Zentrierwerkzeug<\/li>\n<li>22200 Nylon Saugfussl\u00f6ser<\/li>\n<li>22465 Ausbl\u00e4ser<\/li>\n<li>22250 Aush\u00e4rtefolie (eine 25 m Rolle)<\/li>\n<li>22255 Aush\u00e4rtungspl\u00e4ttchen (100 St)<\/li>\n<li>22275 Glasinspektionsspiegel mit 3-facher Vergr\u00f6\u00dferung (2 Stck)<\/li>\n<li>22420 Industrietaugliche B\u00fcgelklingen (100 St\u00fcck)<\/li>\n<li>22430 Steinschlag-Pflaster (100 St\u00fcck)<\/li>\n<li>22435 Injektor-Reinigungsbeh\u00e4lter mit Deckel (150 ml)<\/li>\n<li>22440 Schutzbrille<\/li>\n<li>22470 Stahlwolle zum Entfernen von hydrophoben Beschichtungen<\/li>\n<li>22460 Gerader Stift<\/li>\n<li>24430 Steinschlagtrockner<\/li>\n<li>22445 Lineal<\/li>\n<li>2248 Steinschlagpolierer<\/li>\n<li>23005 UV-Schutz<\/li>\n<li>23015 Motorhaubenschutzmatte<\/li>\n<li>26020 Kegelf\u00f6rmiger 1,2 mm Hartmetallfr\u00e4ser (eine Packung mit 5 St\u00fcck)<\/li>\n<li>26030 Runder 1,0 mm Hartmetallbohrer (eine Packung mit 5 St\u00fcck)<\/li>\n<li>30081 Premium Bond 20 Harz mit Glaspipette (vier 15 ml Flaschen)<\/li>\n<li>30260 Premium Bond 3000 Harz (zwei 7-ml-Flaschen)<\/li>\n<li>30400 Premium Steinschlagpolitur (zwei 7-ml-Flaschen)<\/li>\n<li>35000 Werkzeugkoffer mit Schaumstoffeinlage<\/li>\n<li>33000 Digitales Trainingspaket<\/li>\n<\/ul>\n<p>Sie sind nicht sicher, welches System das richtige f\u00fcr Sie ist? Sehen Sie sich unsere Delta Kits Windschutzscheiben-Reparatursystem-Kostenvergleichstabelle an.<\/p>\n","protected":false},"excerpt":{"rendered":"<p>Das 36021 EZ-450D Mobile Pro Windschutzscheiben Reparatur Set verf\u00fcgt \u00fcber die gleichen gro\u00dfartigen Funktionen wie unsere anderen mobilen Steinschlag Reparatursysteme PLUS eine ganze Menge mehr &#8211; jetzt erg\u00e4nzt um unsere beliebteste, kabellose, wiederaufladbare UV-Aush\u00e4rtungsleuchte, die Elite Plus UV-Aush\u00e4rtungsleuchte!<br \/>\nDas EZ-450D enth\u00e4lt mehr Harz, mehr Politur und eine F\u00fclle von Zusatzausstattungen, die bei keinem anderen windschutzscheibenreparaturs\u00e4t<wbr \/>ze in seiner Preisklasse enthalten sind. Das Beste von allem ist, dass Sie mehr Geld sparen, wenn Sie dieses hochwertige autoglas reparatur set von Delta Kits kaufen. Das EZ-450D enth\u00e4lt gen\u00fcgend Zubeh\u00f6r f\u00fcr bis zu 200 Reparaturen.<\/p>\n","protected":false},"featured_media":34775,"comment_status":"open","ping_status":"closed","template":"","meta":{"_acf_changed":false},"product_brand":[],"product_cat":[390],"product_tag":[],"class_list":{"0":"post-35760","1":"product","2":"type-product","3":"status-publish","4":"has-post-thumbnail","6":"product_cat-kits-komplettsysteme-de","8":"first","9":"instock","10":"taxable","11":"shipping-taxable","12":"purchasable","13":"product-type-simple"},"acf":[],"yoast_head":"<!-- This site is optimized with the Yoast SEO plugin v27.0 - https:\/\/yoast.com\/product\/yoast-seo-wordpress\/ -->\n<title>Windschutzscheiben Reparatur Set -EZ-450D Mobile Pro - Delta Kits<\/title>\n<meta name=\"description\" content=\"Das EZ-450D Mobile Pro Windschutzscheiben Reparatur Set enth\u00e4lt mehr Harz, mehr Politur und die aufladbare Elite Plus UV-Aush\u00e4rtungsleuchte!\" \/>\n<meta name=\"robots\" content=\"index, follow, max-snippet:-1, max-image-preview:large, max-video-preview:-1\" \/>\n<link rel=\"canonical\" href=\"https:\/\/www.deltakits.net\/de\/shop\/steinschlagreparatur-produkte\/kits-komplettsysteme-de\/product\/ez-450d-mobile-pro-steinschlagreparatur-system\/\" \/>\n<meta property=\"og:locale\" content=\"de_DE\" \/>\n<meta property=\"og:type\" content=\"article\" \/>\n<meta property=\"og:title\" content=\"Windschutzscheiben Reparatur Set -EZ-450D Mobile Pro - Delta Kits\" \/>\n<meta property=\"og:description\" content=\"Das EZ-450D Mobile Pro Windschutzscheiben Reparatur Set enth\u00e4lt mehr Harz, mehr Politur und die aufladbare Elite Plus UV-Aush\u00e4rtungsleuchte!\" \/>\n<meta property=\"og:url\" content=\"https:\/\/www.deltakits.net\/de\/shop\/steinschlagreparatur-produkte\/kits-komplettsysteme-de\/product\/ez-450d-mobile-pro-steinschlagreparatur-system\/\" \/>\n<meta property=\"og:site_name\" content=\"Delta Kits\" \/>\n<meta property=\"og:image\" content=\"https:\/\/www.deltakits.net\/wp-content\/uploads\/36021_21_20_DeltaKits_System-1.jpg\" \/>\n\t<meta property=\"og:image:width\" content=\"1000\" \/>\n\t<meta property=\"og:image:height\" content=\"1000\" \/>\n\t<meta property=\"og:image:type\" content=\"image\/jpeg\" \/>\n<meta name=\"twitter:card\" content=\"summary_large_image\" \/>\n<meta name=\"twitter:label1\" content=\"Gesch\u00e4tzte Lesezeit\" \/>\n\t<meta name=\"twitter:data1\" content=\"2\u00a0Minuten\" \/>\n<script type=\"application\/ld+json\" class=\"yoast-schema-graph\">{\"@context\":\"https:\/\/schema.org\",\"@graph\":[]}<\/script>\n<!-- \/ Yoast SEO plugin. -->","yoast_head_json":{"title":"Windschutzscheiben Reparatur Set -EZ-450D Mobile Pro - Delta Kits","description":"Das EZ-450D Mobile Pro Windschutzscheiben Reparatur Set enth\u00e4lt mehr Harz, mehr Politur und die aufladbare Elite Plus UV-Aush\u00e4rtungsleuchte!","robots":{"index":"index","follow":"follow","max-snippet":"max-snippet:-1","max-image-preview":"max-image-preview:large","max-video-preview":"max-video-preview:-1"},"canonical":"https:\/\/www.deltakits.net\/de\/shop\/steinschlagreparatur-produkte\/kits-komplettsysteme-de\/product\/ez-450d-mobile-pro-steinschlagreparatur-system\/","og_locale":"de_DE","og_type":"article","og_title":"Windschutzscheiben Reparatur Set -EZ-450D Mobile Pro - Delta Kits","og_description":"Das EZ-450D Mobile Pro Windschutzscheiben Reparatur Set enth\u00e4lt mehr Harz, mehr Politur und die aufladbare Elite Plus UV-Aush\u00e4rtungsleuchte!","og_url":"https:\/\/www.deltakits.net\/de\/shop\/steinschlagreparatur-produkte\/kits-komplettsysteme-de\/product\/ez-450d-mobile-pro-steinschlagreparatur-system\/","og_site_name":"Delta Kits","og_image":[{"width":1000,"height":1000,"url":"https:\/\/www.deltakits.net\/wp-content\/uploads\/36021_21_20_DeltaKits_System-1.jpg","type":"image\/jpeg"}],"twitter_card":"summary_large_image","twitter_misc":{"Gesch\u00e4tzte Lesezeit":"2\u00a0Minuten"},"schema":{"@context":"https:\/\/schema.org","@graph":[]}},"_links":{"self":[{"href":"https:\/\/www.deltakits.net\/de\/wp-json\/wp\/v2\/product\/35760","targetHints":{"allow":["GET"]}}],"collection":[{"href":"https:\/\/www.deltakits.net\/de\/wp-json\/wp\/v2\/product"}],"about":[{"href":"https:\/\/www.deltakits.net\/de\/wp-json\/wp\/v2\/types\/product"}],"replies":[{"embeddable":true,"href":"https:\/\/www.deltakits.net\/de\/wp-json\/wp\/v2\/comments?post=35760"}],"wp:featuredmedia":[{"embeddable":true,"href":"https:\/\/www.deltakits.net\/de\/wp-json\/wp\/v2\/media\/34775"}],"wp:attachment":[{"href":"https:\/\/www.deltakits.net\/de\/wp-json\/wp\/v2\/media?parent=35760"}],"wp:term":[{"taxonomy":"product_brand","embeddable":true,"href":"https:\/\/www.deltakits.net\/de\/wp-json\/wp\/v2\/product_brand?post=35760"},{"taxonomy":"product_cat","embeddable":true,"href":"https:\/\/www.deltakits.net\/de\/wp-json\/wp\/v2\/product_cat?post=35760"},{"taxonomy":"product_tag","embeddable":true,"href":"https:\/\/www.deltakits.net\/de\/wp-json\/wp\/v2\/product_tag?post=35760"}],"curies":[{"name":"wp","href":"https:\/\/api.w.org\/{rel}","templated":true}]}}