{"id":35757,"date":"2020-12-31T23:59:56","date_gmt":"2021-01-01T07:59:56","guid":{"rendered":"https:\/\/www.deltakits.net\/shop\/unkategorisiert\/product\/ez-350d-mobile-pro-steinschlag-reparatursystem\/"},"modified":"2021-12-01T00:01:32","modified_gmt":"2021-11-30T23:01:32","slug":"ez-350d-mobile-pro-steinschlag-reparatursystem","status":"publish","type":"product","link":"https:\/\/www.deltakits.net\/de\/shop\/steinschlagreparatur-produkte\/kits-komplettsysteme-de\/product\/ez-350d-mobile-pro-steinschlag-reparatursystem\/","title":{"rendered":"EZ 350D Mobile Pro Windschutzscheiben Reparatur Set"},"content":{"rendered":"<p>Das 36165 EZ-350D Mobile Pro Steinschlag-Reparaturset enth\u00e4lt die gleichen gro\u00dfartigen Funktionen wie unsere anderen Mobile windschutzscheiben reparatur set PLUS eine ganze Menge mehr &#8211; jetzt erg\u00e4nzt um unsere beliebteste, kabellose und wiederaufladbare UV-Aush\u00e4rtungsleuchte, die Elite Plus UV-LED H\u00e4rtelampe!<\/p>\n<p>Das EZ-350D enth\u00e4lt mehr Harz und eine F\u00fclle von Zusatzausstattungen, die bei keinem anderen Steinschlag-Reparatursystem in seiner Preisklasse enthalten sind. Das Beste von allem ist, dass Sie mehr Geld sparen, wenn Sie dieses hochwertige Scheibenreparatur-Set von Delta Kits kaufen. Das EZ-350D enth\u00e4lt gen\u00fcgend Material, um bis zu 200 Reparaturen durchzuf\u00fchren.<\/p>\n<p>Das EZ-350D Mobile Pro Windschutzscheiben-Reparatursystem beinhaltet:<\/p>\n<ul>\n<li>10005 B250 Br\u00fccke mit I-100 <a href=\"https:\/\/www.deltakits.net\/de\/shop\/steinschlagreparatur-produkte\/kits-komplettsysteme-de\/\">Injektor<\/a> (zwei)<\/li>\n<li>12210 Injektor-Enddichtungen (zwei 5er-Packungen)<\/li>\n<li>14001 Mini-Bohrmaschine<\/li>\n<li>15260 Elite Plus LED-UV-H\u00e4rtelampe, wiederaufladbar<\/li>\n<li>22001 Federhammer mit Tiefensonde<\/li>\n<li>22130 Injektor-Zentrierwerkzeug<\/li>\n<li>22200 Nylon Saugfussl\u00f6ser<\/li>\n<li>22465 Ausbl\u00e4ser<\/li>\n<li>22250 Aush\u00e4rtefolie (eine 25 m Rolle)<\/li>\n<li>22255 Aush\u00e4rtungspl\u00e4ttchen (100 St)<\/li>\n<li>22275 Glasinspektionsspiegel mit 3-facher Vergr\u00f6\u00dferung (zwei)<\/li>\n<li>22420 Industrietaugliche B\u00fcgelklingen (eine Packung mit 100 St\u00fcck)<\/li>\n<li>22430 Steinschlag-Pflaster (eine Packung mit 100 St\u00fcck)<\/li>\n<li>22435 Injektor-Reinigungsbeh\u00e4lter mit Deckel (150 ml)<\/li>\n<li>22440 Schutzbrille<\/li>\n<li>22470 Stahlwolle zum Entfernen von hydrophoben Beschichtungen<\/li>\n<li>22460 Gerader Stift<\/li>\n<li>26020 Kegelf\u00f6rmiger 1,2 mm Hartmetallfr\u00e4ser (eine Packung mit 5 St\u00fcck)<\/li>\n<li>26030 Runder 1,0 mm Hartmetallbohrer (eine Packung mit 5 St\u00fcck)<\/li>\n<li>30081 Premium Bond 20 Harz mit Glaspipette (zwei 15 ml Flaschen)<\/li>\n<li>30260 Premium Bond 3000 Harz (zwei 7-ml-Flaschen)<\/li>\n<li>30400 Premium Steinschlagpolitur (eine 7-ml-Flasche)<\/li>\n<li>35000 Werkzeugkoffer mit Schaumstoffeinlage<\/li>\n<li>Digitales Trainingspaket<\/li>\n<\/ul>\n<p>Sie sind nicht sicher, welches System das richtige f\u00fcr Sie ist? Sehen Sie sich unsere Delta Kits Windschutzscheiben-Reparatursystem-Kostenvergleichstabelle an.<\/p>\n<p>36165H<\/p>\n","protected":false},"excerpt":{"rendered":"<p>Das 36165 EZ-350D Mobile Pro Scheibenreparatur-Set enth\u00e4lt die gleichen gro\u00dfartigen Funktionen wie unsere anderen Mobile Windschutzscheiben-Reparatursysteme PLUS eine ganze Menge mehr &#8211; jetzt erg\u00e4nzt um unsere beliebteste, kabellose und wiederaufladbare UV-Aush\u00e4rtungsleuchte, die Elite Plus UV-LED H\u00e4rtelampe!<\/p>\n<p>Das EZ-350D enth\u00e4lt mehr Harz und eine F\u00fclle von Zusatzausstattungen, die bei keinem anderen Windschutzscheiben-Reparatursystem in seiner Preisklasse enthalten sind. Das Beste von allem ist, dass Sie mehr Geld sparen, wenn Sie dieses hochwertige Windschutzscheiben-Reparatursystem von Delta Kits kaufen. Das EZ-350D enth\u00e4lt gen\u00fcgend Material, um bis zu 200 Reparaturen durchzuf\u00fchren.<\/p>\n","protected":false},"featured_media":34653,"comment_status":"open","ping_status":"closed","template":"","meta":{"_acf_changed":false},"product_brand":[],"product_cat":[390],"product_tag":[],"class_list":{"0":"post-35757","1":"product","2":"type-product","3":"status-publish","4":"has-post-thumbnail","6":"product_cat-kits-komplettsysteme-de","8":"first","9":"instock","10":"featured","11":"taxable","12":"shipping-taxable","13":"purchasable","14":"product-type-simple"},"acf":[],"yoast_head":"<!-- This site is optimized with the Yoast SEO plugin v27.0 - https:\/\/yoast.com\/product\/yoast-seo-wordpress\/ -->\n<title>EZ-350D Mobile Pro Scheibenreparatur-Set - Delta Kits<\/title>\n<meta name=\"description\" content=\"Das 36165 EZ-350D Mobile Pro Scheibenreparatur-Set enth\u00e4lt jetzt unsere wiederaufladbare Elite Plus UV-LED H\u00e4rtelampe!\" \/>\n<meta name=\"robots\" content=\"index, follow, max-snippet:-1, max-image-preview:large, max-video-preview:-1\" \/>\n<link rel=\"canonical\" href=\"https:\/\/www.deltakits.net\/de\/shop\/steinschlagreparatur-produkte\/kits-komplettsysteme-de\/product\/ez-350d-mobile-pro-steinschlag-reparatursystem\/\" \/>\n<meta property=\"og:locale\" content=\"de_DE\" \/>\n<meta property=\"og:type\" content=\"article\" \/>\n<meta property=\"og:title\" content=\"EZ-350D Mobile Pro Scheibenreparatur-Set - Delta Kits\" \/>\n<meta property=\"og:description\" content=\"Das 36165 EZ-350D Mobile Pro Scheibenreparatur-Set enth\u00e4lt jetzt unsere wiederaufladbare Elite Plus UV-LED H\u00e4rtelampe!\" \/>\n<meta property=\"og:url\" content=\"https:\/\/www.deltakits.net\/de\/shop\/steinschlagreparatur-produkte\/kits-komplettsysteme-de\/product\/ez-350d-mobile-pro-steinschlag-reparatursystem\/\" \/>\n<meta property=\"og:site_name\" content=\"Delta Kits\" \/>\n<meta property=\"og:image\" content=\"https:\/\/www.deltakits.net\/wp-content\/uploads\/36165_21_5_2DeltaKits.jpg\" \/>\n\t<meta property=\"og:image:width\" content=\"1000\" \/>\n\t<meta property=\"og:image:height\" content=\"1000\" \/>\n\t<meta property=\"og:image:type\" content=\"image\/jpeg\" \/>\n<meta name=\"twitter:card\" content=\"summary_large_image\" \/>\n<meta name=\"twitter:label1\" content=\"Gesch\u00e4tzte Lesezeit\" \/>\n\t<meta name=\"twitter:data1\" content=\"2\u00a0Minuten\" \/>\n<script type=\"application\/ld+json\" class=\"yoast-schema-graph\">{\"@context\":\"https:\/\/schema.org\",\"@graph\":[]}<\/script>\n<!-- \/ Yoast SEO plugin. -->","yoast_head_json":{"title":"EZ-350D Mobile Pro Scheibenreparatur-Set - Delta Kits","description":"Das 36165 EZ-350D Mobile Pro Scheibenreparatur-Set enth\u00e4lt jetzt unsere wiederaufladbare Elite Plus UV-LED H\u00e4rtelampe!","robots":{"index":"index","follow":"follow","max-snippet":"max-snippet:-1","max-image-preview":"max-image-preview:large","max-video-preview":"max-video-preview:-1"},"canonical":"https:\/\/www.deltakits.net\/de\/shop\/steinschlagreparatur-produkte\/kits-komplettsysteme-de\/product\/ez-350d-mobile-pro-steinschlag-reparatursystem\/","og_locale":"de_DE","og_type":"article","og_title":"EZ-350D Mobile Pro Scheibenreparatur-Set - Delta Kits","og_description":"Das 36165 EZ-350D Mobile Pro Scheibenreparatur-Set enth\u00e4lt jetzt unsere wiederaufladbare Elite Plus UV-LED H\u00e4rtelampe!","og_url":"https:\/\/www.deltakits.net\/de\/shop\/steinschlagreparatur-produkte\/kits-komplettsysteme-de\/product\/ez-350d-mobile-pro-steinschlag-reparatursystem\/","og_site_name":"Delta Kits","og_image":[{"width":1000,"height":1000,"url":"https:\/\/www.deltakits.net\/wp-content\/uploads\/36165_21_5_2DeltaKits.jpg","type":"image\/jpeg"}],"twitter_card":"summary_large_image","twitter_misc":{"Gesch\u00e4tzte Lesezeit":"2\u00a0Minuten"},"schema":{"@context":"https:\/\/schema.org","@graph":[]}},"_links":{"self":[{"href":"https:\/\/www.deltakits.net\/de\/wp-json\/wp\/v2\/product\/35757","targetHints":{"allow":["GET"]}}],"collection":[{"href":"https:\/\/www.deltakits.net\/de\/wp-json\/wp\/v2\/product"}],"about":[{"href":"https:\/\/www.deltakits.net\/de\/wp-json\/wp\/v2\/types\/product"}],"replies":[{"embeddable":true,"href":"https:\/\/www.deltakits.net\/de\/wp-json\/wp\/v2\/comments?post=35757"}],"wp:featuredmedia":[{"embeddable":true,"href":"https:\/\/www.deltakits.net\/de\/wp-json\/wp\/v2\/media\/34653"}],"wp:attachment":[{"href":"https:\/\/www.deltakits.net\/de\/wp-json\/wp\/v2\/media?parent=35757"}],"wp:term":[{"taxonomy":"product_brand","embeddable":true,"href":"https:\/\/www.deltakits.net\/de\/wp-json\/wp\/v2\/product_brand?post=35757"},{"taxonomy":"product_cat","embeddable":true,"href":"https:\/\/www.deltakits.net\/de\/wp-json\/wp\/v2\/product_cat?post=35757"},{"taxonomy":"product_tag","embeddable":true,"href":"https:\/\/www.deltakits.net\/de\/wp-json\/wp\/v2\/product_tag?post=35757"}],"curies":[{"name":"wp","href":"https:\/\/api.w.org\/{rel}","templated":true}]}}