{"id":36471,"date":"2021-04-09T02:38:32","date_gmt":"2021-04-09T09:38:32","guid":{"rendered":"https:\/\/www.deltakits.net\/?page_id=36471"},"modified":"2021-04-09T02:38:32","modified_gmt":"2021-04-09T09:38:32","slug":"versandrichtlinien","status":"publish","type":"page","link":"https:\/\/www.deltakits.net\/de\/versandrichtlinien\/","title":{"rendered":"Versandrichtlinien"},"content":{"rendered":"<div class=\"wpb-content-wrapper\"><div class=\"vc_row wpb_row vc_row-fluid\"><div class=\"wpb_column vc_column_container vc_col-sm-12\"><div class=\"vc_column-inner\"><div class=\"wpb_wrapper\">\n\t<div class=\"wpb_text_column wpb_content_element azirspares_custom_60702099a5a39 \" >\n\t\t<div class=\"wpb_wrapper\">\n\t\t\t<h3>Auftragsabwicklung<\/h3>\n<p>Es werden alle Anstrengungen unternommen, um Bestellungen innerhalb von 24 Stunden (Wochenenden und Feiertage ausgenommen) im Rahmen der hervorragenden Versandpolitik zu versenden. Sie erhalten eine E-Mail-Nachricht, wenn Ihre Bestellung versandt wird. Die E-Mail enth\u00e4lt eine Kopie Ihrer Bestellung, den Namen des Versandunternehmens und eine Tracking-Nummer, so dass Sie den Status Ihrer Bestellung \u00fcber die Website des Versandunternehmens verfolgen k\u00f6nnen.<\/p>\n<p>Wenn Sie nach Ablauf der entsprechenden Zeit keine E-Mail mit der Versandbest\u00e4tigung erhalten haben, wenden Sie sich bitte an den Delta Kits-Kundendienst. Wir bem\u00fchen uns, Ihre E-Mail bis zum n\u00e4chsten Arbeitstag zu beantworten.<\/p>\n<h3>Versand<\/h3>\n<p>Deltakits.net-Bestellungen werden per DHL, Royal Mail oder mit dem von Ihnen w\u00e4hrend der Kaufabwicklung ausgew\u00e4hlten Versandunternehmen versandt.<\/p>\n<p>Die Versandkosten werden auf der Grundlage von Gewicht und Paketabmessungen berechnet. In einigen F\u00e4llen kann das Ma\u00dfgewicht eines Pakets h\u00f6her sein als das tats\u00e4chliche Gewicht. In diesen F\u00e4llen wird das Ma\u00dfgewicht in \u00dcbereinstimmung mit den Vorschriften des Versandunternehmens berechnet.<\/p>\n<p>F\u00fcr bestimmte Artikel kann eine zus\u00e4tzliche Versicherung, eine Unterschrift bei der Lieferung und\/oder eine Gefahrgutgeb\u00fchr erforderlich sein. Der Versandpreis enth\u00e4lt diese Geb\u00fchren, falls zutreffend. Gefahrgutartikel k\u00f6nnen unabh\u00e4ngig von Gr\u00f6\u00dfe und Gewicht nicht mit USPS versendet werden.<\/p>\n<p>Dies gilt nur f\u00fcr Lieferungen direkt aus USA an den Kunden:\u00a0 \u00a0 \u00a0 \u00a0 \u00a0 \u00a0 \u00a0 \u00a0 \u00a0 Alle anfallenden Zollgeb\u00fchren, Mehrwertsteuer, Steuern und Abgaben liegen in der alleinigen Verantwortung des Kunden. Die Zollbeh\u00f6rden verlangen, dass wir den Wert Ihrer Bestellung angeben; der Wert ist der volle Kaufpreis Ihrer Bestellung. K\u00e4ufer sollten sich f\u00fcr genaue Zoll- und Steuerinformationen an ihre Zollbeh\u00f6rde wenden. Hilfreiche Informationen zur Absch\u00e4tzung von Steuern und Z\u00f6llen finden Sie auch auf der U.S. Customs Website.<\/p>\n<h3>Auftrags\u00e4nderungen und Stornierungen<\/h3>\n<p>Deltakits.net verarbeitet Ihre Bestellungen elektronisch. Ihre Bestellung kann bereits kurz nach dem Absenden in Bearbeitung sein. Um eine Bestellung zu \u00e4ndern oder zu stornieren, wenden Sie sich bitte umgehend an den Delta Kits-Kundendienst. Wir werden uns bem\u00fchen, Ihre Anfrage zu ber\u00fccksichtigen. Bestellungen k\u00f6nnen jedoch nicht storniert werden, wenn die Ware bereits versandt wurde, und die Versandkosten werden nicht zur\u00fcckerstattet.<\/p>\n<h3>R\u00fcckgabe oder Umtausch<\/h3>\n<p>Wir garantieren, dass Sie mit jedem von uns verkauften Produkt zufrieden sind und erstatten Ihnen den vollen Kaufpreis, wenn Sie das Produkt innerhalb von 30 Tagen nach dem Kauf zur\u00fcckgeben. Eine R\u00fcckerstattung der Versandkosten ist nicht m\u00f6glich. F\u00fcr alle R\u00fccksendungen oder Umt\u00e4usche ist eine R\u00fccksendegenehmigungsnummer erforderlich. Bitte wenden Sie sich an den Delta Kits-Kundendienst, um eine R\u00fcckgabeberechtigungsnummer zu erhalten, bevor Sie ein Produkt aus irgendeinem Grund an Delta Kits zur\u00fccksenden.<\/p>\n<p>Artikel, die von der Delta-Kits-Garantie abgedeckt sind und innerhalb der Garantiezeit zur\u00fcckgegeben werden, werden von Delta Kits bewertet und k\u00f6nnen nach eigenem Ermessen repariert oder ersetzt werden.<\/p>\n\n\t\t<\/div>\n\t<\/div>\n<\/div><\/div><\/div><\/div>\n<\/div>","protected":false},"excerpt":{"rendered":"Auftragsabwicklung Es werden alle Anstrengungen unternommen, um Bestellungen innerhalb von 24 Stunden (Wochenenden und Feiertage ausgenommen) im Rahmen der hervorragenden Versandpolitik zu versenden. Sie erhalten eine E-Mail-Nachricht, wenn Ihre Bestellung versandt wird. Die E-Mail enth\u00e4lt eine Kopie Ihrer Bestellung, den Namen des Versandunternehmens und eine Tracking-Nummer, so dass Sie den Status Ihrer Bestellung \u00fcber die [...]","protected":false},"author":4660,"featured_media":21525,"parent":0,"menu_order":0,"comment_status":"closed","ping_status":"closed","template":"","meta":{"_acf_changed":false,"footnotes":""},"class_list":["post-36471","page","type-page","status-publish","has-post-thumbnail","hentry"],"acf":[],"yoast_head":"<!-- This site is optimized with the Yoast SEO plugin v27.0 - https:\/\/yoast.com\/product\/yoast-seo-wordpress\/ -->\n<title>Versandrichtlinien - Delta Kits<\/title>\n<meta name=\"robots\" content=\"index, follow, max-snippet:-1, max-image-preview:large, max-video-preview:-1\" \/>\n<link rel=\"canonical\" href=\"https:\/\/www.deltakits.net\/de\/versandrichtlinien\/\" \/>\n<meta property=\"og:locale\" content=\"de_DE\" \/>\n<meta property=\"og:type\" content=\"article\" \/>\n<meta property=\"og:title\" content=\"Versandrichtlinien - Delta Kits\" \/>\n<meta property=\"og:url\" content=\"https:\/\/www.deltakits.net\/de\/versandrichtlinien\/\" \/>\n<meta property=\"og:site_name\" content=\"Delta Kits\" \/>\n<meta property=\"og:image\" content=\"https:\/\/www.deltakits.net\/wp-content\/uploads\/dk-placeholder.png\" \/>\n\t<meta property=\"og:image:width\" content=\"440\" \/>\n\t<meta property=\"og:image:height\" content=\"393\" \/>\n\t<meta property=\"og:image:type\" content=\"image\/png\" \/>\n<meta name=\"twitter:card\" content=\"summary_large_image\" \/>\n<meta name=\"twitter:label1\" content=\"Gesch\u00e4tzte Lesezeit\" \/>\n\t<meta name=\"twitter:data1\" content=\"2\u00a0Minuten\" \/>\n<script type=\"application\/ld+json\" class=\"yoast-schema-graph\">{\"@context\":\"https:\/\/schema.org\",\"@graph\":[]}<\/script>\n<!-- \/ Yoast SEO plugin. -->","yoast_head_json":{"title":"Versandrichtlinien - Delta Kits","robots":{"index":"index","follow":"follow","max-snippet":"max-snippet:-1","max-image-preview":"max-image-preview:large","max-video-preview":"max-video-preview:-1"},"canonical":"https:\/\/www.deltakits.net\/de\/versandrichtlinien\/","og_locale":"de_DE","og_type":"article","og_title":"Versandrichtlinien - Delta Kits","og_url":"https:\/\/www.deltakits.net\/de\/versandrichtlinien\/","og_site_name":"Delta Kits","og_image":[{"width":440,"height":393,"url":"https:\/\/www.deltakits.net\/wp-content\/uploads\/dk-placeholder.png","type":"image\/png"}],"twitter_card":"summary_large_image","twitter_misc":{"Gesch\u00e4tzte Lesezeit":"2\u00a0Minuten"},"schema":{"@context":"https:\/\/schema.org","@graph":[]}},"_links":{"self":[{"href":"https:\/\/www.deltakits.net\/de\/wp-json\/wp\/v2\/pages\/36471","targetHints":{"allow":["GET"]}}],"collection":[{"href":"https:\/\/www.deltakits.net\/de\/wp-json\/wp\/v2\/pages"}],"about":[{"href":"https:\/\/www.deltakits.net\/de\/wp-json\/wp\/v2\/types\/page"}],"author":[{"embeddable":true,"href":"https:\/\/www.deltakits.net\/de\/wp-json\/wp\/v2\/users\/4660"}],"replies":[{"embeddable":true,"href":"https:\/\/www.deltakits.net\/de\/wp-json\/wp\/v2\/comments?post=36471"}],"version-history":[{"count":1,"href":"https:\/\/www.deltakits.net\/de\/wp-json\/wp\/v2\/pages\/36471\/revisions"}],"predecessor-version":[{"id":36474,"href":"https:\/\/www.deltakits.net\/de\/wp-json\/wp\/v2\/pages\/36471\/revisions\/36474"}],"wp:featuredmedia":[{"embeddable":true,"href":"https:\/\/www.deltakits.net\/de\/wp-json\/wp\/v2\/media\/21525"}],"wp:attachment":[{"href":"https:\/\/www.deltakits.net\/de\/wp-json\/wp\/v2\/media?parent=36471"}],"curies":[{"name":"wp","href":"https:\/\/api.w.org\/{rel}","templated":true}]}}