{"id":36468,"date":"2021-04-09T02:25:24","date_gmt":"2021-04-09T09:25:24","guid":{"rendered":"https:\/\/www.deltakits.net\/?page_id=36468"},"modified":"2021-04-09T02:25:24","modified_gmt":"2021-04-09T09:25:24","slug":"datenschutzrichtlinie","status":"publish","type":"page","link":"https:\/\/www.deltakits.net\/de\/datenschutzrichtlinie\/","title":{"rendered":"DATENSCHUTZRICHTLINIE"},"content":{"rendered":"<div class=\"wpb-content-wrapper\"><div class=\"vc_row wpb_row vc_row-fluid\"><div class=\"wpb_column vc_column_container vc_col-sm-12\"><div class=\"vc_column-inner\"><div class=\"wpb_wrapper\">\n\t<div class=\"wpb_text_column wpb_content_element azirspares_custom_60701d8619925 \" >\n\t\t<div class=\"wpb_wrapper\">\n\t\t\t<p>Diese Richtlinie deckt ab, wie DeltaKits.net als Datenverantwortlicher im Sinne der GDPR Ihre pers\u00f6nlichen Daten sammelt und verwendet. Wir nehmen Ihre Privatsph\u00e4re ernst und werden alle Ma\u00dfnahmen ergreifen, um Ihre pers\u00f6nlichen Daten zu sch\u00fctzen.<\/p>\n<h3>Welche Informationen sammeln wir?<\/h3>\n<p>Pers\u00f6nlich identifizierbare Informationen: Delta Kits wird Ihre pers\u00f6nlich identifizierbaren Informationen an niemanden verkaufen oder weitergeben, weder im Inland noch im Ausland. Dazu geh\u00f6ren Informationen, die Sie freiwillig bei Umfragen und\/oder bei der Registrierung auf der Website angegeben haben, sowie Informationen, die sich auf Ihre Bestellung beziehen, einschlie\u00dflich: Rechnungsadresse, Lieferadresse, E-Mail-Adresse, Telefonnummer und Kreditkarteninformationen. Alle Informationen, die Sie auf unseren Seiten ver\u00f6ffentlichen, wie z. B. Produktbewertungen oder Erfahrungsberichte, sind f\u00fcr andere auf der Seite verf\u00fcgbar.<\/p>\n<p>Nicht pers\u00f6nlich identifizierbare Informationen: Wir k\u00f6nnen nicht pers\u00f6nlich identifizierbare Informationen, wie Seitenbesuche, Anzahl der Klicks, IP-Adresse, Browsertyp usw., an interessierte Dritte weitergeben, um die Nutzungsmuster unserer Website zu verstehen und zu verbessern.<\/p>\n<h3>Wie werden meine Daten verwendet?<\/h3>\n<p>Ihre Informationen werden von Delta Kits, Inc. verwendet, um Ihnen Support, Dienstleistungen, Mailings, Verkaufs- und Marketingaktionen, die Ausf\u00fchrung Ihrer Bestellung und die Rechnungsstellung zu erm\u00f6glichen. M\u00f6glicherweise erhalten Sie von uns auch telefonischen und\/oder E-Mail-Kontakt mit Informationen \u00fcber neue Produkte und Dienstleistungen oder bevorstehende Veranstaltungen. Wir verkaufen Ihre Daten nicht und geben sie auch nicht an Dritte weiter.<\/p>\n<p>Wenn Sie keine Werbe-E-Mails mehr von uns erhalten m\u00f6chten, k\u00f6nnen Sie sich jederzeit abmelden.<\/p>\n<h3>Sicherheit und Speicherung<\/h3>\n<p>Es wurden angemessene Sicherheitsma\u00dfnahmen ergriffen, um die von uns gesammelten Informationen vor Verlust, Missbrauch oder Ver\u00e4nderung zu sch\u00fctzen. Wir speichern Ihre Kreditkartendaten nicht.<\/p>\n<p>Dar\u00fcber hinaus verwenden wir Daten-Hosting-Dienstleister in den Vereinigten Staaten, um die von uns erfassten Informationen zu hosten, und wir verwenden technische Ma\u00dfnahmen, um Ihre Daten zu sichern. Obwohl wir Schutzma\u00dfnahmen implementieren, die dazu dienen, Ihre Daten zu sch\u00fctzen, ist kein Sicherheitssystem undurchdringlich, und aufgrund der inh\u00e4renten Natur des Internets k\u00f6nnen wir nicht garantieren, dass Daten w\u00e4hrend der \u00dcbertragung durch das Internet oder w\u00e4hrend sie auf unseren Systemen oder anderweitig in unserer Obhut gespeichert sind, absolut sicher vor dem Eindringen durch andere sind.<\/p>\n<h3>Wie Sie uns kontaktieren k\u00f6nnen<\/h3>\n<p>Sie k\u00f6nnen uns per E-Mail unter <a href=\"mailto:info@www.deltakits.net\">security@www.deltakits.net<\/a>, oder Sie k\u00f6nnen uns unter 1-541-345-8554 anrufen.<\/p>\n<p>Wir respektieren Ihre Datenschutzrechte, daher k\u00f6nnen Sie sich jederzeit an uns wenden, um:<\/p>\n<ul>\n<li>Zugang zu Ihren Informationen anzufordern<\/li>\n<li>Informationen zu korrigieren oder zu aktualisieren<\/li>\n<li>Informationen zu l\u00f6schen<\/li>\n<\/ul>\n<p>Bitte senden Sie uns eine E-Mail an\u00a0 <a href=\"mailto:info@www.deltakits.net\">security@www.deltakits.net<\/a> mit den Details Ihrer Anfrage.<\/p>\n<p>Zuletzt aktualisiert: M\u00e4rz 2021<\/p>\n\n\t\t<\/div>\n\t<\/div>\n<\/div><\/div><\/div><\/div>\n<\/div>","protected":false},"excerpt":{"rendered":"Diese Richtlinie deckt ab, wie DeltaKits.net als Datenverantwortlicher im Sinne der GDPR Ihre pers\u00f6nlichen Daten sammelt und verwendet. Wir nehmen Ihre Privatsph\u00e4re ernst und werden alle Ma\u00dfnahmen ergreifen, um Ihre pers\u00f6nlichen Daten zu sch\u00fctzen. Welche Informationen sammeln wir? Pers\u00f6nlich identifizierbare Informationen: Delta Kits wird Ihre pers\u00f6nlich identifizierbaren Informationen an niemanden verkaufen oder weitergeben, weder im [...]","protected":false},"author":4660,"featured_media":21525,"parent":0,"menu_order":0,"comment_status":"closed","ping_status":"closed","template":"","meta":{"_acf_changed":false,"footnotes":""},"class_list":["post-36468","page","type-page","status-publish","has-post-thumbnail","hentry"],"acf":[],"yoast_head":"<!-- This site is optimized with the Yoast SEO plugin v27.0 - https:\/\/yoast.com\/product\/yoast-seo-wordpress\/ -->\n<title>DATENSCHUTZRICHTLINIE - Delta Kits<\/title>\n<meta name=\"robots\" content=\"index, follow, max-snippet:-1, max-image-preview:large, max-video-preview:-1\" \/>\n<link rel=\"canonical\" href=\"https:\/\/www.deltakits.net\/de\/datenschutzrichtlinie\/\" \/>\n<meta property=\"og:locale\" content=\"de_DE\" \/>\n<meta property=\"og:type\" content=\"article\" \/>\n<meta property=\"og:title\" content=\"DATENSCHUTZRICHTLINIE - Delta Kits\" \/>\n<meta property=\"og:url\" content=\"https:\/\/www.deltakits.net\/de\/datenschutzrichtlinie\/\" \/>\n<meta property=\"og:site_name\" content=\"Delta Kits\" \/>\n<meta property=\"og:image\" content=\"https:\/\/www.deltakits.net\/wp-content\/uploads\/dk-placeholder.png\" \/>\n\t<meta property=\"og:image:width\" content=\"440\" \/>\n\t<meta property=\"og:image:height\" content=\"393\" \/>\n\t<meta property=\"og:image:type\" content=\"image\/png\" \/>\n<meta name=\"twitter:card\" content=\"summary_large_image\" \/>\n<meta name=\"twitter:label1\" content=\"Gesch\u00e4tzte Lesezeit\" \/>\n\t<meta name=\"twitter:data1\" content=\"2\u00a0Minuten\" \/>\n<script type=\"application\/ld+json\" class=\"yoast-schema-graph\">{\"@context\":\"https:\/\/schema.org\",\"@graph\":[]}<\/script>\n<!-- \/ Yoast SEO plugin. -->","yoast_head_json":{"title":"DATENSCHUTZRICHTLINIE - Delta Kits","robots":{"index":"index","follow":"follow","max-snippet":"max-snippet:-1","max-image-preview":"max-image-preview:large","max-video-preview":"max-video-preview:-1"},"canonical":"https:\/\/www.deltakits.net\/de\/datenschutzrichtlinie\/","og_locale":"de_DE","og_type":"article","og_title":"DATENSCHUTZRICHTLINIE - Delta Kits","og_url":"https:\/\/www.deltakits.net\/de\/datenschutzrichtlinie\/","og_site_name":"Delta Kits","og_image":[{"width":440,"height":393,"url":"https:\/\/www.deltakits.net\/wp-content\/uploads\/dk-placeholder.png","type":"image\/png"}],"twitter_card":"summary_large_image","twitter_misc":{"Gesch\u00e4tzte Lesezeit":"2\u00a0Minuten"},"schema":{"@context":"https:\/\/schema.org","@graph":[]}},"_links":{"self":[{"href":"https:\/\/www.deltakits.net\/de\/wp-json\/wp\/v2\/pages\/36468","targetHints":{"allow":["GET"]}}],"collection":[{"href":"https:\/\/www.deltakits.net\/de\/wp-json\/wp\/v2\/pages"}],"about":[{"href":"https:\/\/www.deltakits.net\/de\/wp-json\/wp\/v2\/types\/page"}],"author":[{"embeddable":true,"href":"https:\/\/www.deltakits.net\/de\/wp-json\/wp\/v2\/users\/4660"}],"replies":[{"embeddable":true,"href":"https:\/\/www.deltakits.net\/de\/wp-json\/wp\/v2\/comments?post=36468"}],"version-history":[{"count":1,"href":"https:\/\/www.deltakits.net\/de\/wp-json\/wp\/v2\/pages\/36468\/revisions"}],"predecessor-version":[{"id":36470,"href":"https:\/\/www.deltakits.net\/de\/wp-json\/wp\/v2\/pages\/36468\/revisions\/36470"}],"wp:featuredmedia":[{"embeddable":true,"href":"https:\/\/www.deltakits.net\/de\/wp-json\/wp\/v2\/media\/21525"}],"wp:attachment":[{"href":"https:\/\/www.deltakits.net\/de\/wp-json\/wp\/v2\/media?parent=36468"}],"curies":[{"name":"wp","href":"https:\/\/api.w.org\/{rel}","templated":true}]}}