{"id":36410,"date":"2021-04-07T01:39:39","date_gmt":"2021-04-07T08:39:39","guid":{"rendered":"https:\/\/www.deltakits.net\/sitemap\/"},"modified":"2021-04-07T01:41:42","modified_gmt":"2021-04-07T08:41:42","slug":"sitemap","status":"publish","type":"page","link":"https:\/\/www.deltakits.net\/de\/sitemap\/","title":{"rendered":"Sitemap"},"content":{"rendered":"<div class=\"wpb-content-wrapper\"><div id=\"sitemap\" class=\"vc_row wpb_row vc_row-fluid azirspares_custom_606d70474b9e8\"><div class=\"wpb_column vc_column_container vc_col-sm-12\"><div class=\"vc_column-inner\"><div class=\"wpb_wrapper\"><div  class=\"vc_wp_custommenu wpb_content_element\"><div class=\"widget widget_nav_menu\"><h2 class=\"widgettitle\">Main Menu<\/h2><div class=\"menu-primary-menu-german-container\"><ul id=\"menu-primary-menu-german\" class=\"menu\"><li id=\"menu-item-36339\" class=\"menu-item menu-item-type-post_type menu-item-object-megamenu menu-item-36339\"><a href=\"https:\/\/www.deltakits.net\/de\/?megamenu=shop\">Shop<\/a><\/li>\n<li id=\"menu-item-36076\" class=\"menu-item menu-item-type-post_type menu-item-object-page menu-item-has-children menu-item-36076\"><a href=\"https:\/\/www.deltakits.net\/de\/unsere-steinschlagreparatur-systeme-sind-einfach-die-besten\/\">Steinschlagreparatur Produkte<\/a>\n<ul class=\"sub-menu\">\n\t<li id=\"menu-item-36077\" class=\"menu-item menu-item-type-custom menu-item-object-custom menu-item-36077\"><a href=\"\/de\/shop\/steinschlagreparatur-produkte\/kits-komplettsysteme-de\/\">Scheibenreparatur Set<\/a><\/li>\n\t<li id=\"menu-item-36078\" class=\"menu-item menu-item-type-custom menu-item-object-custom menu-item-36078\"><a href=\"\/de\/shop\/steinschlagreparatur-produkte\/system-zubehoer\/\">Systemzubeh\u00f6r<\/a><\/li>\n\t<li id=\"menu-item-36079\" class=\"menu-item menu-item-type-custom menu-item-object-custom menu-item-36079\"><a href=\"\/de\/shop\/steinschlagreparatur-produkte\/harz-de\/\">Harz<\/a><\/li>\n\t<li id=\"menu-item-36080\" class=\"menu-item menu-item-type-custom menu-item-object-custom menu-item-36080\"><a href=\"\/de\/shop\/steinschlagreparatur-produkte\/\">Alle Produkte<\/a><\/li>\n<\/ul>\n<\/li>\n<li id=\"menu-item-36083\" class=\"menu-item menu-item-type-custom menu-item-object-custom menu-item-has-children menu-item-36083\"><a href=\"\/de\/warum-scheinwerfer-restaurierung\/\">Scheinwerfer Restaurierung<\/a>\n<ul class=\"sub-menu\">\n\t<li id=\"menu-item-36081\" class=\"menu-item menu-item-type-custom menu-item-object-custom menu-item-36081\"><a href=\"\/de\/shop\/scheinwerfer-restaurierung\/\">Komplettsysteme<\/a><\/li>\n\t<li id=\"menu-item-36082\" class=\"menu-item menu-item-type-custom menu-item-object-custom menu-item-36082\"><a href=\"\/de\/shop\/scheinwerfer-restaurierung\/arbeitsmaterial\/\">Systemzubeh\u00f6r<\/a><\/li>\n\t<li id=\"menu-item-36199\" class=\"menu-item menu-item-type-custom menu-item-object-custom menu-item-36199\"><a href=\"\/de\/shop\/scheinwerfer-restaurierung\/\">Alle Produkte<\/a><\/li>\n<\/ul>\n<\/li>\n<li id=\"menu-item-36084\" class=\"menu-item menu-item-type-post_type menu-item-object-page menu-item-36084\"><a href=\"https:\/\/www.deltakits.net\/de\/contact-us\/\">Kontakt<\/a><\/li>\n<\/ul><\/div><\/div><\/div><div  class=\"vc_wp_custommenu wpb_content_element\"><div class=\"widget widget_nav_menu\"><h2 class=\"widgettitle\">Top Menu<\/h2><div class=\"menu-top-right-menu-container\"><ul id=\"menu-top-right-menu\" class=\"menu\"><li id=\"menu-item-4322\" class=\"menu-item menu-item-type-post_type menu-item-object-page menu-item-4322\"><a href=\"https:\/\/www.deltakits.net\/about-delta-kits\/\">\u00dcber Delta Kits<\/a><\/li>\n<li id=\"menu-item-5558\" class=\"menu-item menu-item-type-post_type menu-item-object-page menu-item-5558\"><a href=\"https:\/\/www.deltakits.net\/ask-an-expert\/\">Fragen Sie den Fachmann<\/a><\/li>\n<\/ul><\/div><\/div><\/div><div  class=\"vc_wp_custommenu wpb_content_element\"><div class=\"widget widget_nav_menu\"><h2 class=\"widgettitle\">\u00dcber Sie<\/h2><div class=\"menu-ueber-sie-container\"><ul id=\"menu-ueber-sie\" class=\"menu\"><li id=\"menu-item-36353\" class=\"menu-item menu-item-type-custom menu-item-object-custom menu-item-36353\"><a href=\"\/de\/fire-your-boss\/\">Unternehmer<\/a><\/li>\n<li id=\"menu-item-36354\" class=\"menu-item menu-item-type-post_type menu-item-object-page menu-item-36354\"><a href=\"https:\/\/www.deltakits.net\/de\/autoglasreparatur-als-nebenerwerb\/\">Autoglasreparatur als Nebenerwerb<\/a><\/li>\n<li id=\"menu-item-36355\" class=\"menu-item menu-item-type-post_type menu-item-object-page menu-item-36355\"><a href=\"https:\/\/www.deltakits.net\/de\/resellers\/\">Wiederverk\u00e4ufer<\/a><\/li>\n<\/ul><\/div><\/div><\/div><div  class=\"vc_wp_custommenu wpb_content_element\"><div class=\"widget widget_nav_menu\"><h2 class=\"widgettitle\">\u00dcber Uns<\/h2><div class=\"menu-ueber-uns-container\"><ul id=\"menu-ueber-uns\" class=\"menu\"><li id=\"menu-item-36329\" class=\"menu-item menu-item-type-post_type menu-item-object-page menu-item-36329\"><a href=\"https:\/\/www.deltakits.net\/de\/uber-delta-kits\/\">\u00dcber Delta Kits International<\/a><\/li>\n<li id=\"menu-item-36332\" class=\"menu-item menu-item-type-post_type menu-item-object-page menu-item-36332\"><a href=\"https:\/\/www.deltakits.net\/de\/warum-delta-kits\/\">Warum Delta Kits<\/a><\/li>\n<li id=\"menu-item-36333\" class=\"menu-item menu-item-type-post_type menu-item-object-page menu-item-36333\"><a href=\"https:\/\/www.deltakits.net\/de\/erfolgsgeschichten-von-kunden\/\">Erfolgsgeschichten<\/a><\/li>\n<\/ul><\/div><\/div><\/div><div  class=\"vc_wp_custommenu wpb_content_element\"><div class=\"widget widget_nav_menu\"><h2 class=\"widgettitle\">Hilfe<\/h2><div class=\"menu-hilfe-container\"><ul id=\"menu-hilfe\" class=\"menu\"><li id=\"menu-item-36334\" class=\"menu-item menu-item-type-post_type menu-item-object-page menu-item-36334\"><a href=\"https:\/\/www.deltakits.net\/de\/technische-unterstuetzung\/\">Technische Unterst\u00fctzung<\/a><\/li>\n<li id=\"menu-item-36335\" class=\"menu-item menu-item-type-post_type menu-item-object-page menu-item-36335\"><a href=\"https:\/\/www.deltakits.net\/de\/ask-an-expert\/\">Fragen Sie den Experten<\/a><\/li>\n<li id=\"menu-item-36336\" class=\"menu-item menu-item-type-custom menu-item-object-custom menu-item-36336\"><a href=\"\/de\/sitemap\/\">Sitemap<\/a><\/li>\n<li id=\"menu-item-36337\" class=\"menu-item menu-item-type-post_type menu-item-object-page menu-item-36337\"><a href=\"https:\/\/www.deltakits.net\/de\/contact-us\/\">Kontakt<\/a><\/li>\n<\/ul><\/div><\/div><\/div><div  class=\"vc_wp_custommenu wpb_content_element\"><div class=\"widget widget_nav_menu\"><h2 class=\"widgettitle\">Shop<\/h2><div class=\"menu-my-shop-container\"><ul id=\"menu-my-shop\" class=\"menu\"><li id=\"menu-item-20592\" class=\"menu-item menu-item-type-post_type menu-item-object-page menu-item-20592\"><a href=\"https:\/\/www.deltakits.net\/my-account\/\">Kundenkonto<\/a><\/li>\n<li id=\"menu-item-20593\" class=\"menu-item menu-item-type-post_type menu-item-object-page menu-item-20593\"><a href=\"https:\/\/www.deltakits.net\/view-cart\/\">Einkaufswagen<\/a><\/li>\n<li id=\"menu-item-20595\" class=\"menu-item menu-item-type-custom menu-item-object-custom menu-item-20595\"><a href=\"\/all-products\/\">All Products<\/a><\/li>\n<\/ul><\/div><\/div><\/div><\/div><\/div><\/div><\/div>\n<\/div>","protected":false},"excerpt":{"rendered":"Main MenuShop Steinschlagreparatur Produkte Scheibenreparatur Set Systemzubeh\u00f6r Harz Alle Produkte Scheinwerfer Restaurierung Komplettsysteme Systemzubeh\u00f6r Alle Produkte Kontakt Top Menu\u00dcber Delta Kits Fragen Sie den Fachmann \u00dcber SieUnternehmer Autoglasreparatur als Nebenerwerb Wiederverk\u00e4ufer \u00dcber Uns\u00dcber Delta Kits International Warum Delta Kits Erfolgsgeschichten HilfeTechnische Unterst\u00fctzung Fragen Sie den Experten Sitemap Kontakt ShopKundenkonto Einkaufswagen All Products","protected":false},"author":1,"featured_media":21525,"parent":0,"menu_order":0,"comment_status":"closed","ping_status":"closed","template":"","meta":{"_acf_changed":false,"footnotes":""},"class_list":["post-36410","page","type-page","status-publish","has-post-thumbnail","hentry"],"acf":[],"yoast_head":"<!-- This site is optimized with the Yoast SEO plugin v27.0 - https:\/\/yoast.com\/product\/yoast-seo-wordpress\/ -->\n<title>Site Map - Delta Kits<\/title>\n<meta name=\"description\" content=\"Can&#039;t find what you&#039;re looking for? Delta Kits site map can help.\" \/>\n<meta name=\"robots\" content=\"index, follow, max-snippet:-1, max-image-preview:large, max-video-preview:-1\" \/>\n<link rel=\"canonical\" href=\"https:\/\/www.deltakits.net\/de\/sitemap\/\" \/>\n<meta property=\"og:locale\" content=\"de_DE\" \/>\n<meta property=\"og:type\" content=\"article\" \/>\n<meta property=\"og:title\" content=\"Site Map - Delta Kits\" \/>\n<meta property=\"og:description\" content=\"Can&#039;t find what you&#039;re looking for? Delta Kits site map can help.\" \/>\n<meta property=\"og:url\" content=\"https:\/\/www.deltakits.net\/de\/sitemap\/\" \/>\n<meta property=\"og:site_name\" content=\"Delta Kits\" \/>\n<meta property=\"og:image\" content=\"https:\/\/www.deltakits.net\/wp-content\/uploads\/dk-placeholder.png\" \/>\n\t<meta property=\"og:image:width\" content=\"440\" \/>\n\t<meta property=\"og:image:height\" content=\"393\" \/>\n\t<meta property=\"og:image:type\" content=\"image\/png\" \/>\n<meta name=\"twitter:card\" content=\"summary_large_image\" \/>\n<meta name=\"twitter:label1\" content=\"Gesch\u00e4tzte Lesezeit\" \/>\n\t<meta name=\"twitter:data1\" content=\"1\u00a0Minute\" \/>\n<script type=\"application\/ld+json\" class=\"yoast-schema-graph\">{\"@context\":\"https:\/\/schema.org\",\"@graph\":[]}<\/script>\n<!-- \/ Yoast SEO plugin. -->","yoast_head_json":{"title":"Site Map - Delta Kits","description":"Can't find what you're looking for? Delta Kits site map can help.","robots":{"index":"index","follow":"follow","max-snippet":"max-snippet:-1","max-image-preview":"max-image-preview:large","max-video-preview":"max-video-preview:-1"},"canonical":"https:\/\/www.deltakits.net\/de\/sitemap\/","og_locale":"de_DE","og_type":"article","og_title":"Site Map - Delta Kits","og_description":"Can't find what you're looking for? Delta Kits site map can help.","og_url":"https:\/\/www.deltakits.net\/de\/sitemap\/","og_site_name":"Delta Kits","og_image":[{"width":440,"height":393,"url":"https:\/\/www.deltakits.net\/wp-content\/uploads\/dk-placeholder.png","type":"image\/png"}],"twitter_card":"summary_large_image","twitter_misc":{"Gesch\u00e4tzte Lesezeit":"1\u00a0Minute"},"schema":{"@context":"https:\/\/schema.org","@graph":[]}},"_links":{"self":[{"href":"https:\/\/www.deltakits.net\/de\/wp-json\/wp\/v2\/pages\/36410","targetHints":{"allow":["GET"]}}],"collection":[{"href":"https:\/\/www.deltakits.net\/de\/wp-json\/wp\/v2\/pages"}],"about":[{"href":"https:\/\/www.deltakits.net\/de\/wp-json\/wp\/v2\/types\/page"}],"author":[{"embeddable":true,"href":"https:\/\/www.deltakits.net\/de\/wp-json\/wp\/v2\/users\/1"}],"replies":[{"embeddable":true,"href":"https:\/\/www.deltakits.net\/de\/wp-json\/wp\/v2\/comments?post=36410"}],"version-history":[{"count":4,"href":"https:\/\/www.deltakits.net\/de\/wp-json\/wp\/v2\/pages\/36410\/revisions"}],"predecessor-version":[{"id":36415,"href":"https:\/\/www.deltakits.net\/de\/wp-json\/wp\/v2\/pages\/36410\/revisions\/36415"}],"wp:featuredmedia":[{"embeddable":true,"href":"https:\/\/www.deltakits.net\/de\/wp-json\/wp\/v2\/media\/21525"}],"wp:attachment":[{"href":"https:\/\/www.deltakits.net\/de\/wp-json\/wp\/v2\/media?parent=36410"}],"curies":[{"name":"wp","href":"https:\/\/api.w.org\/{rel}","templated":true}]}}