{"id":36306,"date":"2021-03-31T02:32:31","date_gmt":"2021-03-31T09:32:31","guid":{"rendered":"https:\/\/www.deltakits.net\/?page_id=36306"},"modified":"2021-04-02T04:33:39","modified_gmt":"2021-04-02T11:33:39","slug":"technische-unterstuetzung","status":"publish","type":"page","link":"https:\/\/www.deltakits.net\/de\/technische-unterstuetzung\/","title":{"rendered":"Technische Unterst\u00fctzung"},"content":{"rendered":"<p>Brauchen Sie einen Rat f\u00fcr eine Reparatur? Haben Sie Fragen zu einem Werkzeug? Ben\u00f6tigen Sie technische Unterst\u00fctzung bei der Reparatur einer Autoscheibe? Wir sind hier, um zu helfen.<\/p>\n<p>Wir bieten unbegrenzten kostenlosen technischen Support. Unser Team von preisgekr\u00f6nten Experten f\u00fcr die Autoglasreparatur hat zusammen fast 75 Jahre Erfahrung als Ausbilder, Techniker und F\u00fchrungskr\u00e4fte in der Branche &#8211; und setzt damit einen neuen Standard f\u00fcr die Autoglasreparatur. Wir sind hier, um Ihre Fragen zu beantworten. In der Europ\u00e4ischen Union? Rufen Sie 49 5354 900 999 0 (deutsch und englisch)an oder schreiben Sie eine E-Mail an h.hermanus@gmx.de (alle EU-Sprachen). Im Vereinigten K\u00f6nigreich? Rufen Sie 01526 398714 an, schreiben Sie eine SMS an 07831 363871 oder senden Sie eine E-Mail an focusmend@aol.com. Wir melden uns sp\u00e4testens innerhalb des n\u00e4chsten Arbeitstages bei Ihnen.<\/p>\n<p>Au\u00dferdem sind wir Teil des weltweit gr\u00f6\u00dften Forums f\u00fcr Autoglas-Reparatur <a title=\"Delta Kits Windshield Repair Forum\" href=\"http:\/\/www.windshield-repair-forum.com\/\">windscreen repair forum<\/a>. (englisch) Beteiligen Sie sich an der Konversation mit Tausenden von anderen Autoglasreparatur- und Scheinwerfer-Restaurations-Technikern weltweit.<\/p>\n","protected":false},"excerpt":{"rendered":"<p>Brauchen Sie einen Rat f\u00fcr eine Reparatur? Haben Sie Fragen zu einem Werkzeug? Ben\u00f6tigen Sie technische Unterst\u00fctzung bei der Reparatur einer Autoscheibe? Wir sind hier, um zu helfen. Wir bieten unbegrenzten kostenlosen technischen Support. Unser Team von preisgekr\u00f6nten Experten f\u00fcr die Autoglasreparatur hat zusammen fast 75 Jahre Erfahrung als Ausbilder, Techniker und F\u00fchrungskr\u00e4fte in der [&hellip;]<\/p>\n","protected":false},"author":4660,"featured_media":21525,"parent":0,"menu_order":0,"comment_status":"closed","ping_status":"closed","template":"","meta":{"_acf_changed":false,"footnotes":""},"class_list":["post-36306","page","type-page","status-publish","has-post-thumbnail","hentry"],"acf":[],"yoast_head":"<!-- This site is optimized with the Yoast SEO plugin v27.0 - https:\/\/yoast.com\/product\/yoast-seo-wordpress\/ -->\n<title>Technische Unterst\u00fctzung - Delta Kits<\/title>\n<meta name=\"robots\" content=\"index, follow, max-snippet:-1, max-image-preview:large, max-video-preview:-1\" \/>\n<link rel=\"canonical\" href=\"https:\/\/www.deltakits.net\/de\/technische-unterstuetzung\/\" \/>\n<meta property=\"og:locale\" content=\"de_DE\" \/>\n<meta property=\"og:type\" content=\"article\" \/>\n<meta property=\"og:title\" content=\"Technische Unterst\u00fctzung - Delta Kits\" \/>\n<meta property=\"og:description\" content=\"Brauchen Sie einen Rat f\u00fcr eine Reparatur? Haben Sie Fragen zu einem Werkzeug? Ben\u00f6tigen Sie technische Unterst\u00fctzung bei der Reparatur einer Autoscheibe? Wir sind hier, um zu helfen. Wir bieten unbegrenzten kostenlosen technischen Support. Unser Team von preisgekr\u00f6nten Experten f\u00fcr die Autoglasreparatur hat zusammen fast 75 Jahre Erfahrung als Ausbilder, Techniker und F\u00fchrungskr\u00e4fte in der [&hellip;]\" \/>\n<meta property=\"og:url\" content=\"https:\/\/www.deltakits.net\/de\/technische-unterstuetzung\/\" \/>\n<meta property=\"og:site_name\" content=\"Delta Kits\" \/>\n<meta property=\"og:image\" content=\"https:\/\/www.deltakits.net\/wp-content\/uploads\/dk-placeholder.png\" \/>\n\t<meta property=\"og:image:width\" content=\"440\" \/>\n\t<meta property=\"og:image:height\" content=\"393\" \/>\n\t<meta property=\"og:image:type\" content=\"image\/png\" \/>\n<meta name=\"twitter:card\" content=\"summary_large_image\" \/>\n<meta name=\"twitter:label1\" content=\"Gesch\u00e4tzte Lesezeit\" \/>\n\t<meta name=\"twitter:data1\" content=\"1\u00a0Minute\" \/>\n<script type=\"application\/ld+json\" class=\"yoast-schema-graph\">{\"@context\":\"https:\/\/schema.org\",\"@graph\":[]}<\/script>\n<!-- \/ Yoast SEO plugin. -->","yoast_head_json":{"title":"Technische Unterst\u00fctzung - Delta Kits","robots":{"index":"index","follow":"follow","max-snippet":"max-snippet:-1","max-image-preview":"max-image-preview:large","max-video-preview":"max-video-preview:-1"},"canonical":"https:\/\/www.deltakits.net\/de\/technische-unterstuetzung\/","og_locale":"de_DE","og_type":"article","og_title":"Technische Unterst\u00fctzung - Delta Kits","og_description":"Brauchen Sie einen Rat f\u00fcr eine Reparatur? Haben Sie Fragen zu einem Werkzeug? Ben\u00f6tigen Sie technische Unterst\u00fctzung bei der Reparatur einer Autoscheibe? Wir sind hier, um zu helfen. Wir bieten unbegrenzten kostenlosen technischen Support. Unser Team von preisgekr\u00f6nten Experten f\u00fcr die Autoglasreparatur hat zusammen fast 75 Jahre Erfahrung als Ausbilder, Techniker und F\u00fchrungskr\u00e4fte in der [&hellip;]","og_url":"https:\/\/www.deltakits.net\/de\/technische-unterstuetzung\/","og_site_name":"Delta Kits","og_image":[{"width":440,"height":393,"url":"https:\/\/www.deltakits.net\/wp-content\/uploads\/dk-placeholder.png","type":"image\/png"}],"twitter_card":"summary_large_image","twitter_misc":{"Gesch\u00e4tzte Lesezeit":"1\u00a0Minute"},"schema":{"@context":"https:\/\/schema.org","@graph":[]}},"_links":{"self":[{"href":"https:\/\/www.deltakits.net\/de\/wp-json\/wp\/v2\/pages\/36306","targetHints":{"allow":["GET"]}}],"collection":[{"href":"https:\/\/www.deltakits.net\/de\/wp-json\/wp\/v2\/pages"}],"about":[{"href":"https:\/\/www.deltakits.net\/de\/wp-json\/wp\/v2\/types\/page"}],"author":[{"embeddable":true,"href":"https:\/\/www.deltakits.net\/de\/wp-json\/wp\/v2\/users\/4660"}],"replies":[{"embeddable":true,"href":"https:\/\/www.deltakits.net\/de\/wp-json\/wp\/v2\/comments?post=36306"}],"version-history":[{"count":1,"href":"https:\/\/www.deltakits.net\/de\/wp-json\/wp\/v2\/pages\/36306\/revisions"}],"predecessor-version":[{"id":36307,"href":"https:\/\/www.deltakits.net\/de\/wp-json\/wp\/v2\/pages\/36306\/revisions\/36307"}],"wp:featuredmedia":[{"embeddable":true,"href":"https:\/\/www.deltakits.net\/de\/wp-json\/wp\/v2\/media\/21525"}],"wp:attachment":[{"href":"https:\/\/www.deltakits.net\/de\/wp-json\/wp\/v2\/media?parent=36306"}],"curies":[{"name":"wp","href":"https:\/\/api.w.org\/{rel}","templated":true}]}}