{"id":36298,"date":"2021-03-30T04:21:16","date_gmt":"2021-03-30T11:21:16","guid":{"rendered":"https:\/\/www.deltakits.net\/?page_id=36298"},"modified":"2021-04-09T06:12:04","modified_gmt":"2021-04-09T13:12:04","slug":"erfolgsgeschichten-von-kunden","status":"publish","type":"page","link":"https:\/\/www.deltakits.net\/de\/erfolgsgeschichten-von-kunden\/","title":{"rendered":"Erfolgsgeschichten von Kunden"},"content":{"rendered":"<div class=\"wpb-content-wrapper\"><div id=\"launchpad_module\" data-vc-full-width=\"true\" data-vc-full-width-init=\"false\" data-vc-parallax=\"1.7\" data-vc-parallax-image=\"https:\/\/www.deltakits.net\/wp-content\/uploads\/customer-service-page-header.jpg\" class=\"vc_row wpb_row vc_row-fluid vc_custom_1560168992291 vc_row-has-fill vc_row-o-content-bottom vc_row-flex vc_general vc_parallax vc_parallax-content-moving azirspares_custom_607052a615f63 vc_custom_1560168992291 vc_custom_1560168992291\"><div class=\"wpb_column vc_column_container vc_col-sm-12\"><div class=\"vc_column-inner\"><div class=\"wpb_wrapper\">            <div class=\"azirspares-popupvideo default centered_popup_video  azirspares_custom_607052a615f65 \">\r\n                <div class=\"popupvideo-inner\">\r\n                                            <div class=\"icon\">\r\n                            <img loading=\"lazy\" decoding=\"async\" width=\"480\" height=\"480\" src=\"data:image\/svg+xml;charset=utf-8,%3Csvg%20xmlns%3D%27http%3A%2F%2Fwww.w3.org%2F2000%2Fsvg%27%20viewBox%3D%270%200%20480%20480%27%2F%3E\" class=\"attachment-full size-full lazy\" alt=\"blank image placeholder\" data-src=\"https:\/\/www.deltakits.net\/wp-content\/uploads\/2019\/04\/transparent-placeholder.png\" data-srcset=\"https:\/\/www.deltakits.net\/wp-content\/uploads\/2019\/04\/transparent-placeholder.png 480w, https:\/\/www.deltakits.net\/wp-content\/uploads\/2019\/04\/transparent-placeholder-350x350.png 350w, https:\/\/www.deltakits.net\/wp-content\/uploads\/2019\/04\/transparent-placeholder-150x150.png 150w, https:\/\/www.deltakits.net\/wp-content\/uploads\/2019\/04\/transparent-placeholder-300x300.png 300w, https:\/\/www.deltakits.net\/wp-content\/uploads\/2019\/04\/transparent-placeholder-100x100.png 100w\" data-sizes=\"(max-width: 480px) 100vw, 480px\" \/>                            <div class=\"product-video-button\">\r\n                                <a target=\"_blank\"\r\n                                   href=\"https:\/\/www.youtube.com\/watch?v=laXpShgRj3k\"><\/a>\r\n                            <\/div>\r\n                        <\/div>\r\n                                        <div class=\"popupvideo-wrap\">\r\n                                                    <h4 class=\"title\">\r\n                                Erfolgsgeschichten von Kunden                            <\/h4>\r\n                                                                            <p class=\"desc\">Mit Delta Kits habe ich vor 20 Jahren angefangen und jetzt m\u00f6chte ich ein ziemlich erfolgreiches Franchise aufbauen. Wir dominieren so ziemlich den Markt in ganz Fairbanks und sind Delta Kits seit damals zu Dank verpflichtet!``<\/p>\r\n                                                                    <\/div>\r\n                <\/div>\r\n            <\/div>\r\n            <\/div><\/div><\/div><\/div><div class=\"vc_row-full-width vc_clearfix\"><\/div><div id=\"test-top50\" data-vc-full-width=\"true\" data-vc-full-width-init=\"false\" class=\"vc_row wpb_row vc_row-fluid top-bottom-50 vc_custom_1613731368455 vc_row-has-fill azirspares_custom_607052a615f66 vc_custom_1613731368455 vc_custom_1613731368455\"><div class=\"wpb_column vc_column_container vc_col-sm-4\"><div class=\"vc_column-inner\"><div class=\"wpb_wrapper\">\n\t<div class=\"wpb_text_column wpb_content_element azirspares_custom_607052a615f67 \" >\n\t\t<div class=\"wpb_wrapper\">\n\t\t\t<p style=\"text-align: center;\"><a href=\"#windshield\">Steinschlagreparatur Berichte<\/a><\/p>\n\n\t\t<\/div>\n\t<\/div>\n<\/div><\/div><\/div><div class=\"wpb_column vc_column_container vc_col-sm-4\"><div class=\"vc_column-inner\"><div class=\"wpb_wrapper\">\n\t<div class=\"wpb_text_column wpb_content_element azirspares_custom_607052a615f68 \" >\n\t\t<div class=\"wpb_wrapper\">\n\t\t\t<p style=\"text-align: center;\"><a href=\"#headlight\">Scheinwerfer Restaurierung Berichte<\/a><\/p>\n\n\t\t<\/div>\n\t<\/div>\n<\/div><\/div><\/div><\/div><div class=\"vc_row-full-width vc_clearfix\"><\/div><div class=\"vc_row wpb_row vc_row-fluid top-bottom-50 azirspares_custom_607052a615f69\"><div class=\"wpb_column vc_column_container vc_col-sm-12\"><div class=\"vc_column-inner\"><div class=\"wpb_wrapper\">\n\t<div class=\"wpb_raw_code wpb_raw_html wpb_content_element azirspares_custom_607052a615f6a \" >\n\t\t<div class=\"wpb_wrapper\">\n\t\t\t<div class=\"t3-sl below-spotlight-3-container\">\n\t<div class=\"container\">\n\t<div class=\"t3-module module \" id=\"Mod597\"><div class=\"module-inner\"><div class=\"module-ct\">\n\n<div class=\"custom\">\n\t&nbsp;<div class=\"story-container\">\n\t<div class=\"image left\"><img decoding=\"async\" src=\"\/images\/testimonials\/john-raney.jpg\" alt=\"\"><\/div>\n\t<div class=\"story right\">\n\t\t<h2 class=\"story-titel\">\u201cDer Erfolg des BMW-Glasreparaturprogramms in den USA ist auf die Ausr\u00fcstung und die Unterst\u00fctzung zur\u00fcckzuf\u00fchren, die Delta Kits uns zur Verf\u00fcgung gestellt hat, und unsere Zentren sind in Qualit\u00e4t und Leistung un\u00fcbertroffen...\u201d<\/h2>\n\t\t<p>BMW verlangt von jedem Unternehmen, mit dem wir zusammenarbeiten, ein hohes Ma\u00df an Kundenservice und Integrit\u00e4t und Delta Kits hat unsere Erwartungen erf\u00fcllt und \u00fcbertroffen. Der Erfolg des BMW-Glasreparaturprogramms in den USA ist auf die Ausr\u00fcstung und den Support zur\u00fcckzuf\u00fchren, die Delta Kits uns zur Verf\u00fcgung gestellt hat, und unsere Zentren sind in Qualit\u00e4t und Leistung un\u00fcbertroffen. Zus\u00e4tzlich hat dieser Erfolg dazu gef\u00fchrt, dass BMW-M\u00e4rkte in Kanada und Europa Delta Kits als Lieferanten f\u00fcr alle Glasreparaturen nutzen.<\/p>\n\t\t<hr>\n\t\t<div class=\"name-company\"><span>John Raney<\/span> <span>Management Teilebeschaffung<\/span> <span>BMW Nordamerika<\/span><img decoding=\"async\" src=\"\/images\/bmw-logo.png\" alt=\"\"><\/div>\n\t<\/div>\n<\/div><\/div>\n<\/div><\/div><\/div>\n\t<\/div>\n<\/div>\n\t\t<\/div>\n\t<\/div>\n<\/div><\/div><\/div><\/div><div id=\"windshield\" class=\"vc_row wpb_row vc_row-fluid top-bottom-50 azirspares_custom_607052a615f6f\"><div class=\"wpb_column vc_column_container vc_col-sm-12\"><div class=\"vc_column-inner\"><div class=\"wpb_wrapper\">\n\t<div class=\"wpb_raw_code wpb_raw_html wpb_content_element azirspares_custom_607052a615f70 \" >\n\t\t<div class=\"wpb_wrapper\">\n\t\t\t<div class=\"t3-sl below-spotlight-5-container\">\n\t<div class=\"container\">\n\t<div class=\"t3-module module \" id=\"Mod601\"><div class=\"module-inner\"><h3 class=\"module-title \"><span>Glasreparatur Erfolgsberichte<\/span><\/h3><div class=\"module-ct\">\n\n<div class=\"story-container\">\n\t<div class=\"image left\"><img decoding=\"async\" src=\"\/wp-content\/uploads\/suzanne_allan.png\" alt=\"\">\n\t\t<div class=\"name-company\"><span>Suzanne Allan<\/span><span>Inhaberin und Glastechnikerin<\/span><span>Allan's Glass Company<\/span><\/div>\n\t<\/div>\n\t<div class=\"story right\">\n\t\t<h2 class=\"story-titel\">\u201cIch arbeite Teilzeit, damit ich zu Hause bleiben und den Zeitplan selbst bestimmen kann.\u201d<\/h2>\n\t\t<p>Meine Zielgruppe sind M\u00fctter, deshalb bin ich in vielen M\u00fcttergruppen auf Facebook. Als Frau, die das macht und ein eigenes Gesch\u00e4ft hat, baue ich Vertrauen auf und es ist mir wichtig, was ich tue. Ich m\u00f6chte sicherstellen, dass ihre Fahrzeuge so sicher wie m\u00f6glich sind.<\/p>\n\t\t<a class=\"testimonial-link\" href=\"https:\/\/youtu.be\/W4PjPbczB8o\" target=\"_blank\"><i class=\"fa fa-volume-up\"><\/i> H\u00f6ren Sie das Interview auf YouTube<\/a>\n\t<\/div>\n<\/div>\n\n<hr>\n\n<div class=\"story-container\">\n\t<div class=\"image left\"><img decoding=\"async\" src=\"\/wp-content\/uploads\/Jorge_Sandoval.png\" alt=\"\">\n\t\t<div class=\"name-company\"><span>Jorge Sandoval<\/span><span>Business Gesch\u00e4ftsinhaber und Techniker<\/span><span>KD Auto Glass<\/span><\/div>\n\t<\/div>\n\t<div class=\"story right\">\n\t\t<h2 class=\"story-titel\">\u201cLassen Sie sich schulen, investieren Sie in gute Werkzeuge, vernetzen Sie sich, und haben Sie Spa\u00df!\u201d<\/h2>\n\t\t<p>Ich habe einen Service, um Leads \u00fcber Google zu gewinnen. In meiner Gegend bin ich der zweite Eintrag bei Google und bleibe auf Facebook vor meinen Kunden.<\/p>\n\t\t<a class=\"testimonial-link\" href=\"https:\/\/youtu.be\/zXRxTiPflwg\" target=\"_blank\"><i class=\"fa fa-volume-up\"><\/i> H\u00f6ren Sie das Interview auf YouTube<\/a>\n\t<\/div>\n<\/div>\n\n<hr>\n\n<div class=\"story-container\">\n\t<div class=\"image left\"><img decoding=\"async\" src=\"\/wp-content\/uploads\/jd.png\" alt=\"\">\n\t\t<div class=\"name-company\"><span>JD<\/span><span>Inhaber und Techniker<\/span><span>911 Autoglas Reparatur & Austausch<\/span><\/div>\n\t<\/div>\n\t<div class=\"story right\">\n\t\t<h2 class=\"story-titel\">\u201cBleiben Sie organisiert. Jede Sekunde, die Sie verschwenden, ist ein Job, den Sie bekommen k\u00f6nnten.\u201d<\/h2>\n\t\t<p>Ich stelle mich typischerweise in Autowaschanlagen auf, da dort ein konstanter Verkehrsfluss herrscht. Die Leute sind bereits dort, um Geld f\u00fcr Dienstleistungen auszugeben, damit ihr Auto besser wird. Die Reparatur von Windschutzscheiben geht einfach mit Autow\u00e4schen einher, es ist bequem und einfach. F\u00fcr einen Kunden ist es ein Kinderspiel, gleichzeitig seine Steinschl\u00e4ge reparieren zu lassen.<\/p>\n\t\t<a class=\"testimonial-link\" href=\"https:\/\/youtu.be\/39fhVqgf_GM\" target=\"_blank\"><i class=\"fa fa-volume-up\"><\/i> H\u00f6ren sie das interview on YouTube<\/a>\n\t<\/div>\n<\/div>\n\n<hr>\n\n\n\n<div class=\"story-container\">\n\t<div class=\"image left\"><img decoding=\"async\" src=\"\/images\/Jae-Kyung-Naver.png\" alt=\"\">\n\t\t<div class=\"name-company\"><span>Jae Kyung-Naver<\/span><\/div>\n\t<\/div>\n\t<div class=\"story right\">\n\t\t<h2 class=\"story-titel\">\u201c...als ich eine Frage zur Bestellung hatte, beantwortete Korey, mein internationaler Vertreter, meine Fragen schnell auf Facebook, schickte mir eine PayPal-Rechnung und erl\u00e4uterte die internationalen Versandbedingungen.\u201d<\/h2>\n\t\t<p>Ich komme aus Korea, daher bin ich immer skeptisch, wenn es um internationale Bestellungen geht, aber die Website von Delta Kits war benutzerfreundlich, und als ich eine Frage zur Bestellung hatte, hat Korey, mein internationaler Vertreter, meine Fragen schnell auf Facebook beantwortet, mir eine PayPal-Rechnung geschickt und die internationalen Versandrichtlinien ausf\u00fchrlich erl\u00e4utert.<\/p>\n\t<\/div>\n<\/div>\n\n<hr>\n\n<div class=\"story-container\">\n\t<div class=\"image right\"><img decoding=\"async\" src=\"\/images\/Auto-Glass-Express.png\" alt=\"\">\n\t\t<div class=\"name-company\"><span>Auto Glass Express<\/span><\/div>\n\t<\/div>\n\t<div class=\"story left\">\n\t\t<h2 class=\"story-titel\">\u201c...Delta Kits hat uns geholfen, von einem lokalen Unternehmen zu einem nationalen Vorzeigebetrieb in der Autoglasindustrie zu werden.\u201d<\/h2>\n\t\t<p>Wir sind sehr zufrieden und gl\u00fccklich, Delta Kits gefunden zu haben und sie als unseren Lieferanten f\u00fcr die <a href=\"https:\/\/www.deltakits.net\/de\/shop\/steinschlagreparatur-produkte\/kits-komplettsysteme-de\/\">Steinschlagreparatur<\/a> zu haben. W\u00e4hrend unserer Beziehung half Korey, ein gutes Verst\u00e4ndnis f\u00fcr unsere eigene Vision und unseren Prozess zu entwickeln. Danach gab er uns die notwendigen Werkzeuge, um unseren Betrieb erfolgreich zu erg\u00e4nzen. Delta Kits hat uns geholfen, von einem lokalen Unternehmen zu einem nationalen Vorzeigebetrieb in der Autoglasindustrie zu werden.<\/p>\n\t<\/div>\n<\/div>\n\n<hr>\n<div class=\"story-container\">\n\t<div class=\"image left\"><img decoding=\"async\" src=\"\/images\/Rock-Chicks--Crystal-Damon.png\" alt=\"\">\n\t\t<div class=\"name-company\"><span>Rock Chicks<\/span><span>Crystal Damon<\/span><\/div>\n\t<\/div>\n\t<div class=\"story right\">\n\t\t<h2 class=\"story-titel\">\u201cIch arbeite t\u00e4glich mit verschiedenen Zulieferern in der Autoglasbranche zusammen und es ist kein Vergleich in Bezug auf den hier gebotenen Service.\u201d<\/h2>\n\t\t<p>Ich arbeite t\u00e4glich mit verschiedenen Zulieferern in der Autoglasbranche zusammen und es ist kein Vergleich in Bezug auf den hier gebotenen Service. Korey Gobin ist jetzt seit 9 Jahren mein Vertreter und er ist immer da, um Unterst\u00fctzung zu geben, Bestellungen entgegenzunehmen und eine Stimme der Vernunft zu sein. Im Laufe der Jahre haben mir mehrere Hersteller kostenlose Produkte zur Verf\u00fcgung gestellt und bessere Preise als Delta Kits angeboten, aber ich habe mich aufgrund meiner Verbindung zu Korey entschieden, bei Delta Kits zu bleiben.<\/p>\n\t<\/div>\n<\/div>\n<hr>\n<div class=\"story-container\">\n\t<div class=\"image right\"><img decoding=\"async\" src=\"\/images\/Roberts-Windshield-Repair.png\" alt=\"\">\n\t\t<div class=\"name-company\"><span>Ajay Butler (Albert Butler Jr.)<\/span><span>Roberts Windshield Repair<\/span><\/div>\n\t<\/div>\n\t<div class=\"story left\">\n\t\t<h2 class=\"story-titel\">\u201cDie Bestellung von Windschutzscheiben-Reparaturmaterial \u00fcber Korey & Delta Kits ist super einfach!...\u201d<\/h2>\n\t\t<p>Die Bestellung von Windschutzscheiben-Reparaturmaterial \u00fcber Korey & Delta Kits ist super einfach! Sie k\u00f6nnen anrufen, simsen oder mailen und er antwortet 24\/7. Ich habe eine Menge Produkte ausprobiert, aber ich bleibe bei Delta Kits, weil mein engagierter Vertreter mich sch\u00e4tzt und mich behandelt, als ob ich sein einziger Kunde w\u00e4re.<\/p>\n\t<\/div>\n<\/div>\n<hr>\n<div class=\"story-container\">\n\t<div class=\"image left\"><img decoding=\"async\" src=\"\/images\/ATX-Imperial-Auto-Glass.png\" alt=\"\">\n\t\t<div class=\"name-company\"><span>Anthony Chavira<\/span><span>ATX Imperial Auto Glass<\/span><\/div>\n\t<\/div>\n\t<div class=\"story right\">\n\t\t<h2 class=\"story-titel\">\u201cIch arbeite mit mehr als 10 Anbietern in der Autoglasbranche zusammen und w\u00fcrde Delta Kits aufgrund des Rund-um-die-Uhr-Services, den ich erhalte, zu meinen Top 3 z\u00e4hlen...\u201d<\/h2>\n\t\t<p>Das Beste an der Zusammenarbeit mit Delta Kits ist, dass ich meine Bestellungen per SMS an Korey schicken kann. Ich arbeite mit \u00fcber 10 Anbietern in der Autoglasbranche zusammen und w\u00fcrde Delta Kits wegen des Rund-um-die-Uhr-Service, den ich erhalte, zu meinen Top 3 z\u00e4hlen. Ihre Preisgestaltung k\u00f6nnte wettbewerbsf\u00e4higer sein als die Ihrer Konkurrenten und Ihre Versandtarife k\u00f6nnten billiger sein<\/p>\n\t<\/div>\n<\/div>\n<hr>\n<div class=\"story-container\">\n\t<div class=\"image right\"><img decoding=\"async\" src=\"\/images\/dk-logo-round.png\" alt=\"\">\n\t\t<div class=\"name-company\"><span>Kenny Crane<\/span><\/div>\n\t<\/div>\n\t<div class=\"story left\">\n\t\t<h2 class=\"story-titel\">\u201cIn das Windschutzscheibengesch\u00e4ft einzusteigen und Delta zu nutzen, war der beste gesch\u00e4ftliche Schritt, den ich je gemacht habe...\u201d<\/h2>\n\t\t<p>In das Autoscheibengesch\u00e4ft einzusteigen und Delta zu nutzen, war der beste gesch\u00e4ftliche Schritt, den ich je gemacht habe. Ich werde nicht reich, aber es hat mich und meine Familie seit etwa 9 Jahren gut versorgt. Vor 5 Jahren, im Mai dieses Jahres, habe ich ein Gesch\u00e4ft er\u00f6ffnet (\u00fcbrigens mit Heizung und Klimaanlage) und f\u00fchre Reparaturen und Installationen durch. Ich sch\u00e4tze das Forum sehr und versuche, es jeden Werktag anzuschauen, um zu sehen, ob es irgendeine M\u00f6glichkeit gibt, einen Beitrag zu leisten.<\/p>\n\t<\/div>\n<\/div>\n<hr>\n<div class=\"story-container\">\n\t<div class=\"image left\"><img decoding=\"async\" src=\"\/images\/dk-logo-round.png\" alt=\"\">\n\t\t<div class=\"name-company\"><span>Kenny Columbus<\/span> <span>Purchasing Manager<\/span> <span>Wurth USA<\/span><\/div>\n\t<\/div>\n\t<div class=\"story right\">\n\t\t<h2 class=\"story-titel\">\u201cZu wissen, dass ich mit Fragen zu Ihnen kommen kann und eine sehr schnelle Antwort erhalte, spart mir Zeit...\u201d<\/h2>\n\t\t<p>Die Flexibilit\u00e4t von Delta Kits, die schnelle Antwort per Telefon oder E-Mail, die F\u00e4higkeit, Produkte zu \u00fcberarbeiten, und die sehr gute Probleml\u00f6sung in kurzer Zeit erleichtern mir die Arbeit als Einkaufsleiter sehr. Zu wissen, dass ich mit Fragen zu Ihnen kommen kann und eine sehr schnelle Antwort erhalte, spart mir Zeit und bringt diese Fragen, die mir gestellt werden, zur\u00fcck zu meinen Kunden und Teammitgliedern.<\/p>\n\t<\/div>\n<\/div>\n<hr>\n<div class=\"story-container\">\n\t<div class=\"image right\"><img decoding=\"async\" src=\"\/images\/dk-logo-round.png\" alt=\"\">\n\t\t<div class=\"name-company\"><span>Andrew Raclin<\/span><\/div>\n\t<\/div>\n\t<div class=\"story left\">\n\t\t<h2 class=\"story-titel\">\u201c...Ich kann Delta Kits nicht genug daf\u00fcr danken, dass sie mir geholfen haben, eine Karriere in der Glasreparatur-Branche zu machen.\u201d<\/h2>\n\t\t<p>Vor Jahren fand ich heraus, dass Delta Kits einen Vertreter in S\u00fcdkalifornien hatte. Also meldete ich mich und sprach mit Korey \u00fcber meine Vision, und einen Tag sp\u00e4ter hatte ich eine praktische Schulung und eine professionelle Ausr\u00fcstung f\u00fcr die Reparatur von Windschutzscheiben. Nachdem ich mich mit der Reparatur von Windschutzscheiben vertraut gemacht hatte, half er mir, einen Standort in einer \u00f6rtlichen Autowaschanlage zu finden. Ich kann Delta Kits nicht genug daf\u00fcr danken, dass sie mir geholfen haben, eine Karriere in der Glasreparatur-Branche zu machen.<\/p>\n\t<\/div>\n<\/div><\/div>\n\t\t<\/div>\n\t<\/div>\n<\/div><\/div><\/div><\/div><div class=\"vc_row wpb_row vc_row-fluid red-button-banner vc_custom_1559222880911 vc_row-has-fill azirspares_custom_607052a615f72 vc_custom_1559222880911 vc_custom_1559222880911\"><div class=\"wpb_column vc_column_container vc_col-sm-12\"><div class=\"vc_column-inner\"><div class=\"wpb_wrapper\">\n\t<div class=\"wpb_text_column wpb_content_element azirspares_custom_607052a615f74 \" >\n\t\t<div class=\"wpb_wrapper\">\n\t\t\t<h2 style=\"text-align: center;\">Haben Sie auch eine interessante Geschichte?<\/h2>\n<p style=\"text-align: center;\"><a href=\"\/contact us\">Schreiben Sie uns<\/a><\/p>\n\n\t\t<\/div>\n\t<\/div>\n<\/div><\/div><\/div><\/div><div id=\"headlight\" class=\"vc_row wpb_row vc_row-fluid top-bottom-50 azirspares_custom_607052a615f75\"><div class=\"wpb_column vc_column_container vc_col-sm-12\"><div class=\"vc_column-inner\"><div class=\"wpb_wrapper\">\n\t<div class=\"wpb_raw_code wpb_raw_html wpb_content_element azirspares_custom_607052a615f76 \" >\n\t\t<div class=\"wpb_wrapper\">\n\t\t\t<div class=\"custom-wrapper-1\">\n\t\t<div class=\"container t3-sl t3-sl-1\">\n\t\t\t\t<!-- SPOTLIGHT -->\n\t<div class=\"t3-spotlight t3-spotlight-6  row\">\n\t\t\t\t\t<div class=\" col-lg-12 col-md-12 col-sm-12 col-xs-12\">\n\t\t\t\t\t\t\t\t<div class=\"t3-module module \" id=\"Mod605\"><div class=\"module-inner\"><h3 class=\"module-title \"><span>Scheinwerfer Restaurierung Berichte<\/span><\/h3><div class=\"module-ct\">\n\n<div class=\"custom\">\n\t&nbsp;<div class=\"story-container\">\n\t<div class=\"image left\"><img decoding=\"async\" src=\"\/images\/dk-logo-round.png\" alt=\"\">\n\t\t<div class=\"name-company\"><span>Frik<\/span><span>Keine bessere Scheinwerfer-Restaurierung<\/span><\/div>\n\t<\/div>\n\t<div class=\"story right\">\n\t\t<h2 class=\"story-titel\">\u201c...Ich habe mein Gesch\u00e4ft vergr\u00f6\u00dfert und es ist mir immer eine Freude, anderen zu helfen, Geld zu sparen und ihre Sichtbarkeit beim Fahren zu erh\u00f6hen.\u201d<\/h2>\n\t\t<p>Vor Jahren fand ich heraus, dass Delta Kits einen Vertreter in S\u00fcdkalifornien hatte. Also meldete ich mich und sprach mit Korey \u00fcber meine Vision, und einen Tag sp\u00e4ter hatte ich eine praktische Schulung und eine professionelle Ausr\u00fcstung f\u00fcr die Reparatur von Windschutzscheiben. Er schickte mir ein Muster des <a href=\"https:\/\/www.deltakits.net\/de\/shop\/scheinwerfer-restaurierung\/arbeitsmaterial\/scheinwerfer-chemikalien\/\">Infinity 4.1<\/a> und erkl\u00e4rte mir, wie ich den Service anbieten und die Ger\u00e4te an andere Techniker in S\u00fcdafrika weiterverkaufen sollte. Seitdem ist mein Gesch\u00e4ft gewachsen, und es ist mir immer eine Freude, anderen zu helfen, Geld zu sparen und ihre Verkehrssicherheit zu verbessern.<\/p>\n\t<\/div>\n<\/div>\n<hr>\n<div class=\"story-container\">\n\t<div class=\"image img-mobile right\"><img decoding=\"async\" src=\"\/images\/dk-logo-round.png\" alt=\"\">\n\t\t<div class=\"name-company\"><span>Mike Stream<\/span><span>Streamline Auto Detailing<\/span><\/div>\n\t<\/div>\n\t<div class=\"story left\">\n\t\t<h2 class=\"story-titel\">\u201cNach meinem ersten Scheinwerfersatz mit dem Delta-Kits-System war nicht nur ich, sondern auch der Kunde begeistert, wie gut die Scheinwerfer geworden sind...\u201d<\/h2>\n\t\t<p>Nach meinem ersten Satz Scheinwerfer mit dem Delta-Kits-System war nicht nur ich begeistert, wie die Scheinwerfer ausfielen, sondern auch der Kunde. Sie lie\u00dfen mich alle vier ihrer Fahrzeuge machen und empfahlen mich an viele ihrer Freunde weiter. Ich besitze Streamline Auto Detailing, und mit Hilfe dieser beiden Dienstleistungen, die zu meiner Paketliste hinzugef\u00fcgt wurden, werde ich weiterhin die gr\u00f6\u00dfte Autodetailing-Firma innerhalb der beiden Bezirke sein. Ich habe Ihre Hilfe sehr zu sch\u00e4tzen gewusst und werde das Delta-Kit-Produkt weiterhin vertreiben.<\/p>\n\t<\/div>\n\t<div class=\"image img-desktop right\"><img decoding=\"async\" src=\"\/images\/dk-logo-round.png\" alt=\"\">\n\t\t<div class=\"name-company\"><span>Mike Stream<\/span><span>Streamline Auto Detailing<\/span><\/div>\n\t<\/div>\n<\/div><\/div>\n<\/div><\/div><\/div>\n\t\t\t\t\t\t\t<\/div>\n\t\t\t<\/div>\n<!-- SPOTLIGHT -->\t\t<\/div>\n\t<\/div>\n\t\t<\/div>\n\t<\/div>\n<\/div><\/div><\/div><\/div><div class=\"vc_row wpb_row vc_row-fluid red-button-banner vc_custom_1559222880911 vc_row-has-fill azirspares_custom_607052a615f77 vc_custom_1559222880911 vc_custom_1559222880911\"><div class=\"wpb_column vc_column_container vc_col-sm-12\"><div class=\"vc_column-inner\"><div class=\"wpb_wrapper\">\n\t<div class=\"wpb_text_column wpb_content_element azirspares_custom_607052a615f78 \" >\n\t\t<div class=\"wpb_wrapper\">\n\t\t\t<h2 style=\"text-align: center;\">Erhalten Sie eine Expertenauskunft auf Ihre Frage!<\/h2>\n<p style=\"text-align: center;\"><a href=\"\/contact-us\">Kontakt<\/a><\/p>\n\n\t\t<\/div>\n\t<\/div>\n<\/div><\/div><\/div><\/div>\n<\/div>","protected":false},"excerpt":{"rendered":"Erfolgsgeschichten von Kunden Mit Delta Kits habe ich vor 20 Jahren angefangen und jetzt m\u00f6chte ich ein ziemlich erfolgreiches Franchise aufbauen. Wir dominieren so ziemlich den Markt in ganz Fairbanks und sind Delta Kits seit damals zu Dank verpflichtet!`` Steinschlagreparatur Berichte Scheinwerfer Restaurierung Berichte &nbsp; \u201cDer Erfolg des BMW-Glasreparaturprogramms in den USA ist auf die [...]","protected":false},"author":4660,"featured_media":31536,"parent":0,"menu_order":0,"comment_status":"closed","ping_status":"closed","template":"templates\/fullwidth.php","meta":{"_acf_changed":false,"footnotes":""},"class_list":["post-36298","page","type-page","status-publish","has-post-thumbnail","hentry"],"acf":[],"yoast_head":"<!-- This site is optimized with the Yoast SEO plugin v27.0 - https:\/\/yoast.com\/product\/yoast-seo-wordpress\/ -->\n<title>Erfolgsgeschichten von Kunden - Delta Kits<\/title>\n<meta name=\"robots\" content=\"index, follow, max-snippet:-1, max-image-preview:large, max-video-preview:-1\" \/>\n<link rel=\"canonical\" href=\"https:\/\/www.deltakits.net\/de\/erfolgsgeschichten-von-kunden\/\" \/>\n<meta property=\"og:locale\" content=\"de_DE\" \/>\n<meta property=\"og:type\" content=\"article\" \/>\n<meta property=\"og:title\" content=\"Erfolgsgeschichten von Kunden - Delta Kits\" \/>\n<meta property=\"og:url\" content=\"https:\/\/www.deltakits.net\/de\/erfolgsgeschichten-von-kunden\/\" \/>\n<meta property=\"og:site_name\" content=\"Delta Kits\" \/>\n<meta property=\"og:image\" content=\"https:\/\/www.deltakits.net\/wp-content\/uploads\/customer-service-page-header.jpg\" \/>\n\t<meta property=\"og:image:width\" content=\"1548\" \/>\n\t<meta property=\"og:image:height\" content=\"584\" \/>\n\t<meta property=\"og:image:type\" content=\"image\/jpeg\" \/>\n<meta name=\"twitter:card\" content=\"summary_large_image\" \/>\n<meta name=\"twitter:label1\" content=\"Gesch\u00e4tzte Lesezeit\" \/>\n\t<meta name=\"twitter:data1\" content=\"2\u00a0Minuten\" \/>\n<script type=\"application\/ld+json\" class=\"yoast-schema-graph\">{\"@context\":\"https:\/\/schema.org\",\"@graph\":[]}<\/script>\n<!-- \/ Yoast SEO plugin. -->","yoast_head_json":{"title":"Erfolgsgeschichten von Kunden - Delta Kits","robots":{"index":"index","follow":"follow","max-snippet":"max-snippet:-1","max-image-preview":"max-image-preview:large","max-video-preview":"max-video-preview:-1"},"canonical":"https:\/\/www.deltakits.net\/de\/erfolgsgeschichten-von-kunden\/","og_locale":"de_DE","og_type":"article","og_title":"Erfolgsgeschichten von Kunden - Delta Kits","og_url":"https:\/\/www.deltakits.net\/de\/erfolgsgeschichten-von-kunden\/","og_site_name":"Delta Kits","og_image":[{"width":1548,"height":584,"url":"https:\/\/www.deltakits.net\/wp-content\/uploads\/customer-service-page-header.jpg","type":"image\/jpeg"}],"twitter_card":"summary_large_image","twitter_misc":{"Gesch\u00e4tzte Lesezeit":"2\u00a0Minuten"},"schema":{"@context":"https:\/\/schema.org","@graph":[]}},"_links":{"self":[{"href":"https:\/\/www.deltakits.net\/de\/wp-json\/wp\/v2\/pages\/36298","targetHints":{"allow":["GET"]}}],"collection":[{"href":"https:\/\/www.deltakits.net\/de\/wp-json\/wp\/v2\/pages"}],"about":[{"href":"https:\/\/www.deltakits.net\/de\/wp-json\/wp\/v2\/types\/page"}],"author":[{"embeddable":true,"href":"https:\/\/www.deltakits.net\/de\/wp-json\/wp\/v2\/users\/4660"}],"replies":[{"embeddable":true,"href":"https:\/\/www.deltakits.net\/de\/wp-json\/wp\/v2\/comments?post=36298"}],"version-history":[{"count":6,"href":"https:\/\/www.deltakits.net\/de\/wp-json\/wp\/v2\/pages\/36298\/revisions"}],"predecessor-version":[{"id":36487,"href":"https:\/\/www.deltakits.net\/de\/wp-json\/wp\/v2\/pages\/36298\/revisions\/36487"}],"wp:featuredmedia":[{"embeddable":true,"href":"https:\/\/www.deltakits.net\/de\/wp-json\/wp\/v2\/media\/31536"}],"wp:attachment":[{"href":"https:\/\/www.deltakits.net\/de\/wp-json\/wp\/v2\/media?parent=36298"}],"curies":[{"name":"wp","href":"https:\/\/api.w.org\/{rel}","templated":true}]}}