{"id":36291,"date":"2021-03-30T02:52:54","date_gmt":"2021-03-30T09:52:54","guid":{"rendered":"https:\/\/www.deltakits.net\/?page_id=36291"},"modified":"2021-03-31T05:15:11","modified_gmt":"2021-03-31T12:15:11","slug":"uber-delta-kits","status":"publish","type":"page","link":"https:\/\/www.deltakits.net\/de\/uber-delta-kits\/","title":{"rendered":"\u00dcber Delta Kits"},"content":{"rendered":"<div class=\"wpb-content-wrapper\"><div class=\"vc_row wpb_row vc_row-fluid\"><div class=\"wpb_column vc_column_container vc_col-sm-9 azirspares_custom_606467d160a67\"><div class=\"vc_column-inner\"><div class=\"wpb_wrapper\">\n\t<div class=\"wpb_text_column wpb_content_element vc_custom_1617097928287 benefits-listing azirspares_custom_606467d160a69 vc_custom_1617097928287 vc_custom_1617097928287 \" >\n\t\t<div class=\"wpb_wrapper\">\n\t\t\t<p>Delta Kits, seit 1984 in Familienbesitz und betrieben, ist spezialisiert auf hochwertige Produkte f\u00fcr die Reparatur von Windschutzscheiben und Scheinwerfern zu erschwinglichen Preisen. Unsere branchenf\u00fchrenden Werkzeuge, Harze und Ger\u00e4te werden von professionellen Windschutzscheibenreparatur- und Scheinwerferrestaurationstechnikern weltweit bevorzugt und sind f\u00fcr ihre Qualit\u00e4t, Haltbarkeit und Benutzerfreundlichkeit hoch angesehen.<\/p>\n<p>Wir sind stolz darauf, allen Kunden von Delta Kits einen hervorragenden Kundenservice zu bieten. Unser freundliches und sachkundiges Personal bietet schnelle und genaue Antworten auf alle Ihre Fragen zur Windschutzscheibenreparatur und Scheinwerferrestaurierung. Wir sind sehr stolz darauf, jeden Kunden mit Respekt zu behandeln und tun alles, um uns Ihr Gesch\u00e4ft zu &#8222;verdienen&#8220;.<\/p>\n<p>Ganz gleich, ob Sie Ihr bestehendes Gesch\u00e4ft um die Reparatur von Windschutzscheiben und Scheinwerfern erweitern oder ein neues Unternehmen gr\u00fcnden m\u00f6chten, Delta Kits hat die Produkte, das Training, den Service und die Unterst\u00fctzung, um Ihr Gesch\u00e4ft zu einem Erfolg zu machen!<\/p>\n\n\t\t<\/div>\n\t<\/div>\n\n\t<div class=\"wpb_text_column wpb_content_element vc_custom_1617192892233 azirspares_custom_606467d160a6a vc_custom_1617192892233 vc_custom_1617192892233 \" >\n\t\t<div class=\"wpb_wrapper\">\n\t\t\t<table style=\"background-color: white; height: 180px;\" width=\"807\">\n<tbody>\n<tr>\n<td style=\"text-align: center;\" colspan=\"2\">\n<h2><strong>Wir sind f\u00fcr Sie da<\/strong><\/h2>\n<p><strong>Montag bis Freitag<\/strong><br \/>\n8:00\u00a0 &#8211; 17:00<\/td>\n<\/tr>\n<\/tbody>\n<\/table>\n\n\t\t<\/div>\n\t<\/div>\n\n\t<div class=\"wpb_video_widget wpb_content_element vc_clearfix vc_video-aspect-ratio-169 vc_video-el-width-80 vc_video-align-center azirspares_custom_606467d160a6b \" >\n\t\t<div class=\"wpb_wrapper\">\n\t\t\t\n\t\t\t<div class=\"wpb_video_wrapper\"><iframe loading=\"lazy\" title=\"Delta Kits Professional Windshield Repair &amp; Headlight Restoration Equipment\" width=\"500\" height=\"281\" src=\"https:\/\/www.youtube.com\/embed\/VwyeIRvcgYc?feature=oembed\" frameborder=\"0\" allow=\"accelerometer; autoplay; clipboard-write; encrypted-media; gyroscope; picture-in-picture; web-share\" allowfullscreen><\/iframe><\/div>\n\t\t<\/div>\n\t<\/div>\n<\/div><\/div><\/div><div class=\"wpb_column vc_column_container vc_col-sm-3 azirspares_custom_606467d160a6c\"><div class=\"vc_column-inner\"><div class=\"wpb_wrapper\"><div  class=\"wpb_widgetised_column wpb_content_element azirspares_custom_606467d160a6d \">\n\t\t<div class=\"wpb_wrapper\">\n\t\t\t\n\t\t\t<div class = \"about_you_widget\"><h3>\u00dcber uns<\/h3><div class=\"menu-ueber-uns-container\"><ul id=\"menu-ueber-uns\" class=\"menu\"><li id=\"menu-item-36329\" class=\"menu-item menu-item-type-post_type menu-item-object-page menu-item-36329\"><a href=\"https:\/\/www.deltakits.net\/de\/uber-delta-kits\/\">\u00dcber Delta Kits International<\/a><\/li>\n<li id=\"menu-item-36332\" class=\"menu-item menu-item-type-post_type menu-item-object-page menu-item-36332\"><a href=\"https:\/\/www.deltakits.net\/de\/warum-delta-kits\/\">Warum Delta Kits<\/a><\/li>\n<li id=\"menu-item-36333\" class=\"menu-item menu-item-type-post_type menu-item-object-page menu-item-36333\"><a href=\"https:\/\/www.deltakits.net\/de\/erfolgsgeschichten-von-kunden\/\">Erfolgsgeschichten<\/a><\/li>\n<\/ul><\/div><\/div>\n\t\t<\/div>\n\t<\/div>\n<\/div><\/div><\/div><\/div>\n<\/div>","protected":false},"excerpt":{"rendered":"Delta Kits, seit 1984 in Familienbesitz und betrieben, ist spezialisiert auf hochwertige Produkte f\u00fcr die Reparatur von Windschutzscheiben und Scheinwerfern zu erschwinglichen Preisen. Unsere branchenf\u00fchrenden Werkzeuge, Harze und Ger\u00e4te werden von professionellen Windschutzscheibenreparatur- und Scheinwerferrestaurationstechnikern weltweit bevorzugt und sind f\u00fcr ihre Qualit\u00e4t, Haltbarkeit und Benutzerfreundlichkeit hoch angesehen. Wir sind stolz darauf, allen Kunden von Delta [...]","protected":false},"author":1510,"featured_media":21525,"parent":0,"menu_order":0,"comment_status":"closed","ping_status":"closed","template":"","meta":{"_acf_changed":false,"footnotes":""},"class_list":["post-36291","page","type-page","status-publish","has-post-thumbnail","hentry"],"acf":[],"yoast_head":"<!-- This site is optimized with the Yoast SEO plugin v27.0 - https:\/\/yoast.com\/product\/yoast-seo-wordpress\/ -->\n<title>\u00dcber Delta Kits - Delta Kits<\/title>\n<meta name=\"robots\" content=\"index, follow, max-snippet:-1, max-image-preview:large, max-video-preview:-1\" \/>\n<link rel=\"canonical\" href=\"https:\/\/www.deltakits.net\/de\/uber-delta-kits\/\" \/>\n<meta property=\"og:locale\" content=\"de_DE\" \/>\n<meta property=\"og:type\" content=\"article\" \/>\n<meta property=\"og:title\" content=\"\u00dcber Delta Kits - Delta Kits\" \/>\n<meta property=\"og:url\" content=\"https:\/\/www.deltakits.net\/de\/uber-delta-kits\/\" \/>\n<meta property=\"og:site_name\" content=\"Delta Kits\" \/>\n<meta property=\"og:image\" content=\"https:\/\/www.deltakits.net\/wp-content\/uploads\/dk-placeholder.png\" \/>\n\t<meta property=\"og:image:width\" content=\"440\" \/>\n\t<meta property=\"og:image:height\" content=\"393\" \/>\n\t<meta property=\"og:image:type\" content=\"image\/png\" \/>\n<meta name=\"twitter:card\" content=\"summary_large_image\" \/>\n<meta name=\"twitter:label1\" content=\"Gesch\u00e4tzte Lesezeit\" \/>\n\t<meta name=\"twitter:data1\" content=\"1\u00a0Minute\" \/>\n<script type=\"application\/ld+json\" class=\"yoast-schema-graph\">{\"@context\":\"https:\/\/schema.org\",\"@graph\":[]}<\/script>\n<!-- \/ Yoast SEO plugin. -->","yoast_head_json":{"title":"\u00dcber Delta Kits - Delta Kits","robots":{"index":"index","follow":"follow","max-snippet":"max-snippet:-1","max-image-preview":"max-image-preview:large","max-video-preview":"max-video-preview:-1"},"canonical":"https:\/\/www.deltakits.net\/de\/uber-delta-kits\/","og_locale":"de_DE","og_type":"article","og_title":"\u00dcber Delta Kits - Delta Kits","og_url":"https:\/\/www.deltakits.net\/de\/uber-delta-kits\/","og_site_name":"Delta Kits","og_image":[{"width":440,"height":393,"url":"https:\/\/www.deltakits.net\/wp-content\/uploads\/dk-placeholder.png","type":"image\/png"}],"twitter_card":"summary_large_image","twitter_misc":{"Gesch\u00e4tzte Lesezeit":"1\u00a0Minute"},"schema":{"@context":"https:\/\/schema.org","@graph":[]}},"_links":{"self":[{"href":"https:\/\/www.deltakits.net\/de\/wp-json\/wp\/v2\/pages\/36291","targetHints":{"allow":["GET"]}}],"collection":[{"href":"https:\/\/www.deltakits.net\/de\/wp-json\/wp\/v2\/pages"}],"about":[{"href":"https:\/\/www.deltakits.net\/de\/wp-json\/wp\/v2\/types\/page"}],"author":[{"embeddable":true,"href":"https:\/\/www.deltakits.net\/de\/wp-json\/wp\/v2\/users\/1510"}],"replies":[{"embeddable":true,"href":"https:\/\/www.deltakits.net\/de\/wp-json\/wp\/v2\/comments?post=36291"}],"version-history":[{"count":5,"href":"https:\/\/www.deltakits.net\/de\/wp-json\/wp\/v2\/pages\/36291\/revisions"}],"predecessor-version":[{"id":36320,"href":"https:\/\/www.deltakits.net\/de\/wp-json\/wp\/v2\/pages\/36291\/revisions\/36320"}],"wp:featuredmedia":[{"embeddable":true,"href":"https:\/\/www.deltakits.net\/de\/wp-json\/wp\/v2\/media\/21525"}],"wp:attachment":[{"href":"https:\/\/www.deltakits.net\/de\/wp-json\/wp\/v2\/media?parent=36291"}],"curies":[{"name":"wp","href":"https:\/\/api.w.org\/{rel}","templated":true}]}}