{"id":36249,"date":"2019-04-16T15:35:59","date_gmt":"2019-04-16T15:35:59","guid":{"rendered":"https:\/\/www.deltakits.net\/resellers\/"},"modified":"2021-04-02T04:09:52","modified_gmt":"2021-04-02T11:09:52","slug":"resellers","status":"publish","type":"page","link":"https:\/\/www.deltakits.net\/de\/resellers\/","title":{"rendered":"Wiederverk\u00e4ufer"},"content":{"rendered":"<div class=\"wpb-content-wrapper\"><div class=\"vc_row wpb_row vc_row-fluid\"><div class=\"wpb_column vc_column_container vc_col-sm-9 azirspares_custom_6066fb81b7afc\"><div class=\"vc_column-inner\"><div class=\"wpb_wrapper\">\n\t<div class=\"wpb_text_column wpb_content_element benefits-listing azirspares_custom_6066fb81b7aff \" >\n\t\t<div class=\"wpb_wrapper\">\n\t\t\t<p><strong>Der Branchenf\u00fchrer<\/strong><\/p>\n<p>Delta Kits Autoglasreparatur- und Scheinwerfer-Restaurierungssysteme werden weltweit vertrieben und sind derzeit in \u00fcber 75 L\u00e4ndern im Einsatz. Seit mehr als 30 Jahren als Familienunternehmen gef\u00fchrt, sind wir stolz auf unseren herausragenden Kundenservice und unser Engagement bei der Herstellung von innovativen Werkzeugen f\u00fcr die Autoglasreparatur und Scheinwerferrestaurierung, Steinschlagreparaturharzen, Polituren und Hilfsmitteln. Als Wiederverk\u00e4ufer von Delta Kits erhalten Sie ein branchenf\u00fchrendes Produkt, Marketingunterst\u00fctzung und anpassbare Systeme, um die Bed\u00fcrfnisse Ihrer Kunden zu erf\u00fcllen.<\/p>\n<h3>Qualit\u00e4t, der Sie vertrauen k\u00f6nnen<\/h3>\n<p>Der Wiedererkennungswert eines Markennamens ist in jeder Branche extrem wichtig, und Delta Kits ist der am meisten respektierte Name in der Windschutzscheibenreparatur- und Scheinwerfer-Restaurierungsbranche. Ihre Kunden wissen bereits, dass die Produkte von Delta Kits in h\u00f6chstm\u00f6glicher Qualit\u00e4t hergestellt werden, und Sie k\u00f6nnen mit Zuversicht verkaufen, da Sie wissen, dass wir jedes von uns angebotene Produkt mit einer beispiellosen 30-Tage-Geld-zur\u00fcck-Garantie absichern, falls Ihre Kunden nicht zu 100% zufrieden sind.<\/p>\n<h3>Schnelle Auftragsabwicklung<\/h3>\n<p>Delta Kits verf\u00fcgt \u00fcber einen gro\u00dfen Bestand an Produkten f\u00fcr die Autoglasreparatur und Scheinwerfer-Restaurierung, um sicherzustellen, dass die meisten Bestellungen, unabh\u00e4ngig von ihrer Gr\u00f6\u00dfe, innerhalb von 24 Stunden unser Lager verlassen. Alle Sendungen erf\u00fcllen oder \u00fcbertreffen die weltweiten Vorschriften f\u00fcr Verpackung, Etikettierung und Versand.<\/p>\n<h3>Dem Erfolg verpflichtet<\/h3>\n<p>Wir sind der festen \u00dcberzeugung, dass, wenn Ihre Kunden nicht erfolgreich sind und wenn Sie nicht erfolgreich sind, auch wir nicht erfolgreich sein werden. Unser gesamtes Personal hat sich dem Ziel verschrieben, Delta-Kits-Wiederverk\u00e4ufern und Endverbrauchern eine Erfahrung zu bieten, die sie nirgendwo anders finden werden.<\/p>\n\n\t\t<\/div>\n\t<\/div>\n<\/div><\/div><\/div><div class=\"wpb_column vc_column_container vc_col-sm-3 azirspares_custom_6066fb81b7b01\"><div class=\"vc_column-inner\"><div class=\"wpb_wrapper\"><div  class=\"wpb_widgetised_column wpb_content_element azirspares_custom_6066fb81b7b02 \">\n\t\t<div class=\"wpb_wrapper\">\n\t\t\t\n\t\t\t<div class = \"about_you_widget\"><h3>\u00dcber Sie<\/h3><div class=\"menu-ueber-sie-container\"><ul id=\"menu-ueber-sie\" class=\"menu\"><li id=\"menu-item-36353\" class=\"menu-item menu-item-type-custom menu-item-object-custom menu-item-36353\"><a href=\"\/de\/fire-your-boss\/\">Unternehmer<\/a><\/li>\n<li id=\"menu-item-36354\" class=\"menu-item menu-item-type-post_type menu-item-object-page menu-item-36354\"><a href=\"https:\/\/www.deltakits.net\/de\/autoglasreparatur-als-nebenerwerb\/\">Autoglasreparatur als Nebenerwerb<\/a><\/li>\n<li id=\"menu-item-36355\" class=\"menu-item menu-item-type-post_type menu-item-object-page menu-item-36355\"><a href=\"https:\/\/www.deltakits.net\/de\/resellers\/\">Wiederverk\u00e4ufer<\/a><\/li>\n<\/ul><\/div><\/div>\n\t\t<\/div>\n\t<\/div>\n<\/div><\/div><\/div><\/div><div data-vc-full-width=\"true\" data-vc-full-width-init=\"false\" class=\"vc_row wpb_row vc_row-fluid top-bottom-50 full-width-override azirspares_custom_6066fb81b7b03\"><div class=\"wpb_column vc_column_container vc_col-sm-12\"><div class=\"vc_column-inner\"><div class=\"wpb_wrapper\">            <div class=\"azirspares-slide  rows-space-0  azirspares_custom_6066fb81b7b04 \">\r\n\t\t\t\t                <div class=\"owl-slick equal-container better-height nav-center circle\"  data-slick = {&quot;arrows&quot;:true,&quot;slidesMargin&quot;:30,&quot;dots&quot;:false,&quot;infinite&quot;:false,&quot;speed&quot;:300,&quot;slidesToShow&quot;:8,&quot;rows&quot;:1} data-responsive = [{&quot;breakpoint&quot;:480,&quot;settings&quot;:{&quot;slidesToShow&quot;:2}},{&quot;breakpoint&quot;:768,&quot;settings&quot;:{&quot;slidesToShow&quot;:4}},{&quot;breakpoint&quot;:992,&quot;settings&quot;:{&quot;slidesToShow&quot;:4}},{&quot;breakpoint&quot;:1200,&quot;settings&quot;:{&quot;slidesToShow&quot;:8}},{&quot;breakpoint&quot;:1500,&quot;settings&quot;:{&quot;slidesToShow&quot;:8}}] >\r\n\t\t\t\t\t\r\n\t<div  class=\"wpb_single_image wpb_content_element vc_align_center azirspares_custom_6066fb81b7b05\">\r\n\t\t\r\n\t\t<figure class=\"wpb_wrapper vc_figure\">\r\n\t\t\t<div class=\"vc_single_image-wrapper   vc_box_border_grey\"><figure><img loading=\"lazy\" decoding=\"async\" width=\"204\" height=\"60\" src=\"data:image\/svg+xml;charset=utf-8,%3Csvg%20xmlns%3D%27http%3A%2F%2Fwww.w3.org%2F2000%2Fsvg%27%20viewBox%3D%270%200%20204%2060%27%2F%3E\" class=\"vc_single_image-img attachment-full lazy\" alt=\"Service auto glass logo\" title=\"sag-logo\" data-src=\"https:\/\/www.deltakits.net\/wp-content\/uploads\/2019\/04\/sag-logo.png\" \/><\/figure><\/div>\r\n\t\t<\/figure>\r\n\t<\/div>\r\n\r\n\t<div  class=\"wpb_single_image wpb_content_element vc_align_center azirspares_custom_6066fb81b7b06\">\r\n\t\t\r\n\t\t<figure class=\"wpb_wrapper vc_figure\">\r\n\t\t\t<div class=\"vc_single_image-wrapper   vc_box_border_grey\"><figure><img loading=\"lazy\" decoding=\"async\" width=\"60\" height=\"60\" src=\"data:image\/svg+xml;charset=utf-8,%3Csvg%20xmlns%3D%27http%3A%2F%2Fwww.w3.org%2F2000%2Fsvg%27%20viewBox%3D%270%200%2060%2060%27%2F%3E\" class=\"vc_single_image-img attachment-full lazy\" alt=\"bmw-logo\" title=\"bmw-logo\" data-src=\"https:\/\/www.deltakits.net\/wp-content\/uploads\/2019\/04\/bmw-logo.png\" \/><\/figure><\/div>\r\n\t\t<\/figure>\r\n\t<\/div>\r\n\r\n\t<div  class=\"wpb_single_image wpb_content_element vc_align_center azirspares_custom_6066fb81b7b08\">\r\n\t\t\r\n\t\t<figure class=\"wpb_wrapper vc_figure\">\r\n\t\t\t<div class=\"vc_single_image-wrapper   vc_box_border_grey\"><figure><img loading=\"lazy\" decoding=\"async\" width=\"91\" height=\"60\" src=\"data:image\/svg+xml;charset=utf-8,%3Csvg%20xmlns%3D%27http%3A%2F%2Fwww.w3.org%2F2000%2Fsvg%27%20viewBox%3D%270%200%2091%2060%27%2F%3E\" class=\"vc_single_image-img attachment-full lazy\" alt=\"deltasonic-logo\" title=\"deltasonic-logo\" data-src=\"https:\/\/www.deltakits.net\/wp-content\/uploads\/2019\/04\/deltasonic-logo.png\" \/><\/figure><\/div>\r\n\t\t<\/figure>\r\n\t<\/div>\r\n\r\n\t<div  class=\"wpb_single_image wpb_content_element vc_align_center azirspares_custom_6066fb81b7b09\">\r\n\t\t\r\n\t\t<figure class=\"wpb_wrapper vc_figure\">\r\n\t\t\t<div class=\"vc_single_image-wrapper   vc_box_border_grey\"><figure><img loading=\"lazy\" decoding=\"async\" width=\"96\" height=\"60\" src=\"data:image\/svg+xml;charset=utf-8,%3Csvg%20xmlns%3D%27http%3A%2F%2Fwww.w3.org%2F2000%2Fsvg%27%20viewBox%3D%270%200%2096%2060%27%2F%3E\" class=\"vc_single_image-img attachment-full lazy\" alt=\"pittsburgh-glass-works-llc-logo\" title=\"pittsburgh-glass-works-llc-logo\" data-src=\"https:\/\/www.deltakits.net\/wp-content\/uploads\/2019\/04\/pittsburgh-glass-works-llc-logo.png\" \/><\/figure><\/div>\r\n\t\t<\/figure>\r\n\t<\/div>\r\n\r\n\t<div  class=\"wpb_single_image wpb_content_element vc_align_center azirspares_custom_6066fb81b7b0a\">\r\n\t\t\r\n\t\t<figure class=\"wpb_wrapper vc_figure\">\r\n\t\t\t<div class=\"vc_single_image-wrapper   vc_box_border_grey\"><figure><img loading=\"lazy\" decoding=\"async\" width=\"168\" height=\"60\" src=\"data:image\/svg+xml;charset=utf-8,%3Csvg%20xmlns%3D%27http%3A%2F%2Fwww.w3.org%2F2000%2Fsvg%27%20viewBox%3D%270%200%20168%2060%27%2F%3E\" class=\"vc_single_image-img attachment-full lazy\" alt=\"majestic-auto-glass-logo\" title=\"majestic-auto-glass-logo\" data-src=\"https:\/\/www.deltakits.net\/wp-content\/uploads\/2019\/04\/majestic-auto-glass-logo.png\" \/><\/figure><\/div>\r\n\t\t<\/figure>\r\n\t<\/div>\r\n\r\n\t<div  class=\"wpb_single_image wpb_content_element vc_align_center azirspares_custom_6066fb81b7b0b\">\r\n\t\t\r\n\t\t<figure class=\"wpb_wrapper vc_figure\">\r\n\t\t\t<div class=\"vc_single_image-wrapper   vc_box_border_grey\"><figure><img loading=\"lazy\" decoding=\"async\" width=\"101\" height=\"60\" src=\"data:image\/svg+xml;charset=utf-8,%3Csvg%20xmlns%3D%27http%3A%2F%2Fwww.w3.org%2F2000%2Fsvg%27%20viewBox%3D%270%200%20101%2060%27%2F%3E\" class=\"vc_single_image-img attachment-full lazy\" alt=\"Pilkington-Logo\" title=\"Pilkington-Logo\" data-src=\"https:\/\/www.deltakits.net\/wp-content\/uploads\/2019\/04\/Pilkington-Logo.png\" data-srcset=\"https:\/\/www.deltakits.net\/wp-content\/uploads\/2019\/04\/Pilkington-Logo.png 101w, https:\/\/www.deltakits.net\/wp-content\/uploads\/2019\/04\/Pilkington-Logo-100x60.png 100w\" data-sizes=\"(max-width: 101px) 100vw, 101px\" \/><\/figure><\/div>\r\n\t\t<\/figure>\r\n\t<\/div>\r\n\r\n\t<div  class=\"wpb_single_image wpb_content_element vc_align_center azirspares_custom_6066fb81b7b0c\">\r\n\t\t\r\n\t\t<figure class=\"wpb_wrapper vc_figure\">\r\n\t\t\t<div class=\"vc_single_image-wrapper   vc_box_border_grey\"><figure><img loading=\"lazy\" decoding=\"async\" width=\"121\" height=\"60\" src=\"data:image\/svg+xml;charset=utf-8,%3Csvg%20xmlns%3D%27http%3A%2F%2Fwww.w3.org%2F2000%2Fsvg%27%20viewBox%3D%270%200%20121%2060%27%2F%3E\" class=\"vc_single_image-img attachment-full lazy\" alt=\"mygrant-glass-logo\" title=\"mygrant-glass-logo\" data-src=\"https:\/\/www.deltakits.net\/wp-content\/uploads\/2019\/04\/mygrant-glass-logo.png\" \/><\/figure><\/div>\r\n\t\t<\/figure>\r\n\t<\/div>\r\n\r\n\t<div  class=\"wpb_single_image wpb_content_element vc_align_center azirspares_custom_6066fb81b7b0d\">\r\n\t\t\r\n\t\t<figure class=\"wpb_wrapper vc_figure\">\r\n\t\t\t<div class=\"vc_single_image-wrapper   vc_box_border_grey\"><figure><img loading=\"lazy\" decoding=\"async\" width=\"145\" height=\"60\" src=\"data:image\/svg+xml;charset=utf-8,%3Csvg%20xmlns%3D%27http%3A%2F%2Fwww.w3.org%2F2000%2Fsvg%27%20viewBox%3D%270%200%20145%2060%27%2F%3E\" class=\"vc_single_image-img attachment-full lazy\" alt=\"equalizer-logo\" title=\"equalizer-logo\" data-src=\"https:\/\/www.deltakits.net\/wp-content\/uploads\/2019\/04\/equalizer-logo.png\" \/><\/figure><\/div>\r\n\t\t<\/figure>\r\n\t<\/div>\r\n                <\/div>\r\n            <\/div>\r\n\t\t\t<\/div><\/div><\/div><\/div><div class=\"vc_row-full-width vc_clearfix\"><\/div>\n<\/div>","protected":false},"excerpt":{"rendered":"Der Branchenf\u00fchrer Delta Kits Autoglasreparatur- und Scheinwerfer-Restaurierungssysteme werden weltweit vertrieben und sind derzeit in \u00fcber 75 L\u00e4ndern im Einsatz. Seit mehr als 30 Jahren als Familienunternehmen gef\u00fchrt, sind wir stolz auf unseren herausragenden Kundenservice und unser Engagement bei der Herstellung von innovativen Werkzeugen f\u00fcr die Autoglasreparatur und Scheinwerferrestaurierung, Steinschlagreparaturharzen, Polituren und Hilfsmitteln. Als Wiederverk\u00e4ufer von [...]","protected":false},"author":1,"featured_media":21525,"parent":0,"menu_order":0,"comment_status":"closed","ping_status":"closed","template":"","meta":{"_acf_changed":false,"footnotes":""},"class_list":["post-36249","page","type-page","status-publish","has-post-thumbnail","hentry"],"acf":[],"yoast_head":"<!-- This site is optimized with the Yoast SEO plugin v27.0 - https:\/\/yoast.com\/product\/yoast-seo-wordpress\/ -->\n<title>Wiederverk\u00e4ufer - Delta Kits<\/title>\n<meta name=\"robots\" content=\"index, follow, max-snippet:-1, max-image-preview:large, max-video-preview:-1\" \/>\n<link rel=\"canonical\" href=\"https:\/\/www.deltakits.net\/de\/resellers\/\" \/>\n<meta property=\"og:locale\" content=\"de_DE\" \/>\n<meta property=\"og:type\" content=\"article\" \/>\n<meta property=\"og:title\" content=\"Wiederverk\u00e4ufer - Delta Kits\" \/>\n<meta property=\"og:url\" content=\"https:\/\/www.deltakits.net\/de\/resellers\/\" \/>\n<meta property=\"og:site_name\" content=\"Delta Kits\" \/>\n<meta property=\"og:image\" content=\"https:\/\/www.deltakits.net\/wp-content\/uploads\/dk-placeholder.png\" \/>\n\t<meta property=\"og:image:width\" content=\"440\" \/>\n\t<meta property=\"og:image:height\" content=\"393\" \/>\n\t<meta property=\"og:image:type\" content=\"image\/png\" \/>\n<meta name=\"twitter:card\" content=\"summary_large_image\" \/>\n<meta name=\"twitter:label1\" content=\"Gesch\u00e4tzte Lesezeit\" \/>\n\t<meta name=\"twitter:data1\" content=\"2\u00a0Minuten\" \/>\n<script type=\"application\/ld+json\" class=\"yoast-schema-graph\">{\"@context\":\"https:\/\/schema.org\",\"@graph\":[]}<\/script>\n<!-- \/ Yoast SEO plugin. -->","yoast_head_json":{"title":"Wiederverk\u00e4ufer - Delta Kits","robots":{"index":"index","follow":"follow","max-snippet":"max-snippet:-1","max-image-preview":"max-image-preview:large","max-video-preview":"max-video-preview:-1"},"canonical":"https:\/\/www.deltakits.net\/de\/resellers\/","og_locale":"de_DE","og_type":"article","og_title":"Wiederverk\u00e4ufer - Delta Kits","og_url":"https:\/\/www.deltakits.net\/de\/resellers\/","og_site_name":"Delta Kits","og_image":[{"width":440,"height":393,"url":"https:\/\/www.deltakits.net\/wp-content\/uploads\/dk-placeholder.png","type":"image\/png"}],"twitter_card":"summary_large_image","twitter_misc":{"Gesch\u00e4tzte Lesezeit":"2\u00a0Minuten"},"schema":{"@context":"https:\/\/schema.org","@graph":[]}},"_links":{"self":[{"href":"https:\/\/www.deltakits.net\/de\/wp-json\/wp\/v2\/pages\/36249","targetHints":{"allow":["GET"]}}],"collection":[{"href":"https:\/\/www.deltakits.net\/de\/wp-json\/wp\/v2\/pages"}],"about":[{"href":"https:\/\/www.deltakits.net\/de\/wp-json\/wp\/v2\/types\/page"}],"author":[{"embeddable":true,"href":"https:\/\/www.deltakits.net\/de\/wp-json\/wp\/v2\/users\/1"}],"replies":[{"embeddable":true,"href":"https:\/\/www.deltakits.net\/de\/wp-json\/wp\/v2\/comments?post=36249"}],"version-history":[{"count":3,"href":"https:\/\/www.deltakits.net\/de\/wp-json\/wp\/v2\/pages\/36249\/revisions"}],"predecessor-version":[{"id":36346,"href":"https:\/\/www.deltakits.net\/de\/wp-json\/wp\/v2\/pages\/36249\/revisions\/36346"}],"wp:featuredmedia":[{"embeddable":true,"href":"https:\/\/www.deltakits.net\/de\/wp-json\/wp\/v2\/media\/21525"}],"wp:attachment":[{"href":"https:\/\/www.deltakits.net\/de\/wp-json\/wp\/v2\/media?parent=36249"}],"curies":[{"name":"wp","href":"https:\/\/api.w.org\/{rel}","templated":true}]}}