{"id":36242,"date":"2021-03-29T05:07:26","date_gmt":"2021-03-29T12:07:26","guid":{"rendered":"https:\/\/www.deltakits.net\/?page_id=36242"},"modified":"2021-06-23T14:43:00","modified_gmt":"2021-06-23T12:43:00","slug":"schulung","status":"publish","type":"page","link":"https:\/\/www.deltakits.net\/de\/schulung\/","title":{"rendered":"Schulung"},"content":{"rendered":"<div class=\"wpb-content-wrapper\"><div id=\"page_header_image\" class=\"vc_row wpb_row vc_row-fluid azirspares_custom_60d32c543fa05\"><div class=\"wpb_column vc_column_container vc_col-sm-12\"><div class=\"vc_column-inner\"><div class=\"wpb_wrapper\">\r\n\t<div  class=\"wpb_single_image wpb_content_element vc_align_left azirspares_custom_60d32c543fa07\">\r\n\t\t\r\n\t\t<figure class=\"wpb_wrapper vc_figure\">\r\n\t\t\t<div class=\"vc_single_image-wrapper   vc_box_border_grey\"><figure><img loading=\"lazy\" decoding=\"async\" width=\"1440\" height=\"286\" src=\"data:image\/svg+xml;charset=utf-8,%3Csvg%20xmlns%3D%27http%3A%2F%2Fwww.w3.org%2F2000%2Fsvg%27%20viewBox%3D%270%200%201440%20286%27%2F%3E\" class=\"vc_single_image-img attachment-full lazy\" alt=\"Windshield repair training and certification\" title=\"WR Training and Certification Top\" data-src=\"https:\/\/www.deltakits.net\/wp-content\/uploads\/2019\/05\/WR-Training-and-Certification-Top.jpg\" data-srcset=\"https:\/\/www.deltakits.net\/wp-content\/uploads\/2019\/05\/WR-Training-and-Certification-Top.jpg 1440w, https:\/\/www.deltakits.net\/wp-content\/uploads\/2019\/05\/WR-Training-and-Certification-Top-350x70.jpg 350w, https:\/\/www.deltakits.net\/wp-content\/uploads\/2019\/05\/WR-Training-and-Certification-Top-1000x199.jpg 1000w, https:\/\/www.deltakits.net\/wp-content\/uploads\/2019\/05\/WR-Training-and-Certification-Top-300x60.jpg 300w, https:\/\/www.deltakits.net\/wp-content\/uploads\/2019\/05\/WR-Training-and-Certification-Top-768x153.jpg 768w, https:\/\/www.deltakits.net\/wp-content\/uploads\/2019\/05\/WR-Training-and-Certification-Top-1024x203.jpg 1024w\" data-sizes=\"(max-width: 1440px) 100vw, 1440px\" \/><\/figure><\/div>\r\n\t\t<\/figure>\r\n\t<\/div>\r\n<\/div><\/div><\/div><\/div><div class=\"vc_row wpb_row vc_row-fluid\"><div class=\"wpb_column vc_column_container vc_col-sm-12\"><div class=\"vc_column-inner\"><div class=\"wpb_wrapper\">\n\t<div class=\"wpb_text_column wpb_content_element azirspares_custom_60d32c543fa08 \" >\n\t\t<div class=\"wpb_wrapper\">\n\t\t\t<p>Egal, ob Sie gerade erst mit der Autoglasreparatur oder der Scheinwerfer Restaurierung beginnen oder ein erfahrener Techniker sind, wir m\u00f6chten Ihnen helfen, erfolgreich zu werden. Wir haben eine umfangreiche Bibliothek mit Bildungsressourcen und Werkzeugen zusammengestellt, um Ihre Reparaturen und Ihr Gesch\u00e4ft auf die n\u00e4chste Stufe zu heben.<\/p>\n\n\t\t<\/div>\n\t<\/div>\n<\/div><\/div><\/div><\/div><div class=\"vc_row wpb_row vc_row-fluid top-bottom-50 vc_row-o-equal-height vc_row-flex azirspares_custom_60d32c543fa09\"><div class=\"wpb_column vc_column_container vc_col-sm-3\"><div class=\"vc_column-inner\"><div class=\"wpb_wrapper\">\n\t<div class=\"wpb_raw_code wpb_raw_html wpb_content_element azirspares_custom_60d32c543fa0a \" >\n\t\t<div class=\"wpb_wrapper\">\n\t\t\t<div class=\"custom-training-option\">\n\t<div class=\"training-options\">\n\t<a href=\"\/training\/factory-training\"><img decoding=\"async\" src=\"\/images\/training-options\/training-option1.png\" alt=\"training option1\" style=\"width: 100%;\"><\/a>\n\t<a href=\"\/training\/factory-training\"><div class=\"training-options-title-bg\">\n\t\t<h4><strong>EINT\u00c4GIGES TRAINING MIT ZERTIFIZIERUNG<\/strong><\/h4>\n\t<\/div><\/a>\n\t<div class=\"training-options-container\">\n\t\t<p><span class=\"training-subtitle\">Ort<\/span><br><span class=\"training-location\">Jerxheim, Deutschland<\/span><\/p>\n\t\t<p><span class=\"training-subtitle\">Kosten \/ Teilnehmer<\/span><br><span class=\"training-costs\">\u20ac100,00<\/span><\/p>\n\t<\/div>\n<a href=\"\/training\/factory-training\" class=\"training-options-cta\" style=\"max-width: 100%; padding: 15px 0px; display: block;\">Mehr erfahren<\/a><\/div>\n\n<\/div>\n\t\t<\/div>\n\t<\/div>\n<\/div><\/div><\/div><div class=\"wpb_column vc_column_container vc_col-sm-3\"><div class=\"vc_column-inner\"><div class=\"wpb_wrapper\">\n\t<div class=\"wpb_raw_code wpb_raw_html wpb_content_element azirspares_custom_60d32c543fa0b \" >\n\t\t<div class=\"wpb_wrapper\">\n\t\t\t<div class=\"custom-training-option\">\n\t<div class=\"training-options\"><a href=\"\/new-windshield-repair-business-checklist\/\"><img decoding=\"async\" src=\"\/images\/training-options\/wr-launch-pad.png\" alt=\"Give your business a head start\" style=\"width: 100%;\"><\/a>\n<div class=\"training-options-title-bg\">\n<h4><strong>STEINSCHLAGREPARATUR<br> GESCH\u00c4FTSGR\u00dcNDUNG CHECKLISTE<\/strong><\/h4>\n<\/div>\n<div class=\"training-options-container\">\n<p><span class=\"training-subtitle\">Ort<\/span><br><span class=\"training-location\">\u00dcberall<\/span><\/p>\n<p><span class=\"training-subtitle\">Kosten \/ Teilnehmer<\/span><br><span class=\"training-costs\">\u20ac0,00<\/span><\/p>\n<\/div>\n<a href=\"\/new-windshield-repair-business-checklist\/\" class=\"training-options-cta\" style=\"max-width: 100%; padding: 15px 0px; display: block;\">Mehr erfahren<\/a><\/div><\/div>\n\t\t<\/div>\n\t<\/div>\n<\/div><\/div><\/div><div class=\"wpb_column vc_column_container vc_col-sm-3\"><div class=\"vc_column-inner\"><div class=\"wpb_wrapper\">\n\t<div class=\"wpb_raw_code wpb_raw_html wpb_content_element azirspares_custom_60d32c543fa0c \" >\n\t\t<div class=\"wpb_wrapper\">\n\t\t\t<div class=\"custom-training-option\">\n\t<div class=\"training-options\"><a href=\"https:\/\/www.classmarker.com\/online-test\/start\/?quiz=9ek5a5e30e7cda79\"><img decoding=\"async\" src=\"\/images\/training-options\/training-option4a.png\" alt=\"training option4a\" style=\"width: 100%;\"><\/a>\n<div class=\"training-options-title-bg\">\n<h4><strong>WERKSSCHULUNG <br>ZERTIFIZIERUNG PR\u00dcFUNG<\/strong><\/h4>\n<\/div>\n<div class=\"training-options-container\">\n<p><span class=\"training-subtitle\">Ort<\/span><br><span class=\"training-location\">\u00dcberall - Onlineveranstaltung&nbsp;<\/span><\/p>\n<p><span class=\"training-subtitle\">Nur Schulungsteilnehmer:<\/span><br><span class=\"training-costs\">N\u00e4chster Termin<\/span><\/p>\n<\/div>\n<a href=\"https:\/\/www.classmarker.com\/online-test\/start\/?quiz=9ek5a5e30e7cda79\" class=\"training-options-cta\" style=\"max-width: 100%; padding: 15px 0px; display: block;\">Teilnehmen<\/a><\/div><\/div>\n\t\t<\/div>\n\t<\/div>\n<\/div><\/div><\/div><div class=\"wpb_column vc_column_container vc_col-sm-3\"><div class=\"vc_column-inner\"><div class=\"wpb_wrapper\">\n\t<div class=\"wpb_raw_code wpb_raw_html wpb_content_element azirspares_custom_60d32c543fa0d \" >\n\t\t<div class=\"wpb_wrapper\">\n\t\t\t<div class=\"custom-training-option\">\n\t<div class=\"training-options\">\n\t<a href=\"\/training\/tutorials\/\"><img decoding=\"async\" src=\"\/images\/training-options\/training-option5.png\" alt=\"training option1\" style=\"width: 100%;\"><\/a>\n\t<a href=\"\/training\/tutorials\/\"><div class=\"training-options-title-bg\">\n\t\t<h4><strong>Video-on-Demand\nANLEITUNGEN\/ CHECKLISTEN \/ HANDB\u00dcCHER<\/strong><\/h4>\n\t<\/div><\/a>\n\t<div class=\"training-options-container\">\n\t\t<p><span class=\"training-subtitle\">Ort<\/span><br><span class=\"training-location\">\u00dcberall<\/span><\/p>\n\t\t<p><span class=\"training-subtitle\">Kosten \/ Teilnehmer<\/span><br><span class=\"training-costs\">\u20ac0,00<\/span><\/p>\n\t<\/div>\n\t<a href=\"\/training\/tutorials\/\" class=\"training-options-cta\" style=\"max-width: 100%; padding: 15px 0px; display: block;\">Mehr erfahren<\/a>\n<\/div><\/div>\n\t\t<\/div>\n\t<\/div>\n<\/div><\/div><\/div><\/div>\n<\/div>","protected":false},"excerpt":{"rendered":"Egal, ob Sie gerade erst mit der Autoglasreparatur oder der Scheinwerfer Restaurierung beginnen oder ein erfahrener Techniker sind, wir m\u00f6chten Ihnen helfen, erfolgreich zu werden. Wir haben eine umfangreiche Bibliothek mit Bildungsressourcen und Werkzeugen zusammengestellt, um Ihre Reparaturen und Ihr Gesch\u00e4ft auf die n\u00e4chste Stufe zu heben. EINT\u00c4GIGES TRAINING MIT ZERTIFIZIERUNG OrtJerxheim, Deutschland Kosten \/ [...]","protected":false},"author":4660,"featured_media":21525,"parent":0,"menu_order":0,"comment_status":"closed","ping_status":"closed","template":"","meta":{"_acf_changed":false,"footnotes":""},"class_list":["post-36242","page","type-page","status-publish","has-post-thumbnail","hentry"],"acf":[],"yoast_head":"<!-- This site is optimized with the Yoast SEO plugin v27.0 - https:\/\/yoast.com\/product\/yoast-seo-wordpress\/ -->\n<title>Steinschlagreparatur und Scheinwerfer-Restaurierung - Schulung<\/title>\n<meta name=\"description\" content=\"&quot;Ganz gleich, ob Sie gerade erst mit der Steinschlagreparatur oder der Scheinwerfer-Restaurierung beginnen oder bereits erfahren sind, wir m\u00f6chten Ihnen zum Erfolg verhelfen.&quot;\" \/>\n<meta name=\"robots\" content=\"index, follow, max-snippet:-1, max-image-preview:large, max-video-preview:-1\" \/>\n<link rel=\"canonical\" href=\"https:\/\/www.deltakits.net\/de\/schulung\/\" \/>\n<meta property=\"og:locale\" content=\"de_DE\" \/>\n<meta property=\"og:type\" content=\"article\" \/>\n<meta property=\"og:title\" content=\"Steinschlagreparatur und Scheinwerfer-Restaurierung - Schulung\" \/>\n<meta property=\"og:description\" content=\"&quot;Ganz gleich, ob Sie gerade erst mit der Steinschlagreparatur oder der Scheinwerfer-Restaurierung beginnen oder bereits erfahren sind, wir m\u00f6chten Ihnen zum Erfolg verhelfen.&quot;\" \/>\n<meta property=\"og:url\" content=\"https:\/\/www.deltakits.net\/de\/schulung\/\" \/>\n<meta property=\"og:site_name\" content=\"Delta Kits\" \/>\n<meta property=\"og:image\" content=\"https:\/\/www.deltakits.net\/wp-content\/uploads\/dk-placeholder.png\" \/>\n\t<meta property=\"og:image:width\" content=\"440\" \/>\n\t<meta property=\"og:image:height\" content=\"393\" \/>\n\t<meta property=\"og:image:type\" content=\"image\/png\" \/>\n<meta name=\"twitter:card\" content=\"summary_large_image\" \/>\n<meta name=\"twitter:label1\" content=\"Gesch\u00e4tzte Lesezeit\" \/>\n\t<meta name=\"twitter:data1\" content=\"1\u00a0Minute\" \/>\n<script type=\"application\/ld+json\" class=\"yoast-schema-graph\">{\"@context\":\"https:\/\/schema.org\",\"@graph\":[]}<\/script>\n<!-- \/ Yoast SEO plugin. -->","yoast_head_json":{"title":"Steinschlagreparatur und Scheinwerfer-Restaurierung - Schulung","description":"\"Ganz gleich, ob Sie gerade erst mit der Steinschlagreparatur oder der Scheinwerfer-Restaurierung beginnen oder bereits erfahren sind, wir m\u00f6chten Ihnen zum Erfolg verhelfen.\"","robots":{"index":"index","follow":"follow","max-snippet":"max-snippet:-1","max-image-preview":"max-image-preview:large","max-video-preview":"max-video-preview:-1"},"canonical":"https:\/\/www.deltakits.net\/de\/schulung\/","og_locale":"de_DE","og_type":"article","og_title":"Steinschlagreparatur und Scheinwerfer-Restaurierung - Schulung","og_description":"\"Ganz gleich, ob Sie gerade erst mit der Steinschlagreparatur oder der Scheinwerfer-Restaurierung beginnen oder bereits erfahren sind, wir m\u00f6chten Ihnen zum Erfolg verhelfen.\"","og_url":"https:\/\/www.deltakits.net\/de\/schulung\/","og_site_name":"Delta Kits","og_image":[{"width":440,"height":393,"url":"https:\/\/www.deltakits.net\/wp-content\/uploads\/dk-placeholder.png","type":"image\/png"}],"twitter_card":"summary_large_image","twitter_misc":{"Gesch\u00e4tzte Lesezeit":"1\u00a0Minute"},"schema":{"@context":"https:\/\/schema.org","@graph":[]}},"_links":{"self":[{"href":"https:\/\/www.deltakits.net\/de\/wp-json\/wp\/v2\/pages\/36242","targetHints":{"allow":["GET"]}}],"collection":[{"href":"https:\/\/www.deltakits.net\/de\/wp-json\/wp\/v2\/pages"}],"about":[{"href":"https:\/\/www.deltakits.net\/de\/wp-json\/wp\/v2\/types\/page"}],"author":[{"embeddable":true,"href":"https:\/\/www.deltakits.net\/de\/wp-json\/wp\/v2\/users\/4660"}],"replies":[{"embeddable":true,"href":"https:\/\/www.deltakits.net\/de\/wp-json\/wp\/v2\/comments?post=36242"}],"version-history":[{"count":7,"href":"https:\/\/www.deltakits.net\/de\/wp-json\/wp\/v2\/pages\/36242\/revisions"}],"predecessor-version":[{"id":36708,"href":"https:\/\/www.deltakits.net\/de\/wp-json\/wp\/v2\/pages\/36242\/revisions\/36708"}],"wp:featuredmedia":[{"embeddable":true,"href":"https:\/\/www.deltakits.net\/de\/wp-json\/wp\/v2\/media\/21525"}],"wp:attachment":[{"href":"https:\/\/www.deltakits.net\/de\/wp-json\/wp\/v2\/media?parent=36242"}],"curies":[{"name":"wp","href":"https:\/\/api.w.org\/{rel}","templated":true}]}}