{"id":36102,"date":"2019-06-14T13:44:36","date_gmt":"2019-06-14T13:44:36","guid":{"rendered":"https:\/\/www.deltakits.net\/shop\/"},"modified":"2021-07-08T22:57:03","modified_gmt":"2021-07-08T20:57:03","slug":"shop","status":"publish","type":"page","link":"https:\/\/www.deltakits.net\/de\/shop\/","title":{"rendered":"Delta Kits Shop"},"content":{"rendered":"<div class=\"wpb-content-wrapper\"><div class=\"vc_row wpb_row vc_row-fluid\"><div class=\"wpb_column vc_column_container vc_col-sm-12\"><div class=\"vc_column-inner\"><div class=\"wpb_wrapper\">\n\t<div class=\"wpb_text_column wpb_content_element azirspares_custom_60e7669fe3482 \" >\n\t\t<div class=\"wpb_wrapper\">\n\t\t\t<p>Wir sind spezialisiert auf die Reparatur von Windschutzscheiben und die Wiederherstellung von Scheinwerfern sowie auf entsprechendes Zubeh\u00f6r. Wir bieten eine au\u00dfergew\u00f6hnliche Gesch\u00e4ftsm\u00f6glichkeit mit au\u00dfergew\u00f6hnlich hohen Gewinnen. Unsere marktf\u00fchrenden Werkzeuge, Glasreparaturharze und Ger\u00e4te werden von professionellen Windschutzscheibenreparatur- und Scheinwerfer-Restaurierungstechnikern weltweit bevorzugt und sind f\u00fcr ihre Qualit\u00e4t, Haltbarkeit und Benutzerfreundlichkeit hoch angesehen.<\/p>\n\n\t\t<\/div>\n\t<\/div>\n<\/div><\/div><\/div><\/div><div class=\"vc_row wpb_row vc_row-fluid top-bottom-50 shop-columns azirspares_custom_60e7669fe3483\"><div class=\"wpb_column vc_column_container vc_col-sm-3\"><div class=\"vc_column-inner\"><div class=\"wpb_wrapper\">            <div class=\"azirspares-listing default dark    azirspares_custom_60e7669fe3484 \">\r\n                <div class=\"listing-inner\">\r\n                    <div class=\"listing-thumb\">\r\n                                                    <figure>\r\n                                <img loading=\"lazy\" decoding=\"async\" width=\"222\" height=\"127\" src=\"data:image\/svg+xml;charset=utf-8,%3Csvg%20xmlns%3D%27http%3A%2F%2Fwww.w3.org%2F2000%2Fsvg%27%20viewBox%3D%270%200%20222%20127%27%2F%3E\" class=\"img-responsive attachment-222x127 size-222x127 lazy\" alt=\"windshield repair system\" data-src=\"https:\/\/www.deltakits.net\/wp-content\/uploads\/windshield_system_thumb.jpg\" \/>                            <\/figure>\r\n                                                                                                            <h4 class=\"cat-name\">\r\n                                    <a target=\"_self\"\r\n                                       href=\"\/shop\/steinschlagreparatur-produkte\/?lang=de\">\r\n                                        Steinschlagreparatur                                    <\/a>\r\n                                <\/h4>\r\n                                                                                                        <a class=\"button\" target=\"_self\"\r\n                               href=\"\/shop\/steinschlagreparatur-produkte\/?lang=de\">Jetzt kaufen<\/a>\r\n                                            <\/div>\r\n                                            <ul class=\"listing-list equal-elem \">\r\n                                                                                                                                <li class=\"\">\r\n                                                                                        <a href=\"\/shop\/windshield-repair-products\/kits-systems\/\"\r\n                                                   target=\"_self\">\r\n                                                                                                        Kits \/ Systeme                                                <\/a>\r\n                                                                                                                        <\/li>\r\n                                                                                                                                                                <li class=\"\">\r\n                                                                                        <a href=\"\/shop\/windshield-repair-products\/system-supplies\/\"\r\n                                                   target=\"_self\">\r\n                                                                                                        System Zubeh\u00f6r                                                <\/a>\r\n                                                                                                                        <\/li>\r\n                                                                                                                                                                <li class=\"\">\r\n                                                                                        <a href=\"\/shop\/windshield-repair-products\/resin\/\"\r\n                                                   target=\"_self\">\r\n                                                                                                        Harz                                                <\/a>\r\n                                                                                                                        <\/li>\r\n                                                                                                                                                                <li class=\"\">\r\n                                                                                        <a href=\"\/shop\/windshield-repair-products\/accessories-windshield-repair-products\/\"\r\n                                                   target=\"_self\">\r\n                                                                                                        Weiteres Zubeh\u00f6r                                                <\/a>\r\n                                                                                                                        <\/li>\r\n                                                                                                                                                                <li class=\"\">\r\n                                                                                        <a href=\"\/shop\/windshield-repair-products\/replacement-parts\/\"\r\n                                                   target=\"_self\">\r\n                                                                                                        Ersatzteile                                                <\/a>\r\n                                                                                                                        <\/li>\r\n                                                                                    <\/ul>\r\n                                                        <\/div>\r\n            <\/div>\r\n            <\/div><\/div><\/div><div class=\"wpb_column vc_column_container vc_col-sm-3\"><div class=\"vc_column-inner\"><div class=\"wpb_wrapper\">            <div class=\"azirspares-listing default dark    azirspares_custom_60e7669fe3485 \">\r\n                <div class=\"listing-inner\">\r\n                    <div class=\"listing-thumb\">\r\n                                                    <figure>\r\n                                <img loading=\"lazy\" decoding=\"async\" width=\"266\" height=\"160\" src=\"data:image\/svg+xml;charset=utf-8,%3Csvg%20xmlns%3D%27http%3A%2F%2Fwww.w3.org%2F2000%2Fsvg%27%20viewBox%3D%270%200%20266%20160%27%2F%3E\" class=\"img-responsive attachment-266x160 size-266x160 lazy\" alt=\"Headlight Restoration Shop Supplies\" data-src=\"https:\/\/www.deltakits.net\/wp-content\/uploads\/HeadlightRestorationShopSupplies.jpg\" \/>                            <\/figure>\r\n                                                                                                            <h4 class=\"cat-name\">\r\n                                    <a target=\"_self\"\r\n                                       href=\"\/shop\/shop\/scheinwerfer-restaurierung\/?lang=de\">\r\n                                        Scheinwerfer Restaurierung                                    <\/a>\r\n                                <\/h4>\r\n                                                                                                        <a class=\"button\" target=\"_self\"\r\n                               href=\"\/shop\/shop\/scheinwerfer-restaurierung\/?lang=de\">Jetzt kaufen<\/a>\r\n                                            <\/div>\r\n                                            <ul class=\"listing-list equal-elem \">\r\n                                                                                                                                <li class=\"\">\r\n                                                                                        <a href=\"\/shop\/headlight-restoration-products\/systems\/\"\r\n                                                   target=\"_self\">\r\n                                                                                                        Systeme                                                <\/a>\r\n                                                                                                                        <\/li>\r\n                                                                                                                                                                <li class=\"\">\r\n                                                                                        <a href=\"\/shop\/headlight-restoration-products\/system-supplies-hr\/\"\r\n                                                   target=\"_self\">\r\n                                                                                                        System Zubeh\u00f6r                                                <\/a>\r\n                                                                                                                        <\/li>\r\n                                                                                                                                                                <li class=\"\">\r\n                                                                                        <a href=\"\/shop\/headlight-restoration-products\/replacement-parts-hr\/\"\r\n                                                   target=\"_self\">\r\n                                                                                                        Ersatzteile                                                <\/a>\r\n                                                                                                                        <\/li>\r\n                                                                                                                                                                <li class=\"\">\r\n                                                                                        <a href=\"\/shop\/headlight-restoration-products\/accessories-hr\/\"\r\n                                                   target=\"_self\">\r\n                                                                                                        Weiteres Zubeh\u00f6r                                                <\/a>\r\n                                                                                                                        <\/li>\r\n                                                                                    <\/ul>\r\n                                                        <\/div>\r\n            <\/div>\r\n            <\/div><\/div><\/div><div class=\"wpb_column vc_column_container vc_col-sm-3\"><div class=\"vc_column-inner\"><div class=\"wpb_wrapper\">            <div class=\"azirspares-listing default dark    azirspares_custom_60e7669fe3486 \">\r\n                <div class=\"listing-inner\">\r\n                    <div class=\"listing-thumb\">\r\n                                                    <figure>\r\n                                <img loading=\"lazy\" decoding=\"async\" width=\"222\" height=\"127\" src=\"data:image\/svg+xml;charset=utf-8,%3Csvg%20xmlns%3D%27http%3A%2F%2Fwww.w3.org%2F2000%2Fsvg%27%20viewBox%3D%270%200%20222%20127%27%2F%3E\" class=\"img-responsive attachment-222x127 size-222x127 lazy\" alt=\"business card caddy\" data-src=\"https:\/\/www.deltakits.net\/wp-content\/uploads\/card_caddy.jpg\" \/>                            <\/figure>\r\n                                                                                                            <h4 class=\"cat-name\">\r\n                                    <a target=\"_self\"\r\n                                       href=\"\/shop\/accessories\/\">\r\n                                        Verschiedenes                                    <\/a>\r\n                                <\/h4>\r\n                                                                                                        <a class=\"button\" target=\"_self\"\r\n                               href=\"\/shop\/accessories\/\">jetzt kaufen<\/a>\r\n                                            <\/div>\r\n                                            <ul class=\"listing-list equal-elem \">\r\n                                                                                                                                <li class=\"\">\r\n                                                                                        <a href=\"\/shop\/marketing\/\"\r\n                                                   target=\"_self\">\r\n                                                                                                        Marketing                                                <\/a>\r\n                                                                                                                        <\/li>\r\n                                                                                                                                                                <li class=\"\">\r\n                                                                                        <a href=\"\/shop\/accessories\/\"\r\n                                                   target=\"_self\">\r\n                                                                                                        Zubeh\u00f6r                                                <\/a>\r\n                                                                                                                        <\/li>\r\n                                                                                                                                                                <li class=\"\">\r\n                                                                                        <a href=\"\/all-products\/\"\r\n                                                   target=\"_self\">\r\n                                                                                                        Alle Produkte                                                <\/a>\r\n                                                                                                                        <\/li>\r\n                                                                                    <\/ul>\r\n                                                        <\/div>\r\n            <\/div>\r\n            <\/div><\/div><\/div><\/div><div data-vc-full-width=\"true\" data-vc-full-width-init=\"false\" class=\"vc_row wpb_row vc_row-fluid top-bottom-50 red-button-banner vc_custom_1561358961551 vc_row-has-fill azirspares_custom_60e7669fe3487 vc_custom_1561358961551 vc_custom_1561358961551\"><div class=\"wpb_column vc_column_container vc_col-sm-12\"><div class=\"vc_column-inner\"><div class=\"wpb_wrapper\"><div  class=\"vc_wp_search wpb_content_element\"><div class=\"widget widget_search\"><h2 class=\"widgettitle\">Produktsuche<\/h2>\r\n\r\n<form role=\"search\" method=\"get\" class=\"search-form\" action=\"https:\/\/www.deltakits.net\/de\/\">\r\n    <input type=\"search\" id=\"search-form-69f209e17bd98\" class=\"search-field\"\r\n           placeholder=\"Ihre Suche hier...\"\r\n           value=\"\" name=\"s\"\/>\r\n    <button type=\"submit\" class=\"search-submit\"><span class=\"fa fa-search\" aria-hidden=\"true\"><\/span><\/button>\r\n<\/form><\/div><\/div><\/div><\/div><\/div><\/div><div class=\"vc_row-full-width vc_clearfix\"><\/div><div data-vc-full-width=\"true\" data-vc-full-width-init=\"false\" class=\"vc_row wpb_row vc_row-fluid top-bottom-90 vc_custom_1559111362526 vc_row-has-fill azirspares_custom_60e7669fe3489 vc_custom_1559111362526 vc_custom_1559111362526 vc_custom_1559111362506 vc_custom_1559111362511\"><div class=\"wpb_column vc_column_container vc_col-sm-12 vc_col-lg-12 vc_col-md-12 azirspares_custom_60e7669fe348a vc_custom_1555075546449 vc_custom_1555075546449 vc_custom_1555075546432\"><div class=\"vc_column-inner vc_custom_1555075546449\"><div class=\"wpb_wrapper\">            <div class=\"azirspares-tabs style4   vc_custom_1617191441979 azirspares_custom_60e7669fe348b vc_custom_1617191441979 vc_custom_1617191441979 \">\r\n\t\t\t\t                    <div class=\"tab-head\">\r\n\t\t\t\t\t\t                            <h2 class=\"title\">\r\n                                                                <span class=\"text\">Produktempfehlungen<\/span>\r\n                            <\/h2>\r\n\t\t\t\t\t\t                                                <ul class=\"tab-link equal-container \"  data-loop=\"1\">\r\n\t\t\t\t\t\t\t\t\t\t\t\t\t\t\t                                <li class=\"active\">\r\n                                    <a class=\"loaded\"\r\n                                       data-ajax=\"1\"\r\n                                       data-animate=\"\"\r\n                                       data-section=\"1536302903535-a3934f06-221a332f-467d\"\r\n                                       data-id=\"36102\"\r\n                                       href=\"#1536302903535-a3934f06-221a332f-467d-69f209e17dbd4\">\r\n\t\t\t\t\t\t\t\t\t\t                                                                                                                            <span>Steinschlagreparatur<\/span>\r\n                                                                                \r\n                                    <\/a>\r\n                                <\/li>\r\n\t\t\t\t\t\t\t\t\t\t\t\t\t\t\t                                <li class=\"\">\r\n                                    <a class=\"\"\r\n                                       data-ajax=\"1\"\r\n                                       data-animate=\"\"\r\n                                       data-section=\"1539052295630-830130f4-6d09332f-467d\"\r\n                                       data-id=\"36102\"\r\n                                       href=\"#1539052295630-830130f4-6d09332f-467d-69f209e17dbd4\">\r\n\t\t\t\t\t\t\t\t\t\t                                                                                                                            <span>Scheinwerfer Restaurierung<\/span>\r\n                                                                                \r\n                                    <\/a>\r\n                                <\/li>\r\n\t\t\t\t\t\t\t                        <\/ul>\r\n                    <\/div>\r\n                    <div class=\"tab-container\">\r\n\t\t\t\t\t\t                            <div class=\"tab-panel active\"\r\n                                 id=\"1536302903535-a3934f06-221a332f-467d-69f209e17dbd4\">\r\n\t\t\t\t\t\t\t\t            <div class=\"azirspares-products style-04   azirspares_custom_60e7669fe348d \">\r\n\t\t\t\t\t\t\t\t                    <p>\r\n                        <strong>No Product<\/strong>\r\n                    <\/p>\r\n\t\t\t\t\t\t\t\t            <\/div>\r\n\t\t\t                            <\/div>\r\n\t\t\t\t\t\t                            <div class=\"tab-panel \"\r\n                                 id=\"1539052295630-830130f4-6d09332f-467d-69f209e17dbd4\">\r\n\t\t\t\t\t\t\t\t                            <\/div>\r\n\t\t\t\t\t\t                    <\/div>\r\n\t\t\t\t            <\/div>\r\n\t\t\t<\/div><\/div><\/div><\/div><div class=\"vc_row-full-width vc_clearfix\"><\/div>\n<\/div>","protected":false},"excerpt":{"rendered":"Wir sind spezialisiert auf die Reparatur von Windschutzscheiben und die Wiederherstellung von Scheinwerfern sowie auf entsprechendes Zubeh\u00f6r. Wir bieten eine au\u00dfergew\u00f6hnliche Gesch\u00e4ftsm\u00f6glichkeit mit au\u00dfergew\u00f6hnlich hohen Gewinnen. Unsere marktf\u00fchrenden Werkzeuge, Glasreparaturharze und Ger\u00e4te werden von professionellen Windschutzscheibenreparatur- und Scheinwerfer-Restaurierungstechnikern weltweit bevorzugt und sind f\u00fcr ihre Qualit\u00e4t, Haltbarkeit und Benutzerfreundlichkeit hoch angesehen. Steinschlagreparatur Jetzt kaufen Kits \/ [...]","protected":false},"author":1,"featured_media":31537,"parent":0,"menu_order":0,"comment_status":"closed","ping_status":"closed","template":"","meta":{"_acf_changed":false,"footnotes":""},"class_list":["post-36102","page","type-page","status-publish","has-post-thumbnail","hentry"],"acf":[],"yoast_head":"<!-- This site is optimized with the Yoast SEO plugin v27.0 - https:\/\/yoast.com\/product\/yoast-seo-wordpress\/ -->\n<title>Online Store - Delta Kits<\/title>\n<meta name=\"description\" content=\"Professional Windshield Repair and Headlight Restoration Equipment, Supplies and certified training.\" \/>\n<meta name=\"robots\" content=\"index, follow, max-snippet:-1, max-image-preview:large, max-video-preview:-1\" \/>\n<link rel=\"canonical\" href=\"https:\/\/www.deltakits.net\/de\/shop\/\" \/>\n<meta property=\"og:locale\" content=\"de_DE\" \/>\n<meta property=\"og:type\" content=\"article\" \/>\n<meta property=\"og:title\" content=\"Online Store - Delta Kits\" \/>\n<meta property=\"og:description\" content=\"Professional Windshield Repair and Headlight Restoration Equipment, Supplies and certified training.\" \/>\n<meta property=\"og:url\" content=\"https:\/\/www.deltakits.net\/de\/shop\/\" \/>\n<meta property=\"og:site_name\" content=\"Delta Kits\" \/>\n<meta property=\"og:image\" content=\"https:\/\/www.deltakits.net\/wp-content\/uploads\/hr-thumb.jpg\" \/>\n\t<meta property=\"og:image:width\" content=\"298\" \/>\n\t<meta property=\"og:image:height\" content=\"169\" \/>\n\t<meta property=\"og:image:type\" content=\"image\/jpeg\" \/>\n<meta name=\"twitter:card\" content=\"summary_large_image\" \/>\n<meta name=\"twitter:label1\" content=\"Gesch\u00e4tzte Lesezeit\" \/>\n\t<meta name=\"twitter:data1\" content=\"1\u00a0Minute\" \/>\n<script type=\"application\/ld+json\" class=\"yoast-schema-graph\">{\"@context\":\"https:\/\/schema.org\",\"@graph\":[]}<\/script>\n<!-- \/ Yoast SEO plugin. -->","yoast_head_json":{"title":"Online Store - Delta Kits","description":"Professional Windshield Repair and Headlight Restoration Equipment, Supplies and certified training.","robots":{"index":"index","follow":"follow","max-snippet":"max-snippet:-1","max-image-preview":"max-image-preview:large","max-video-preview":"max-video-preview:-1"},"canonical":"https:\/\/www.deltakits.net\/de\/shop\/","og_locale":"de_DE","og_type":"article","og_title":"Online Store - Delta Kits","og_description":"Professional Windshield Repair and Headlight Restoration Equipment, Supplies and certified training.","og_url":"https:\/\/www.deltakits.net\/de\/shop\/","og_site_name":"Delta Kits","og_image":[{"width":298,"height":169,"url":"https:\/\/www.deltakits.net\/wp-content\/uploads\/hr-thumb.jpg","type":"image\/jpeg"}],"twitter_card":"summary_large_image","twitter_misc":{"Gesch\u00e4tzte Lesezeit":"1\u00a0Minute"},"schema":{"@context":"https:\/\/schema.org","@graph":[]}},"_links":{"self":[{"href":"https:\/\/www.deltakits.net\/de\/wp-json\/wp\/v2\/pages\/36102","targetHints":{"allow":["GET"]}}],"collection":[{"href":"https:\/\/www.deltakits.net\/de\/wp-json\/wp\/v2\/pages"}],"about":[{"href":"https:\/\/www.deltakits.net\/de\/wp-json\/wp\/v2\/types\/page"}],"author":[{"embeddable":true,"href":"https:\/\/www.deltakits.net\/de\/wp-json\/wp\/v2\/users\/1"}],"replies":[{"embeddable":true,"href":"https:\/\/www.deltakits.net\/de\/wp-json\/wp\/v2\/comments?post=36102"}],"version-history":[{"count":6,"href":"https:\/\/www.deltakits.net\/de\/wp-json\/wp\/v2\/pages\/36102\/revisions"}],"predecessor-version":[{"id":36737,"href":"https:\/\/www.deltakits.net\/de\/wp-json\/wp\/v2\/pages\/36102\/revisions\/36737"}],"wp:featuredmedia":[{"embeddable":true,"href":"https:\/\/www.deltakits.net\/de\/wp-json\/wp\/v2\/media\/31537"}],"wp:attachment":[{"href":"https:\/\/www.deltakits.net\/de\/wp-json\/wp\/v2\/media?parent=36102"}],"curies":[{"name":"wp","href":"https:\/\/api.w.org\/{rel}","templated":true}]}}