{"id":36030,"date":"2021-03-19T04:42:48","date_gmt":"2021-03-19T11:42:48","guid":{"rendered":"https:\/\/www.deltakits.net\/?page_id=36030"},"modified":"2021-04-07T00:20:38","modified_gmt":"2021-04-07T07:20:38","slug":"ask-an-expert","status":"publish","type":"page","link":"https:\/\/www.deltakits.net\/de\/ask-an-expert\/","title":{"rendered":"Fragen Sie den Fachmann"},"content":{"rendered":"<div class=\"wpb-content-wrapper\"><div class=\"vc_row wpb_row vc_row-fluid\"><div class=\"wpb_column vc_column_container vc_col-sm-12\"><div class=\"vc_column-inner\"><div class=\"wpb_wrapper\">\n\t<div class=\"wpb_text_column wpb_content_element azirspares_custom_60599b7153169 \" >\n\t\t<div class=\"wpb_wrapper\">\n\t\t\t<h3>ERHALTEN SIE EINE KOMPETENTE ANTWORT AUF IHRE PRODUKTBEZOGENEN FRAGEN:<\/h3>\n<script type=\"text\/javascript\">\n\/* <![CDATA[ *\/\nvar gform;gform||(document.addEventListener(\"gform_main_scripts_loaded\",function(){gform.scriptsLoaded=!0}),document.addEventListener(\"gform\/theme\/scripts_loaded\",function(){gform.themeScriptsLoaded=!0}),window.addEventListener(\"DOMContentLoaded\",function(){gform.domLoaded=!0}),gform={domLoaded:!1,scriptsLoaded:!1,themeScriptsLoaded:!1,isFormEditor:()=>\"function\"==typeof InitializeEditor,callIfLoaded:function(o){return!(!gform.domLoaded||!gform.scriptsLoaded||!gform.themeScriptsLoaded&&!gform.isFormEditor()||(gform.isFormEditor()&&console.warn(\"The use of gform.initializeOnLoaded() is deprecated in the form editor context and will be removed in Gravity Forms 3.1.\"),o(),0))},initializeOnLoaded:function(o){gform.callIfLoaded(o)||(document.addEventListener(\"gform_main_scripts_loaded\",()=>{gform.scriptsLoaded=!0,gform.callIfLoaded(o)}),document.addEventListener(\"gform\/theme\/scripts_loaded\",()=>{gform.themeScriptsLoaded=!0,gform.callIfLoaded(o)}),window.addEventListener(\"DOMContentLoaded\",()=>{gform.domLoaded=!0,gform.callIfLoaded(o)}))},hooks:{action:{},filter:{}},addAction:function(o,r,e,t){gform.addHook(\"action\",o,r,e,t)},addFilter:function(o,r,e,t){gform.addHook(\"filter\",o,r,e,t)},doAction:function(o){gform.doHook(\"action\",o,arguments)},applyFilters:function(o){return gform.doHook(\"filter\",o,arguments)},removeAction:function(o,r){gform.removeHook(\"action\",o,r)},removeFilter:function(o,r,e){gform.removeHook(\"filter\",o,r,e)},addHook:function(o,r,e,t,n){null==gform.hooks[o][r]&&(gform.hooks[o][r]=[]);var d=gform.hooks[o][r];null==n&&(n=r+\"_\"+d.length),gform.hooks[o][r].push({tag:n,callable:e,priority:t=null==t?10:t})},doHook:function(r,o,e){var t;if(e=Array.prototype.slice.call(e,1),null!=gform.hooks[r][o]&&((o=gform.hooks[r][o]).sort(function(o,r){return o.priority-r.priority}),o.forEach(function(o){\"function\"!=typeof(t=o.callable)&&(t=window[t]),\"action\"==r?t.apply(null,e):e[0]=t.apply(null,e)})),\"filter\"==r)return e[0]},removeHook:function(o,r,t,n){var e;null!=gform.hooks[o][r]&&(e=(e=gform.hooks[o][r]).filter(function(o,r,e){return!!(null!=n&&n!=o.tag||null!=t&&t!=o.priority)}),gform.hooks[o][r]=e)}});\n\/* ]]> *\/\n<\/script>\n\n                <div class='gf_browser_gecko gform_wrapper gform_legacy_markup_wrapper gform-theme--no-framework' data-form-theme='legacy' data-form-index='0' id='gform_wrapper_3' ><div id='gf_3' class='gform_anchor' tabindex='-1'><\/div>\n                        <div class='gform_heading'>\n                            <p class='gform_description'><\/p>\n                        <\/div><form method='post' enctype='multipart\/form-data' target='gform_ajax_frame_3' id='gform_3'  action='\/de\/wp-json\/wp\/v2\/pages\/36030#gf_3' data-formid='3' novalidate><div class='gf_invisible ginput_recaptchav3' data-sitekey='6LfR2L0qAAAAAJSFYWMXX14jlgwUY9ji859GUuEU' data-tabindex='0'><input id=\"input_bfdac43ce5b88fb280a46e2b292cbf67\" class=\"gfield_recaptcha_response\" type=\"hidden\" name=\"input_bfdac43ce5b88fb280a46e2b292cbf67\" value=\"\"\/><\/div>\n                        <div class='gform-body gform_body'><ul id='gform_fields_3' class='gform_fields top_label form_sublabel_below description_below validation_below'><li id=\"field_3_1\" class=\"gfield gfield--type-textarea gfield_contains_required field_sublabel_below gfield--no-description field_description_below field_validation_below gfield_visibility_visible\"  ><label class='gfield_label gform-field-label' for='input_3_1'>Stellen Sie Ihre Frage<span class=\"gfield_required\"><span class=\"gfield_required gfield_required_asterisk\">*<\/span><\/span><\/label><div class='ginput_container ginput_container_textarea'><textarea name='input_1' id='input_3_1' class='textarea medium'     aria-required=\"true\" aria-invalid=\"false\"   rows='10' cols='50'><\/textarea><\/div><\/li><li id=\"field_3_5\" class=\"gfield gfield--type-select gfield_contains_required field_sublabel_below gfield--no-description field_description_below field_validation_below gfield_visibility_visible\"  ><label class='gfield_label gform-field-label' for='input_3_5'>Wo ist Ihr Standort?<span class=\"gfield_required\"><span class=\"gfield_required gfield_required_asterisk\">*<\/span><\/span><\/label><div class='ginput_container ginput_container_select'><select name='input_5' id='input_3_5' class='medium gfield_select'    aria-required=\"true\" aria-invalid=\"false\" ><option value='' selected='selected' class='gf_placeholder'>Bitte w\u00e4hlen Sie<\/option><option value='European Union' >European Union<\/option><option value='United Kingdom' >United Kingdom<\/option><option value='Andere' >Andere<\/option><\/select><\/div><\/li><li id=\"field_3_2\" class=\"gfield gfield--type-email gfield_contains_required field_sublabel_below gfield--no-description field_description_below field_validation_below gfield_visibility_visible\"  ><label class='gfield_label gform-field-label' for='input_3_2'>Email eintragen<span class=\"gfield_required\"><span class=\"gfield_required gfield_required_asterisk\">*<\/span><\/span><\/label><div class='ginput_container ginput_container_email'>\n                            <input name='input_2' id='input_3_2' type='email' value='' class='medium'    aria-required=\"true\" aria-invalid=\"false\"  \/>\n                        <\/div><\/li><li id=\"field_3_3\" class=\"gfield gfield--type-checkbox gfield--type-choice field_sublabel_below gfield--no-description field_description_below hidden_label field_validation_below gfield_visibility_visible\"  ><label class='gfield_label gform-field-label gfield_label_before_complex' >Ich m\u00f6chte monatliche Sonderangebote<\/label><div class='ginput_container ginput_container_checkbox'><ul class='gfield_checkbox' id='input_3_3'><li class='gchoice gchoice_3_3_1'>\n\t\t\t\t\t\t\t\t<input class='gfield-choice-input' name='input_3.1' type='checkbox'  value='Eintragen f\u00fcr monatliche Angebote'  id='choice_3_3_1'   \/>\n\t\t\t\t\t\t\t\t<label for='choice_3_3_1' id='label_3_3_1' class='gform-field-label gform-field-label--type-inline'>Eintragen f\u00fcr monatliche Angebote<\/label>\n\t\t\t\t\t\t\t<\/li><\/ul><\/div><\/li><\/ul><\/div>\n        <div class='gform-footer gform_footer top_label'> <input type='submit' id='gform_submit_button_3' class='gform_button button' onclick='gform.submission.handleButtonClick(this);' data-submission-type='submit' value='Einreichen'  \/> <input type='hidden' name='gform_ajax' value='form_id=3&amp;title=&amp;description=1&amp;tabindex=0&amp;theme=legacy&amp;styles=[]&amp;hash=babcf9274ba2841eccd105aed9010c8e' \/>\n            <input type='hidden' class='gform_hidden' name='gform_submission_method' data-js='gform_submission_method_3' value='iframe' \/>\n            <input type='hidden' class='gform_hidden' name='gform_theme' data-js='gform_theme_3' id='gform_theme_3' value='legacy' \/>\n            <input type='hidden' class='gform_hidden' name='gform_style_settings' data-js='gform_style_settings_3' id='gform_style_settings_3' value='[]' \/>\n            <input type='hidden' class='gform_hidden' name='is_submit_3' value='1' \/>\n            <input type='hidden' class='gform_hidden' name='gform_submit' value='3' \/>\n            \n            <input type='hidden' class='gform_hidden' name='gform_currency' data-currency='USD' value='6hYASSS\/4ybvxU64FHwAPlxUepy7BaYMMg7kKuZwE+dpd6F3moHbZrsmXDUmPRRBZfOYkccf8gfEeZI5ZYbpmMjTEfAk2Y8DiYInykq+jc1kxpY=' \/>\n            <input type='hidden' class='gform_hidden' name='gform_unique_id' value='' \/>\n            <input type='hidden' class='gform_hidden' name='state_3' value='WyJbXSIsImNmNTZjMzg1OGU2YmE2MzllMzNjZjE5Y2E3ZTA4OWE1Il0=' \/>\n            <input type='hidden' autocomplete='off' class='gform_hidden' name='gform_target_page_number_3' id='gform_target_page_number_3' value='0' \/>\n            <input type='hidden' autocomplete='off' class='gform_hidden' name='gform_source_page_number_3' id='gform_source_page_number_3' value='1' \/>\n            <input type='hidden' name='gform_field_values' value='' \/>\n            \n        <\/div>\n                        <\/form>\n                        <\/div>\n\t\t                <iframe style='display:none;width:0px;height:0px;' src='about:blank' name='gform_ajax_frame_3' id='gform_ajax_frame_3' title='Dieser iframe enth\u00e4lt die erforderliche Logik um Gravity Forms Formulare mit AJAX zu handhaben.'><\/iframe>\n\t\t                <script type=\"text\/javascript\">\n\/* <![CDATA[ *\/\n gform.initializeOnLoaded( function() {gformInitSpinner( 3, '\/wp-content\/uploads\/logo-transparent.png', true );jQuery('#gform_ajax_frame_3').on('load',function(){var contents = jQuery(this).contents().find('*').html();var is_postback = contents.indexOf('GF_AJAX_POSTBACK') >= 0;if(!is_postback){return;}var form_content = jQuery(this).contents().find('#gform_wrapper_3');var is_confirmation = jQuery(this).contents().find('#gform_confirmation_wrapper_3').length > 0;var is_redirect = contents.indexOf('gformRedirect(){') >= 0;var is_form = form_content.length > 0 && ! is_redirect && ! is_confirmation;var mt = parseInt(jQuery('html').css('margin-top'), 10) + parseInt(jQuery('body').css('margin-top'), 10) + 100;if(is_form){jQuery('#gform_wrapper_3').html(form_content.html());if(form_content.hasClass('gform_validation_error')){jQuery('#gform_wrapper_3').addClass('gform_validation_error');} else {jQuery('#gform_wrapper_3').removeClass('gform_validation_error');}setTimeout( function() { \/* delay the scroll by 50 milliseconds to fix a bug in chrome *\/ jQuery(document).scrollTop(jQuery('#gform_wrapper_3').offset().top - mt); }, 50 );if(window['gformInitDatepicker']) {gformInitDatepicker();}if(window['gformInitPriceFields']) {gformInitPriceFields();}var current_page = jQuery('#gform_source_page_number_3').val();gformInitSpinner( 3, '\/wp-content\/uploads\/logo-transparent.png', true );jQuery(document).trigger('gform_page_loaded', [3, current_page]);window['gf_submitting_3'] = false;}else if(!is_redirect){var confirmation_content = jQuery(this).contents().find('.GF_AJAX_POSTBACK').html();if(!confirmation_content){confirmation_content = contents;}jQuery('#gform_wrapper_3').replaceWith(confirmation_content);jQuery(document).scrollTop(jQuery('#gf_3').offset().top - mt);jQuery(document).trigger('gform_confirmation_loaded', [3]);window['gf_submitting_3'] = false;wp.a11y.speak(jQuery('#gform_confirmation_message_3').text());}else{jQuery('#gform_3').append(contents);if(window['gformRedirect']) {gformRedirect();}}jQuery(document).trigger(\"gform_pre_post_render\", [{ formId: \"3\", currentPage: \"current_page\", abort: function() { this.preventDefault(); } }]);        if (event && event.defaultPrevented) {                return;        }        const gformWrapperDiv = document.getElementById( \"gform_wrapper_3\" );        if ( gformWrapperDiv ) {            const visibilitySpan = document.createElement( \"span\" );            visibilitySpan.id = \"gform_visibility_test_3\";            gformWrapperDiv.insertAdjacentElement( \"afterend\", visibilitySpan );        }        const visibilityTestDiv = document.getElementById( \"gform_visibility_test_3\" );        let postRenderFired = false;        function triggerPostRender() {            if ( postRenderFired ) {                return;            }            postRenderFired = true;            gform.core.triggerPostRenderEvents( 3, current_page );            if ( visibilityTestDiv ) {                visibilityTestDiv.parentNode.removeChild( visibilityTestDiv );            }        }        function debounce( func, wait, immediate ) {            var timeout;            return function() {                var context = this, args = arguments;                var later = function() {                    timeout = null;                    if ( !immediate ) func.apply( context, args );                };                var callNow = immediate && !timeout;                clearTimeout( timeout );                timeout = setTimeout( later, wait );                if ( callNow ) func.apply( context, args );            };        }        const debouncedTriggerPostRender = debounce( function() {            triggerPostRender();        }, 200 );        if ( visibilityTestDiv && visibilityTestDiv.offsetParent === null ) {            const observer = new MutationObserver( ( mutations ) => {                mutations.forEach( ( mutation ) => {                    if ( mutation.type === 'attributes' && visibilityTestDiv.offsetParent !== null ) {                        debouncedTriggerPostRender();                        observer.disconnect();                    }                });            });            observer.observe( document.body, {                attributes: true,                childList: false,                subtree: true,                attributeFilter: [ 'style', 'class' ],            });        } else {            triggerPostRender();        }    } );} ); \n\/* ]]> *\/\n<\/script>\n\n\n\t\t<\/div>\n\t<\/div>\n<\/div><\/div><\/div><\/div><div class=\"vc_row wpb_row vc_row-fluid\"><div class=\"expert-headshots wpb_column vc_column_container vc_col-sm-12 azirspares_custom_60599b715316a\"><div class=\"vc_column-inner\"><div class=\"wpb_wrapper\">\n\t<div class=\"wpb_text_column wpb_content_element azirspares_custom_60599b715316b \" >\n\t\t<div class=\"wpb_wrapper\">\n\t\t\t<h3>Wer sind unsere Experten:<\/h3>\n<hr \/>\n<div class=\"expert_module\">\n<div class=\"expert\">\n<p><img loading=\"lazy\" decoding=\"async\" class=\"alignnone size-full wp-image-28946\" src=\"\/wp-content\/uploads\/heinrich.jpg\" alt=\"Heinrich Hermanus from Jerxheim in Germany has been working with Delta Kits since 2003.\" width=\"150\" height=\"150\" \/><\/p>\n<div class=\"expert_text\">\n<p><b>Heinrich:<\/b><br \/>\nHeinrich Hermanus aus Jerxheim in Deutschland arbeitet seit 2003 mit Delta Kits. Als zertifizierter Delta Kits Trainer hat er in den Jahren seit 2006 zahlreiche Personen darin unterwiesen, perfekte Steinschlag-Reparaturen auszuf\u00fchren. Als Delta Kits Vertriebspartner in Europa spricht er deutsch und englisch und leistet vielen Kunden und Anwendern wertvolle Dienste mit seinen klar formulierten Tipps und Anleitungen, ganz gleich ob telefonisch, per Mail-Verkehr oder vor Ort beim Kunden.<\/p>\n<\/div>\n<\/div>\n<div class=\"expert\">\n<p><img loading=\"lazy\" decoding=\"async\" class=\"alignnone size-full wp-image-10370\" src=\"https:\/\/www.deltakits.net\/wp-content\/uploads\/Delta_Kits_Expert_Graham_Watson.jpg\" alt=\"\" width=\"150\" height=\"150\" srcset=\"https:\/\/www.deltakits.net\/wp-content\/uploads\/Delta_Kits_Expert_Graham_Watson.jpg 150w, https:\/\/www.deltakits.net\/wp-content\/uploads\/Delta_Kits_Expert_Graham_Watson-100x100.jpg 100w\" sizes=\"auto, (max-width: 150px) 100vw, 150px\" \/><\/p>\n<div class=\"expert_text\">\n<p><b>Graham:<\/b><br \/>\nGraham Watson, ist einer der urspr\u00fcnglichen Novus-Techniker in Gro\u00dfbritannien seit 1988 und betreibt seitdem einen sehr erfolgreichen Autoglasreparatur-Service in Gro\u00dfbritannien. Im Jahr 2008 wurde Graham auf der Mobile Tech Expo zum Windschutzscheibenreparateur des Jahres ernannt, eine Auszeichnung, auf die er sehr stolz ist, da sie von seinen Branchenkollegen gew\u00e4hlt wird. In den letzten 10 Jahren war Watson in der Ausbildung von Technikern f\u00fcr die Reparaturbranche t\u00e4tig und hat sich auf die Weiterbildung von Technikern mit Vorerfahrung spezialisiert. In dieser Zeit hatte er das Gl\u00fcck, mit Menschen aus vielen verschiedenen L\u00e4ndern zu arbeiten. Seine Leidenschaft, anderen zu helfen, Reparaturen in bestm\u00f6glicher Qualit\u00e4t durchzuf\u00fchren, zeigt sich in der Zeit, die er damit verbringt, als Screenman in verschiedenen Fachforen Ratschl\u00e4ge zu geben.<\/p>\n<\/div>\n<\/div>\n<\/div>\n\n\t\t<\/div>\n\t<\/div>\n<\/div><\/div><\/div><\/div>\n<\/div>","protected":false},"excerpt":{"rendered":"ERHALTEN SIE EINE KOMPETENTE ANTWORT AUF IHRE PRODUKTBEZOGENEN FRAGEN: Stellen Sie Ihre Frage*Wo ist Ihr Standort?*Bitte w\u00e4hlen SieEuropean UnionUnited KingdomAndereEmail eintragen* Ich m\u00f6chte monatliche Sonderangebote Eintragen f\u00fcr monatliche Angebote Wer sind unsere Experten: Heinrich: Heinrich Hermanus aus Jerxheim in Deutschland arbeitet seit 2003 mit Delta Kits. Als zertifizierter Delta Kits Trainer hat er in den [...]","protected":false},"author":4660,"featured_media":21525,"parent":0,"menu_order":0,"comment_status":"closed","ping_status":"closed","template":"","meta":{"_acf_changed":false,"footnotes":""},"class_list":["post-36030","page","type-page","status-publish","has-post-thumbnail","hentry"],"acf":[],"yoast_head":"<!-- This site is optimized with the Yoast SEO plugin v27.0 - https:\/\/yoast.com\/product\/yoast-seo-wordpress\/ -->\n<title>Fragen Sie den Fachmann - Delta Kits<\/title>\n<meta name=\"robots\" content=\"index, follow, max-snippet:-1, max-image-preview:large, max-video-preview:-1\" \/>\n<link rel=\"canonical\" href=\"https:\/\/www.deltakits.net\/de\/ask-an-expert\/\" \/>\n<meta property=\"og:locale\" content=\"de_DE\" \/>\n<meta property=\"og:type\" content=\"article\" \/>\n<meta property=\"og:title\" content=\"Fragen Sie den Fachmann - Delta Kits\" \/>\n<meta property=\"og:url\" content=\"https:\/\/www.deltakits.net\/de\/ask-an-expert\/\" \/>\n<meta property=\"og:site_name\" content=\"Delta Kits\" \/>\n<meta property=\"og:image\" content=\"https:\/\/www.deltakits.net\/wp-content\/uploads\/dk-placeholder.png\" \/>\n\t<meta property=\"og:image:width\" content=\"440\" \/>\n\t<meta property=\"og:image:height\" content=\"393\" \/>\n\t<meta property=\"og:image:type\" content=\"image\/png\" \/>\n<meta name=\"twitter:card\" content=\"summary_large_image\" \/>\n<meta name=\"twitter:label1\" content=\"Gesch\u00e4tzte Lesezeit\" \/>\n\t<meta name=\"twitter:data1\" content=\"2\u00a0Minuten\" \/>\n<script type=\"application\/ld+json\" class=\"yoast-schema-graph\">{\"@context\":\"https:\/\/schema.org\",\"@graph\":[]}<\/script>\n<!-- \/ Yoast SEO plugin. -->","yoast_head_json":{"title":"Fragen Sie den Fachmann - Delta Kits","robots":{"index":"index","follow":"follow","max-snippet":"max-snippet:-1","max-image-preview":"max-image-preview:large","max-video-preview":"max-video-preview:-1"},"canonical":"https:\/\/www.deltakits.net\/de\/ask-an-expert\/","og_locale":"de_DE","og_type":"article","og_title":"Fragen Sie den Fachmann - Delta Kits","og_url":"https:\/\/www.deltakits.net\/de\/ask-an-expert\/","og_site_name":"Delta Kits","og_image":[{"width":440,"height":393,"url":"https:\/\/www.deltakits.net\/wp-content\/uploads\/dk-placeholder.png","type":"image\/png"}],"twitter_card":"summary_large_image","twitter_misc":{"Gesch\u00e4tzte Lesezeit":"2\u00a0Minuten"},"schema":{"@context":"https:\/\/schema.org","@graph":[]}},"_links":{"self":[{"href":"https:\/\/www.deltakits.net\/de\/wp-json\/wp\/v2\/pages\/36030","targetHints":{"allow":["GET"]}}],"collection":[{"href":"https:\/\/www.deltakits.net\/de\/wp-json\/wp\/v2\/pages"}],"about":[{"href":"https:\/\/www.deltakits.net\/de\/wp-json\/wp\/v2\/types\/page"}],"author":[{"embeddable":true,"href":"https:\/\/www.deltakits.net\/de\/wp-json\/wp\/v2\/users\/4660"}],"replies":[{"embeddable":true,"href":"https:\/\/www.deltakits.net\/de\/wp-json\/wp\/v2\/comments?post=36030"}],"version-history":[{"count":5,"href":"https:\/\/www.deltakits.net\/de\/wp-json\/wp\/v2\/pages\/36030\/revisions"}],"predecessor-version":[{"id":36407,"href":"https:\/\/www.deltakits.net\/de\/wp-json\/wp\/v2\/pages\/36030\/revisions\/36407"}],"wp:featuredmedia":[{"embeddable":true,"href":"https:\/\/www.deltakits.net\/de\/wp-json\/wp\/v2\/media\/21525"}],"wp:attachment":[{"href":"https:\/\/www.deltakits.net\/de\/wp-json\/wp\/v2\/media?parent=36030"}],"curies":[{"name":"wp","href":"https:\/\/api.w.org\/{rel}","templated":true}]}}